{"id":412046,"date":"2023-03-13T19:30:43","date_gmt":"2023-03-13T18:30:43","guid":{"rendered":"https:\/\/www.claret.cat\/llibre\/en-marcha-9788412586046\/"},"modified":"2023-10-11T03:49:17","modified_gmt":"2023-10-11T01:49:17","slug":"en-marcha-9788412586046","status":"publish","type":"product","link":"https:\/\/www.claret.cat\/es\/libro\/en-marcha-9788412586046\/","title":{"rendered":"\u00a1EN MARCHA!"},"content":{"rendered":"<p>\u00bfSabes c\u00f3mo se llaman estos veh\u00edculos? Este libro te lo ense\u00f1ar\u00e1 de una forma muy especial, porque\u2026 \u00a1las p\u00e1ginas dan vueltas! Gira la p\u00e1gina y combina la imagen con el nombre correcto. Conocer\u00e1s los medios de transporte de forma f\u00e1cil y divertida. \u00a1Ponte en marcha!<\/p>\n","protected":false},"excerpt":{"rendered":"<p>ZITO, FRANCESCO<\/p>\n","protected":false},"featured_media":412047,"template":"","meta":{"_acf_changed":false,"om_disable_all_campaigns":false,"rs_blank_template":"","rs_page_bg_color":"","slide_template_v7":"","inline_featured_image":false,"_monsterinsights_skip_tracking":false,"_monsterinsights_sitenote_active":false,"_monsterinsights_sitenote_note":"","_monsterinsights_sitenote_category":0},"product_brand":[],"product_cat":[131,361],"product_tag":[],"class_list":{"0":"post-412046","1":"product","2":"type-product","3":"status-publish","4":"has-post-thumbnail","6":"product_cat-contes-per-infants-0-6-anys","7":"product_cat-cuentos-para-ninos-0-6-anos","9":"first","10":"instock","11":"taxable","12":"shipping-taxable","13":"purchasable","14":"product-type-simple"},"acf":{"autor":"ZITO, FRANCESCO","codart":"841258604","libros-coleccion":"FORA DE COL.LECCI\u00d3","ediciones":"1","encuadernacion":"Carton\u00e9","fecha_de_publicacion":"01\/03\/2023","novedad":"1","paginas":"12","subtitulo":"","orden":"0","portada":"0","idioma":"spa","editorial":[{"ID":6262,"post_author":"3","post_date":"2022-07-28 17:48:26","post_date_gmt":"2022-07-28 15:48:26","post_content":"","post_title":"Gribaudo","post_excerpt":"","post_status":"publish","comment_status":"closed","ping_status":"closed","post_password":"","post_name":"gribaudo","to_ping":"","pinged":"","post_modified":"2022-07-28 17:48:26","post_modified_gmt":"2022-07-28 15:48:26","post_content_filtered":"","post_parent":0,"guid":"http:\/\/dev.claret.cat\/editorial\/gribaudo\/","menu_order":0,"post_type":"editorial","post_mime_type":"","comment_count":"0","filter":"raw"}],"autores-libros":[{"ID":303019,"post_author":"3","post_date":"2022-12-16 03:59:11","post_date_gmt":"2022-12-16 02:59:11","post_content":"","post_title":"FRANCESCO ZITO","post_excerpt":"","post_status":"publish","comment_status":"closed","ping_status":"closed","post_password":"","post_name":"francesco-zito","to_ping":"","pinged":"","post_modified":"2022-12-16 03:59:11","post_modified_gmt":"2022-12-16 02:59:11","post_content_filtered":"","post_parent":0,"guid":"http:\/\/dev.claret.cat\/autor\/francesco-zito\/","menu_order":0,"post_type":"autor","post_mime_type":"","comment_count":"0","filter":"raw"}]},"aioseo_notices":[],"_links":{"self":[{"href":"https:\/\/www.claret.cat\/es\/wp-json\/wp\/v2\/product\/412046","targetHints":{"allow":["GET"]}}],"collection":[{"href":"https:\/\/www.claret.cat\/es\/wp-json\/wp\/v2\/product"}],"about":[{"href":"https:\/\/www.claret.cat\/es\/wp-json\/wp\/v2\/types\/product"}],"wp:featuredmedia":[{"embeddable":true,"href":"https:\/\/www.claret.cat\/es\/wp-json\/wp\/v2\/media\/412047"}],"wp:attachment":[{"href":"https:\/\/www.claret.cat\/es\/wp-json\/wp\/v2\/media?parent=412046"}],"wp:term":[{"taxonomy":"product_brand","embeddable":true,"href":"https:\/\/www.claret.cat\/es\/wp-json\/wp\/v2\/product_brand?post=412046"},{"taxonomy":"product_cat","embeddable":true,"href":"https:\/\/www.claret.cat\/es\/wp-json\/wp\/v2\/product_cat?post=412046"},{"taxonomy":"product_tag","embeddable":true,"href":"https:\/\/www.claret.cat\/es\/wp-json\/wp\/v2\/product_tag?post=412046"}],"curies":[{"name":"wp","href":"https:\/\/api.w.org\/{rel}","templated":true}]}}