{"id":412279,"date":"2023-03-14T17:55:12","date_gmt":"2023-03-14T16:55:12","guid":{"rendered":"https:\/\/www.claret.cat\/llibre\/contes-de-primavera-de-lucia-mi-pediatra-9788413894188\/"},"modified":"2025-10-20T19:53:12","modified_gmt":"2025-10-20T17:53:12","slug":"contes-de-primavera-de-lucia-mi-pediatra-9788413894188","status":"publish","type":"product","link":"https:\/\/www.claret.cat\/es\/libro\/contes-de-primavera-de-lucia-mi-pediatra-9788413894188\/","title":{"rendered":"CONTES DE PRIMAVERA DE LUC\u00cdA, MI PEDIATRA"},"content":{"rendered":"<p>Arriba el quart t\u00edtol de la col\u00b7lecci\u00f3 estacional de Luc\u00eda, mi pediatra, per compartir amb els nostres petits i que entenguin millor com funciona el cos i la ment durant cada \u00e8poca de l&#8217;any.<br \/> Des de l&#8217;experi\u00e8ncia de la seva professi\u00f3 i la sensibilitat de la seva maternitat, Luc\u00eda Gal\u00e1n ha creat un recopilatori de contes per acompanyar als m\u00e9s petits durant el seu creixement. <br \/> Hola! S\u00f3c la Lola, i aqu\u00ed estic de nou amb el meu germ\u00e0 Toni i la nostra pediatra preferida per donar-li la benvinguda a la primavera.<br \/> Em piquen els ulls i el nas i no paro d&#8221;esternudar, per\u00f2 la Luc\u00eda, la meva pediatra, m&#8217;explica que durant aquesta estaci\u00f3 de l&#8221;any solen apar\u00e8ixer moltes al\u00b7l\u00e8rgies. Haur\u00e9 d&#8217;anar a l&#8217;al\u00b7lerg\u00f2loga, que em far\u00e0 unes proves, i tinc por perqu\u00e8 m&#8217;hauran de treure sang. S\u00e9 que el Toni m&#8217;ent\u00e9n, perqu\u00e8 amb la mare i el pare hem jugat al joc de les emocions i ell ha dit que va sentir el mateix quan el van vacunar. D&#8221;altra banda, estic s\u00faperfeli\u00e7 perqu\u00e8 me&#8217;n vaig d&#8217;excursi\u00f3 amb els meus companys de classe a un camp de nesprers. All\u00e0 ens expliquen com d&#8217;important \u00e9s cuidar la natura i\u2026 menjar fruita! Finalment, he sortit volant del tobogan i m&#8217;he trencat el bra\u00e7. La doctora m&#8217;ha posat un guix perqu\u00e8 els ossos s&#8217;ajuntin. A m\u00e9s, m&#8217;ha fet uns quants dibuixos i ha quedat molt xulo!<br \/> Luc\u00eda, mi pediatra, ens presenta cinc contes per compartir amb els nostres infants que els ajudaran a entendre millor com funcionen el cos i la ment durant la primavera\u2026 i durant tot l&#8217;any!<br \/> En aquest llibre trobar\u00e0s\u2026<\/p>\n<p> Un conte per explicar a les criatures qu\u00e8 s\u00f3n les al\u00b7l\u00e8rgies i, en aquest cas, per qu\u00e8 esternuden o se&#8217;ls irriten els ulls i el nas durant la primavera.<br \/> Un conte per explicar qu\u00e8 implica fer-se una anal\u00edtica i alguns trucs perqu\u00e8 afrontin aquest moment amb la m\u00e0xima serenitat possible. Un conte per aconseguir que els nostres fills i filles gaudeixin d&#8217;una millor salut mental en desenvolupar la seva intel\u00b7lig\u00e8ncia emocional.<br \/> Un conte per educar-los sobre la import\u00e0ncia de menjar fruita, i alhora animar-los a consumir productes de temporada i respectar la natura.<br \/> Un conte sobre com abordar que el teu fill o filla s&#8217;hagi trencat el bra\u00e7 i com n&#8217;\u00e9s d&#8217;important mantenir la calma i estar al seu costat incondicionalment.<br \/> Una secci\u00f3 a cada conte anomenada\u00a0I ara? En parlem?\u00a0amb una s\u00e8rie de preguntes dirigides als menuts per consolidar el que han apr\u00e8s i generar converses al voltant dels temes plantejats.<br \/> \u201cMissatges per emportar-se a casa\u201d dirigits a les fam\u00edlies amb una breu explicaci\u00f3 de cada dol\u00e8ncia o tema tractat.<\/p>\n<p> Motivar els nens a entendre els seus cossos i les seves emocions els ajuda a perdre la por d&#8217;anar al metge.<br \/> A partir de 3 anys.<br \/> T\u00edtols infantils de Luc\u00eda, mi pediatra:<br \/> &#8211; Contes d&#8217;estiu de Luc\u00eda, mi pediatra<br \/> &#8211; Contes de tardor de Luc\u00eda, mi pediatra<br \/> &#8211; Contes d&#8217;hivern de Luc\u00eda, mi pediatra<br \/> &#8211; Contes de primavera de Luc\u00eda, mi pediatra<\/p>\n","protected":false},"excerpt":{"rendered":"<p>GAL\u00c1N BERTRAND, LUC\u00cdA \/ APARICIO, N\u00daRIA<\/p>\n","protected":false},"featured_media":412280,"template":"","meta":{"_acf_changed":false,"om_disable_all_campaigns":false,"rs_blank_template":"","rs_page_bg_color":"","slide_template_v7":"","inline_featured_image":false,"_monsterinsights_skip_tracking":false,"_monsterinsights_sitenote_active":false,"_monsterinsights_sitenote_note":"","_monsterinsights_sitenote_category":0},"product_brand":[],"product_cat":[132,362],"product_tag":[],"class_list":{"0":"post-412279","1":"product","2":"type-product","3":"status-publish","4":"has-post-thumbnail","6":"product_cat-lectures-per-preadolescents-6-12-anys","7":"product_cat-libros-preadolescentes-6-12-anos","9":"first","10":"instock","11":"taxable","12":"shipping-taxable","13":"purchasable","14":"product-type-simple"},"acf":{"autor":"GAL\u00c1N BERTRAND, LUC\u00cdA \/ APARICIO, N\u00daRIA","codart":"841389418","libros-coleccion":"Contes","ediciones":"1","encuadernacion":"Carton\u00e9","fecha_de_publicacion":"01\/03\/2023","novedad":"1","paginas":"76","subtitulo":"","orden":"0","portada":"0","idioma":"cat","editorial":[{"ID":6249,"post_author":"3","post_date":"2022-07-28 17:48:09","post_date_gmt":"2022-07-28 15:48:09","post_content":"","post_title":"Estrella Polar","post_excerpt":"","post_status":"publish","comment_status":"closed","ping_status":"closed","post_password":"","post_name":"estrella-polar","to_ping":"","pinged":"","post_modified":"2022-07-28 17:48:09","post_modified_gmt":"2022-07-28 15:48:09","post_content_filtered":"","post_parent":0,"guid":"http:\/\/dev.claret.cat\/editorial\/estrella-polar\/","menu_order":0,"post_type":"editorial","post_mime_type":"","comment_count":"0","filter":"raw"}],"autores-libros":[{"ID":5745,"post_author":"3","post_date":"2022-07-28 17:30:33","post_date_gmt":"2022-07-28 15:30:33","post_content":"","post_title":"LUC\u00cdA GAL\u00c1N BERTRAND","post_excerpt":"","post_status":"publish","comment_status":"closed","ping_status":"closed","post_password":"","post_name":"lucia-galan-bertrand","to_ping":"","pinged":"","post_modified":"2022-07-28 17:30:33","post_modified_gmt":"2022-07-28 15:30:33","post_content_filtered":"","post_parent":0,"guid":"http:\/\/dev.claret.cat\/autor\/lucia-galan-bertrand\/","menu_order":0,"post_type":"autor","post_mime_type":"","comment_count":"0","filter":"raw"},{"ID":166005,"post_author":"3","post_date":"2022-10-14 17:59:40","post_date_gmt":"2022-10-14 15:59:40","post_content":"","post_title":"NURIA APARICIO","post_excerpt":"","post_status":"publish","comment_status":"closed","ping_status":"closed","post_password":"","post_name":"nuria-aparicio","to_ping":"","pinged":"","post_modified":"2022-10-14 17:59:40","post_modified_gmt":"2022-10-14 15:59:40","post_content_filtered":"","post_parent":0,"guid":"http:\/\/dev.claret.cat\/autor\/nuria-aparicio\/","menu_order":0,"post_type":"autor","post_mime_type":"","comment_count":"0","filter":"raw"}],"booktrailer":"","resenas":""},"aioseo_notices":[],"_links":{"self":[{"href":"https:\/\/www.claret.cat\/es\/wp-json\/wp\/v2\/product\/412279","targetHints":{"allow":["GET"]}}],"collection":[{"href":"https:\/\/www.claret.cat\/es\/wp-json\/wp\/v2\/product"}],"about":[{"href":"https:\/\/www.claret.cat\/es\/wp-json\/wp\/v2\/types\/product"}],"wp:featuredmedia":[{"embeddable":true,"href":"https:\/\/www.claret.cat\/es\/wp-json\/wp\/v2\/media\/412280"}],"wp:attachment":[{"href":"https:\/\/www.claret.cat\/es\/wp-json\/wp\/v2\/media?parent=412279"}],"wp:term":[{"taxonomy":"product_brand","embeddable":true,"href":"https:\/\/www.claret.cat\/es\/wp-json\/wp\/v2\/product_brand?post=412279"},{"taxonomy":"product_cat","embeddable":true,"href":"https:\/\/www.claret.cat\/es\/wp-json\/wp\/v2\/product_cat?post=412279"},{"taxonomy":"product_tag","embeddable":true,"href":"https:\/\/www.claret.cat\/es\/wp-json\/wp\/v2\/product_tag?post=412279"}],"curies":[{"name":"wp","href":"https:\/\/api.w.org\/{rel}","templated":true}]}}