{"id":412310,"date":"2023-03-14T18:20:02","date_gmt":"2023-03-14T17:20:02","guid":{"rendered":"https:\/\/www.claret.cat\/llibre\/sol-destiu-9788413892498\/"},"modified":"2025-10-20T19:54:07","modified_gmt":"2025-10-20T17:54:07","slug":"sol-destiu-9788413892498","status":"publish","type":"product","link":"https:\/\/www.claret.cat\/es\/libro\/sol-destiu-9788413892498\/","title":{"rendered":"SOL D&#8217;ESTIU"},"content":{"rendered":"<p>Un llibre de cartr\u00f3 ple d&#8217;estiu que s&#8217;obre 360\u00ba i que s&#8221;enganxa amb un velcro per mantenir-se dret. A cada doble p\u00e0gina trobareu una escena diferent per descobrir aquesta \u00e8poca de l&#8217;any amb les criatures.<br \/> A l&#8217;estiu brilla el sol amb for\u00e7a i ens protegim amb barrets, ulleres i crema de protecci\u00f3 solar. Els dies s\u00f3n molt llargs, fa calor i ens refresquem a la platja, a la piscina, al jard\u00ed\u2026 El bosc est\u00e0 molt actiu, i els fruits maduren als arbres. Mengem tom\u00e0quet, enciam, pastanagues, cogombre, s\u00edndria, mel\u00f3, prunes i pr\u00e9ssec. Marxem de vacances. Juguem a la platja, al riu&#8230; i prenem un gelat.<br \/> Un llibre estiuenc i inspirador per con\u00e8ixer els ritmes de l&#8217;any, il\u00b7lustrat per Marisa Morea.<br \/> El pas del temps i les estacions s\u00f3n temes estrella a preescolar perqu\u00e8 les criatures entenguin els cicles de la natura. S\u00f3n molt afins a les pedagogies Waldorf i Montessori. Aquests llibres s\u00f3n perfectes per col\u00b7locar a taules d&#8217;estaci\u00f3 tant a casa com a l&#8217;escola.<br \/> El contingut \u00e9s quotidi\u00e0 per a les criatures: el temps atmosf\u00e8ric i com ens vestim, les activitats que fem, les fruites i verdures de temporada i qu\u00e8 passa al bosc a l&#8217;estiu.<br \/> Recomanat a partir d&#8217;1 any.<\/p>\n","protected":false},"excerpt":{"rendered":"<p>MOREA, MARISA<\/p>\n","protected":false},"featured_media":412311,"template":"","meta":{"_acf_changed":false,"om_disable_all_campaigns":false,"rs_blank_template":"","rs_page_bg_color":"","slide_template_v7":"","inline_featured_image":false,"_monsterinsights_skip_tracking":false,"_monsterinsights_sitenote_active":false,"_monsterinsights_sitenote_note":"","_monsterinsights_sitenote_category":0},"product_brand":[],"product_cat":[131,361],"product_tag":[],"class_list":{"0":"post-412310","1":"product","2":"type-product","3":"status-publish","4":"has-post-thumbnail","6":"product_cat-contes-per-infants-0-6-anys","7":"product_cat-cuentos-para-ninos-0-6-anos","9":"first","10":"instock","11":"taxable","12":"shipping-taxable","13":"purchasable","14":"product-type-simple"},"acf":{"autor":"MOREA, MARISA","codart":"841389249","libros-coleccion":"FORA DE COL.LECCI\u00d3","ediciones":"1","encuadernacion":"Carpeta","fecha_de_publicacion":"01\/03\/2023","novedad":"1","paginas":"8","subtitulo":"","orden":"0","portada":"0","idioma":"cat","editorial":[{"ID":6249,"post_author":"3","post_date":"2022-07-28 17:48:09","post_date_gmt":"2022-07-28 15:48:09","post_content":"","post_title":"Estrella Polar","post_excerpt":"","post_status":"publish","comment_status":"closed","ping_status":"closed","post_password":"","post_name":"estrella-polar","to_ping":"","pinged":"","post_modified":"2022-07-28 17:48:09","post_modified_gmt":"2022-07-28 15:48:09","post_content_filtered":"","post_parent":0,"guid":"http:\/\/dev.claret.cat\/editorial\/estrella-polar\/","menu_order":0,"post_type":"editorial","post_mime_type":"","comment_count":"0","filter":"raw"}],"autores-libros":[{"ID":5812,"post_author":"3","post_date":"2022-07-28 17:32:00","post_date_gmt":"2022-07-28 15:32:00","post_content":"","post_title":"MARISA MOREA","post_excerpt":"","post_status":"publish","comment_status":"closed","ping_status":"closed","post_password":"","post_name":"marisa-morea","to_ping":"","pinged":"","post_modified":"2022-07-28 17:32:00","post_modified_gmt":"2022-07-28 15:32:00","post_content_filtered":"","post_parent":0,"guid":"http:\/\/dev.claret.cat\/autor\/marisa-morea\/","menu_order":0,"post_type":"autor","post_mime_type":"","comment_count":"0","filter":"raw"}],"booktrailer":"","resenas":""},"aioseo_notices":[],"_links":{"self":[{"href":"https:\/\/www.claret.cat\/es\/wp-json\/wp\/v2\/product\/412310","targetHints":{"allow":["GET"]}}],"collection":[{"href":"https:\/\/www.claret.cat\/es\/wp-json\/wp\/v2\/product"}],"about":[{"href":"https:\/\/www.claret.cat\/es\/wp-json\/wp\/v2\/types\/product"}],"wp:featuredmedia":[{"embeddable":true,"href":"https:\/\/www.claret.cat\/es\/wp-json\/wp\/v2\/media\/412311"}],"wp:attachment":[{"href":"https:\/\/www.claret.cat\/es\/wp-json\/wp\/v2\/media?parent=412310"}],"wp:term":[{"taxonomy":"product_brand","embeddable":true,"href":"https:\/\/www.claret.cat\/es\/wp-json\/wp\/v2\/product_brand?post=412310"},{"taxonomy":"product_cat","embeddable":true,"href":"https:\/\/www.claret.cat\/es\/wp-json\/wp\/v2\/product_cat?post=412310"},{"taxonomy":"product_tag","embeddable":true,"href":"https:\/\/www.claret.cat\/es\/wp-json\/wp\/v2\/product_tag?post=412310"}],"curies":[{"name":"wp","href":"https:\/\/api.w.org\/{rel}","templated":true}]}}