{"id":41238,"date":"2022-10-02T19:37:46","date_gmt":"2022-10-02T17:37:46","guid":{"rendered":"http:\/\/dev.claret.cat\/producte\/la-primavera-2\/"},"modified":"2023-01-28T15:19:37","modified_gmt":"2023-01-28T14:19:37","slug":"la-primavera-9788418427510","status":"publish","type":"product","link":"https:\/\/www.claret.cat\/es\/libro\/la-primavera-9788418427510\/","title":{"rendered":"LA PRIMAVERA"},"content":{"rendered":"<p>Leer es f\u00e1cil es una colecci\u00f3n de peque\u00f1os libros para ni\u00f1os y ni\u00f1as que se est\u00e1n iniciando en el aprendizaje de la lectura, y tambi\u00e9n para aquellos que, por d\u00e9ficit de atenci\u00f3n, inmadurez o bloqueo, manifiestan poca motivaci\u00f3n para este aprendizaje.<br \/> Tiene como objetivo fomentar la comprensi\u00f3n lectora, la confianza y la ilusi\u00f3n por aprender a leer. Las estructuras repetitivas de las frases, con el apoyo de los dibujos, aportan seguridad al ni\u00f1o o ni\u00f1a y le ayudan a avanzar en su aprendizaje.<br \/> Este libro tiene dos tipos de letra, may\u00fascula y seguida, para ser le\u00eddo en dos direcciones de manera independiente, de modo que podamos elegir en cu\u00e1l de las dos opciones lo queremos leer.<br \/> As\u00ed, en primer lugar, elegimos el tipo de letra con la que lo queremos leer, ya sea may\u00fascula o seguida. Por un lado, encontraremos el cuento en letra may\u00fascula y, si le damos la vuelta, lo tendremos en letra seguida, o al rev\u00e9s.<\/p>\n","protected":false},"excerpt":{"rendered":"<p>CUBINS\u00c0 ADSUAR, N\u00daRIA<\/p>\n","protected":false},"featured_media":57569,"template":"","meta":{"_acf_changed":false,"om_disable_all_campaigns":false,"rs_blank_template":"","rs_page_bg_color":"","slide_template_v7":"","inline_featured_image":false,"_monsterinsights_skip_tracking":false,"_monsterinsights_sitenote_active":false,"_monsterinsights_sitenote_note":"","_monsterinsights_sitenote_category":0},"product_brand":[],"product_cat":[131],"product_tag":[],"class_list":{"0":"post-41238","1":"product","2":"type-product","3":"status-publish","4":"has-post-thumbnail","6":"product_cat-contes-per-infants-0-6-anys","8":"first","9":"instock","10":"taxable","11":"shipping-taxable","12":"purchasable","13":"product-type-simple"},"acf":{"autor":"CUBINS\u00c0 ADSUAR, N\u00daRIA","codart":"841842751","libros-coleccion":"FORA DE COL.LECCI\u00d3","ediciones":"1","encuadernacion":"R\u00fastica","fecha_de_publicacion":"01\/10\/2021","novedad":"1","paginas":"26","subtitulo":"LEER ES F\u00c1CIL","orden":"0","portada":"0","idioma":"spa","editorial":[{"ID":148775,"post_author":"3","post_date":"2022-10-14 12:00:53","post_date_gmt":"2022-10-14 10:00:53","post_content":"","post_title":"Salvatella","post_excerpt":"","post_status":"publish","comment_status":"closed","ping_status":"closed","post_password":"","post_name":"salvatella","to_ping":"","pinged":"","post_modified":"2022-10-14 12:00:53","post_modified_gmt":"2022-10-14 10:00:53","post_content_filtered":"","post_parent":0,"guid":"http:\/\/dev.claret.cat\/editorial\/salvatella\/","menu_order":0,"post_type":"editorial","post_mime_type":"","comment_count":"0","filter":"raw"}],"autores-libros":[{"ID":166025,"post_author":"3","post_date":"2022-10-14 17:59:49","post_date_gmt":"2022-10-14 15:59:49","post_content":"","post_title":"N\u00daRIA CUBINS\u00c0 ADSUAR","post_excerpt":"","post_status":"publish","comment_status":"closed","ping_status":"closed","post_password":"","post_name":"nuria-cubinsa-adsuar","to_ping":"","pinged":"","post_modified":"2022-10-14 17:59:49","post_modified_gmt":"2022-10-14 15:59:49","post_content_filtered":"","post_parent":0,"guid":"http:\/\/dev.claret.cat\/autor\/nuria-cubinsa-adsuar\/","menu_order":0,"post_type":"autor","post_mime_type":"","comment_count":"0","filter":"raw"}]},"aioseo_notices":[],"_links":{"self":[{"href":"https:\/\/www.claret.cat\/es\/wp-json\/wp\/v2\/product\/41238","targetHints":{"allow":["GET"]}}],"collection":[{"href":"https:\/\/www.claret.cat\/es\/wp-json\/wp\/v2\/product"}],"about":[{"href":"https:\/\/www.claret.cat\/es\/wp-json\/wp\/v2\/types\/product"}],"wp:featuredmedia":[{"embeddable":true,"href":"https:\/\/www.claret.cat\/es\/wp-json\/wp\/v2\/media\/57569"}],"wp:attachment":[{"href":"https:\/\/www.claret.cat\/es\/wp-json\/wp\/v2\/media?parent=41238"}],"wp:term":[{"taxonomy":"product_brand","embeddable":true,"href":"https:\/\/www.claret.cat\/es\/wp-json\/wp\/v2\/product_brand?post=41238"},{"taxonomy":"product_cat","embeddable":true,"href":"https:\/\/www.claret.cat\/es\/wp-json\/wp\/v2\/product_cat?post=41238"},{"taxonomy":"product_tag","embeddable":true,"href":"https:\/\/www.claret.cat\/es\/wp-json\/wp\/v2\/product_tag?post=41238"}],"curies":[{"name":"wp","href":"https:\/\/api.w.org\/{rel}","templated":true}]}}