{"id":412413,"date":"2023-03-15T13:30:20","date_gmt":"2023-03-15T12:30:20","guid":{"rendered":"https:\/\/www.claret.cat\/llibre\/cuentos-de-primavera-de-lucia-mi-pediatra-9788408264972\/"},"modified":"2023-10-11T03:44:58","modified_gmt":"2023-10-11T01:44:58","slug":"cuentos-de-primavera-de-lucia-mi-pediatra-9788408264972","status":"publish","type":"product","link":"https:\/\/www.claret.cat\/es\/libro\/cuentos-de-primavera-de-lucia-mi-pediatra-9788408264972\/","title":{"rendered":"CUENTOS DE PRIMAVERA DE LUC\u00cdA, MI PEDIATRA"},"content":{"rendered":"<p>Llega el cuarto t\u00edtulo de la colecci\u00f3n estacional de Luc\u00eda, mi pediatra, para compartir con nuestros peques y que entiendan mejor c\u00f3mo funciona su cuerpo y su mente durante cada \u00e9poca del a\u00f1o.<br \/> Desde la experiencia de su profesio\u00b4n y la sensibilidad de su maternidad, Luci\u00b4a Gala\u00b4n ha creado un recopilatorio de cuentos para acompan~ar a los ma\u00b4s pequen~os en su desarrollo.<br \/> \u00a1Hola! Soy Lola, y aqu\u00ed estoy de nuevo con mi hermano Toni y nuestra pediatra favorita, Luc\u00eda, para darle la bienvenida a la primavera.<br \/> Me pican los ojos y la nariz y no paro de estornudar, pero Luc\u00eda, mi pediatra, me explica que en esta estaci\u00f3n suelen aparecer muchas alergias. Tendr\u00e9 que ir a la alerg\u00f3loga, que me har\u00e1 unas pruebas, tengo miedo porque me tendr\u00e1n que sacar sangre. S\u00e9 que Toni me entiende, porque con mam\u00e1 y pap\u00e1 hemos jugado al juego de las emociones y \u00e9l ha dicho que sinti\u00f3 lo mismo cuando lo vacunaron. Por otro lado, estoy s\u00faper feliz porque me voy de excursi\u00f3n con mis compis de clase a un campo de n\u00edsperos. All\u00ed nos explican lo importante que es cuidar la naturaleza y\u2026 \u00a1comer fruta! Por \u00faltimo, he salido volando del tobog\u00e1n y me he roto el brazo.\u00a0La doctora me ha puesto una escayola para que los huesos se junten. Adem\u00e1s, me ha dibujado en ella y \u00a1ha quedado muy chula!<br \/> Luc\u00eda, mi pediatra, nos presenta cinco cuentos para compartir con nuestros peques y que entiendan mejor c\u00f3mo funcionan su cuerpo y su mente durante la primavera\u2026 \u00a1y durante todo el a\u00f1o!<br \/> En este libro encontrar\u00e1s\u2026<\/p>\n<p> Un cuento para explicar a las criaturas qu\u00e9 son las alergias y, en este caso, por qu\u00e9 estornudan o se les irritan los ojos y la nariz durante la primavera.<br \/> Un cuento para explicar qu\u00e9 implica hacerse una anal\u00edtica y algunos trucos para que afronten este momento con la mayor serenidad posible.<br \/> Un cuento para lograr que nuestros hijos e hijas gocen de una mejor salud mental al desarrollar su inteligencia emocional.<br \/> Un cuento para educarlos sobre la importancia de comer fruta, y a la vez tambi\u00e9n animarlos a consumir productos de temporada y respetar la naturaleza.<br \/> Un cuento sobre c\u00f3mo abordar que tu hijo o hija se haya roto el brazo y lo importante que es mantener la calma y estar a su lado incondicionalmente.<br \/> Adem\u00e1s, cada cuento contiene la secci\u00f3n \u00bfY ahora? \u00bfHablamos? En la que los peques podr\u00e1n consolidar lo que han aprendido. Incluye una serie de preguntas para generar conversaciones alrededor de los temas planteados.<br \/> \u00a0\u201cMensajes para llevarse a casa\u201d dirigidos a las familias con una breve explicaci\u00f3n de cada dolencia o tema tratado.<\/p>\n<p> Motivar a los peques a entender sus cuerpos y sus emociones puede\u00a0ayudarles a perder el miedo a acudir al m\u00e9dico.<br \/> T\u00edtulos infantiles de Luc\u00eda, mi pediatra: <br \/> &#8211; Cuentos de Luc\u00eda, mi pediatra<br \/> &#8211; Cuentos de Luc\u00eda, mi pediatra 2<br \/> &#8211; Cuentos de verano de Luc\u00eda, mi pediatra<br \/> &#8211; Cuentos de oto\u00f1o de Luc\u00eda, mi pediatra<br \/> &#8211; Cuentos de invierno de Luc\u00eda, mi pediatra<br \/> &#8211; Cuentos de primavera de Luc\u00eda, mi pediatra<\/p>\n","protected":false},"excerpt":{"rendered":"<p>GAL\u00c1N BERTRAND, LUC\u00cdA \/ APARICIO, N\u00daRIA<\/p>\n","protected":false},"featured_media":412414,"template":"","meta":{"_acf_changed":false,"om_disable_all_campaigns":false,"rs_blank_template":"","rs_page_bg_color":"","slide_template_v7":"","inline_featured_image":false,"_monsterinsights_skip_tracking":false,"_monsterinsights_sitenote_active":false,"_monsterinsights_sitenote_note":"","_monsterinsights_sitenote_category":0},"product_brand":[],"product_cat":[131,132,361,362],"product_tag":[],"class_list":{"0":"post-412413","1":"product","2":"type-product","3":"status-publish","4":"has-post-thumbnail","6":"product_cat-contes-per-infants-0-6-anys","7":"product_cat-lectures-per-preadolescents-6-12-anys","8":"product_cat-cuentos-para-ninos-0-6-anos","9":"product_cat-libros-preadolescentes-6-12-anos","11":"first","12":"instock","13":"taxable","14":"shipping-taxable","15":"purchasable","16":"product-type-simple"},"acf":{"autor":"GAL\u00c1N BERTRAND, LUC\u00cdA \/ APARICIO, N\u00daRIA","codart":"840826497","libros-coleccion":"Recopilatorios de cuentos de hoy","ediciones":"1","encuadernacion":"Carton\u00e9","fecha_de_publicacion":"01\/03\/2023","novedad":"1","paginas":"76","subtitulo":"","orden":"0","portada":"0","idioma":"spa","editorial":[{"ID":6233,"post_author":"3","post_date":"2022-07-28 17:47:48","post_date_gmt":"2022-07-28 15:47:48","post_content":"","post_title":"EDITORIAL PLANETA","post_excerpt":"","post_status":"publish","comment_status":"closed","ping_status":"closed","post_password":"","post_name":"editorial-planeta","to_ping":"","pinged":"","post_modified":"2022-07-28 17:47:48","post_modified_gmt":"2022-07-28 15:47:48","post_content_filtered":"","post_parent":0,"guid":"http:\/\/dev.claret.cat\/editorial\/editorial-planeta\/","menu_order":0,"post_type":"editorial","post_mime_type":"","comment_count":"0","filter":"raw"}],"autores-libros":[{"ID":5745,"post_author":"3","post_date":"2022-07-28 17:30:33","post_date_gmt":"2022-07-28 15:30:33","post_content":"","post_title":"LUC\u00cdA GAL\u00c1N BERTRAND","post_excerpt":"","post_status":"publish","comment_status":"closed","ping_status":"closed","post_password":"","post_name":"lucia-galan-bertrand","to_ping":"","pinged":"","post_modified":"2022-07-28 17:30:33","post_modified_gmt":"2022-07-28 15:30:33","post_content_filtered":"","post_parent":0,"guid":"http:\/\/dev.claret.cat\/autor\/lucia-galan-bertrand\/","menu_order":0,"post_type":"autor","post_mime_type":"","comment_count":"0","filter":"raw"},{"ID":166005,"post_author":"3","post_date":"2022-10-14 17:59:40","post_date_gmt":"2022-10-14 15:59:40","post_content":"","post_title":"NURIA APARICIO","post_excerpt":"","post_status":"publish","comment_status":"closed","ping_status":"closed","post_password":"","post_name":"nuria-aparicio","to_ping":"","pinged":"","post_modified":"2022-10-14 17:59:40","post_modified_gmt":"2022-10-14 15:59:40","post_content_filtered":"","post_parent":0,"guid":"http:\/\/dev.claret.cat\/autor\/nuria-aparicio\/","menu_order":0,"post_type":"autor","post_mime_type":"","comment_count":"0","filter":"raw"}]},"aioseo_notices":[],"_links":{"self":[{"href":"https:\/\/www.claret.cat\/es\/wp-json\/wp\/v2\/product\/412413","targetHints":{"allow":["GET"]}}],"collection":[{"href":"https:\/\/www.claret.cat\/es\/wp-json\/wp\/v2\/product"}],"about":[{"href":"https:\/\/www.claret.cat\/es\/wp-json\/wp\/v2\/types\/product"}],"wp:featuredmedia":[{"embeddable":true,"href":"https:\/\/www.claret.cat\/es\/wp-json\/wp\/v2\/media\/412414"}],"wp:attachment":[{"href":"https:\/\/www.claret.cat\/es\/wp-json\/wp\/v2\/media?parent=412413"}],"wp:term":[{"taxonomy":"product_brand","embeddable":true,"href":"https:\/\/www.claret.cat\/es\/wp-json\/wp\/v2\/product_brand?post=412413"},{"taxonomy":"product_cat","embeddable":true,"href":"https:\/\/www.claret.cat\/es\/wp-json\/wp\/v2\/product_cat?post=412413"},{"taxonomy":"product_tag","embeddable":true,"href":"https:\/\/www.claret.cat\/es\/wp-json\/wp\/v2\/product_tag?post=412413"}],"curies":[{"name":"wp","href":"https:\/\/api.w.org\/{rel}","templated":true}]}}