{"id":412423,"date":"2023-03-15T13:35:30","date_gmt":"2023-03-15T12:35:30","guid":{"rendered":"https:\/\/www.claret.cat\/llibre\/comunion-9788449340604\/"},"modified":"2023-10-11T03:44:51","modified_gmt":"2023-10-11T01:44:51","slug":"comunion-9788449340604","status":"publish","type":"product","link":"https:\/\/www.claret.cat\/es\/libro\/comunion-9788449340604\/","title":{"rendered":"COMUNI\u00d3N"},"content":{"rendered":"<p>\u00cdntima, reveladora y provocadora, Comuni\u00f3n es una obra que desaf\u00eda a todas las mujeres a que asumamos el valor de reclamar la b\u00fasqueda del amor como el viaje heroico que todas debemos escoger para liberarnos de verdad.<br \/> Con su caracter\u00edstico lenguaje dominante y l\u00facido, hooks explora las formas en que el movimiento feminista, la incorporaci\u00f3n de las mujeres al mundo laboral y la cultura de la autoayuda han modificado las ideas sobre las mujeres y el amor, y revela c\u00f3mo las mujeres, independientemente de su edad, pueden llevar el amor a todos los aspectos de sus vidas, a lo largo de toda su vida.<br \/> Comuni\u00f3n es la conversaci\u00f3n sincera que toda mujer \u2014madre, hija, amiga y amante\u2014 necesita tener.<\/p>\n","protected":false},"excerpt":{"rendered":"<p>BELL HOOKS<\/p>\n","protected":false},"featured_media":412424,"template":"","meta":{"_acf_changed":false,"om_disable_all_campaigns":false,"rs_blank_template":"","rs_page_bg_color":"","slide_template_v7":"","inline_featured_image":false,"_monsterinsights_skip_tracking":false,"_monsterinsights_sitenote_active":false,"_monsterinsights_sitenote_note":"","_monsterinsights_sitenote_category":0},"product_brand":[],"product_cat":[376,178,160,371],"product_tag":[],"class_list":{"0":"post-412423","1":"product","2":"type-product","3":"status-publish","4":"has-post-thumbnail","6":"product_cat-autores-psicologia-2_humanidades","7":"product_cat-autors-psicologia","8":"product_cat-teoria-i-models","9":"product_cat-teoria-y-modelos","11":"first","12":"instock","13":"taxable","14":"shipping-taxable","15":"purchasable","16":"product-type-simple"},"acf":{"autor":"BELL HOOKS","codart":"844934060","libros-coleccion":"Contextos","ediciones":"1","encuadernacion":"R\u00fastica","fecha_de_publicacion":"01\/03\/2023","novedad":"1","paginas":"224","subtitulo":"LA B\u00daSQUEDA FEMENINA DEL AMOR","orden":"0","portada":"0","idioma":"spa","editorial":[{"ID":6206,"post_author":"3","post_date":"2022-07-28 17:47:08","post_date_gmt":"2022-07-28 15:47:08","post_content":"","post_title":"Ediciones Paid\u00f3s","post_excerpt":"","post_status":"publish","comment_status":"closed","ping_status":"closed","post_password":"","post_name":"ediciones-paidos","to_ping":"","pinged":"","post_modified":"2022-07-28 17:47:08","post_modified_gmt":"2022-07-28 15:47:08","post_content_filtered":"","post_parent":0,"guid":"http:\/\/dev.claret.cat\/editorial\/ediciones-paidos\/","menu_order":0,"post_type":"editorial","post_mime_type":"","comment_count":"0","filter":"raw"}],"autores-libros":[{"ID":151512,"post_author":"3","post_date":"2022-10-14 14:41:28","post_date_gmt":"2022-10-14 12:41:28","post_content":"","post_title":"BELL HOOKS","post_excerpt":"","post_status":"publish","comment_status":"closed","ping_status":"closed","post_password":"","post_name":"bell-hooks","to_ping":"","pinged":"","post_modified":"2022-10-14 14:41:28","post_modified_gmt":"2022-10-14 12:41:28","post_content_filtered":"","post_parent":0,"guid":"http:\/\/dev.claret.cat\/autor\/bell-hooks\/","menu_order":0,"post_type":"autor","post_mime_type":"","comment_count":"0","filter":"raw"}]},"aioseo_notices":[],"_links":{"self":[{"href":"https:\/\/www.claret.cat\/es\/wp-json\/wp\/v2\/product\/412423","targetHints":{"allow":["GET"]}}],"collection":[{"href":"https:\/\/www.claret.cat\/es\/wp-json\/wp\/v2\/product"}],"about":[{"href":"https:\/\/www.claret.cat\/es\/wp-json\/wp\/v2\/types\/product"}],"wp:featuredmedia":[{"embeddable":true,"href":"https:\/\/www.claret.cat\/es\/wp-json\/wp\/v2\/media\/412424"}],"wp:attachment":[{"href":"https:\/\/www.claret.cat\/es\/wp-json\/wp\/v2\/media?parent=412423"}],"wp:term":[{"taxonomy":"product_brand","embeddable":true,"href":"https:\/\/www.claret.cat\/es\/wp-json\/wp\/v2\/product_brand?post=412423"},{"taxonomy":"product_cat","embeddable":true,"href":"https:\/\/www.claret.cat\/es\/wp-json\/wp\/v2\/product_cat?post=412423"},{"taxonomy":"product_tag","embeddable":true,"href":"https:\/\/www.claret.cat\/es\/wp-json\/wp\/v2\/product_tag?post=412423"}],"curies":[{"name":"wp","href":"https:\/\/api.w.org\/{rel}","templated":true}]}}