{"id":412441,"date":"2023-03-15T13:40:02","date_gmt":"2023-03-15T12:40:02","guid":{"rendered":"https:\/\/www.claret.cat\/llibre\/sol-de-verano-9788408255680\/"},"modified":"2023-10-11T03:44:38","modified_gmt":"2023-10-11T01:44:38","slug":"sol-de-verano-9788408255680","status":"publish","type":"product","link":"https:\/\/www.claret.cat\/es\/libro\/sol-de-verano-9788408255680\/","title":{"rendered":"SOL DE VERANO"},"content":{"rendered":"<p>Un libro de cart\u00f3n repleto de verano que se abre 360\u00ba y al pegarse con un velcro se mantiene de pie. En cada doble p\u00e1gina encontrar\u00e1s una escena distinta para descubrir esta \u00e9poca del a\u00f1o con las criaturas.<br \/> En verano brilla el sol con fuerza y nos protegemos con sombreros, gafas y crema de protecci\u00f3n solar. Los d\u00edas son muy largos, hace calor y nos refrescamos en la playa, en la piscina, en el jard\u00edn\u2026 El bosque est\u00e1 muy activo, y los frutos maduran en los \u00e1rboles. Comemos tomate, lechuga, zanahorias, pepino,\u00a0sand\u00eda, mel\u00f3n,\u00a0ciruelas y\u00a0melocot\u00f3n. Nos vamos de vacaciones. Jugamos en la playa, en el r\u00edo&#8230; y tomamos un helado.<br \/> Un libro veraniego\u00a0e inspirador para conocer los ritmos del a\u00f1o ilustrado por Marisa Morea.<br \/> El\u00a0paso del tiempo\u00a0y\u00a0las estaciones\u00a0son\u00a0temas estrella en preescolar\u00a0para que las criaturas entiendan los\u00a0ciclos de la naturaleza. Son muy afines a las pedagog\u00edas Waldorf y Montessori. Estos libros son perfectos para colocar en mesas de estaci\u00f3n tanto en\u00a0casa\u00a0como en el\u00a0colegio.<br \/> El\u00a0contenido\u00a0es\u00a0cotidiano\u00a0para las criaturas: el tiempo atmosf\u00e9rico y c\u00f3mo nos vestimos, las actividades que hacemos, las frutas y verduras de temporada y qu\u00e9 sucede en el bosque en verano.<br \/> Recomendado a partir de 1 a\u00f1o.<\/p>\n","protected":false},"excerpt":{"rendered":"<p>MOREA, MARISA<\/p>\n","protected":false},"featured_media":412442,"template":"","meta":{"_acf_changed":false,"om_disable_all_campaigns":false,"rs_blank_template":"","rs_page_bg_color":"","slide_template_v7":"","inline_featured_image":false,"_monsterinsights_skip_tracking":false,"_monsterinsights_sitenote_active":false,"_monsterinsights_sitenote_note":"","_monsterinsights_sitenote_category":0},"product_brand":[],"product_cat":[131,361],"product_tag":[],"class_list":{"0":"post-412441","1":"product","2":"type-product","3":"status-publish","4":"has-post-thumbnail","6":"product_cat-contes-per-infants-0-6-anys","7":"product_cat-cuentos-para-ninos-0-6-anos","9":"first","10":"instock","11":"taxable","12":"shipping-taxable","13":"purchasable","14":"product-type-simple"},"acf":{"autor":"MOREA, MARISA","codart":"840825568","libros-coleccion":"FORA DE COL.LECCI\u00d3","ediciones":"1","encuadernacion":"Carton\u00e9","fecha_de_publicacion":"01\/03\/2023","novedad":"1","paginas":"8","subtitulo":"","orden":"0","portada":"0","idioma":"spa","editorial":[{"ID":6233,"post_author":"3","post_date":"2022-07-28 17:47:48","post_date_gmt":"2022-07-28 15:47:48","post_content":"","post_title":"EDITORIAL PLANETA","post_excerpt":"","post_status":"publish","comment_status":"closed","ping_status":"closed","post_password":"","post_name":"editorial-planeta","to_ping":"","pinged":"","post_modified":"2022-07-28 17:47:48","post_modified_gmt":"2022-07-28 15:47:48","post_content_filtered":"","post_parent":0,"guid":"http:\/\/dev.claret.cat\/editorial\/editorial-planeta\/","menu_order":0,"post_type":"editorial","post_mime_type":"","comment_count":"0","filter":"raw"}],"autores-libros":[{"ID":5812,"post_author":"3","post_date":"2022-07-28 17:32:00","post_date_gmt":"2022-07-28 15:32:00","post_content":"","post_title":"MARISA MOREA","post_excerpt":"","post_status":"publish","comment_status":"closed","ping_status":"closed","post_password":"","post_name":"marisa-morea","to_ping":"","pinged":"","post_modified":"2022-07-28 17:32:00","post_modified_gmt":"2022-07-28 15:32:00","post_content_filtered":"","post_parent":0,"guid":"http:\/\/dev.claret.cat\/autor\/marisa-morea\/","menu_order":0,"post_type":"autor","post_mime_type":"","comment_count":"0","filter":"raw"}]},"aioseo_notices":[],"_links":{"self":[{"href":"https:\/\/www.claret.cat\/es\/wp-json\/wp\/v2\/product\/412441","targetHints":{"allow":["GET"]}}],"collection":[{"href":"https:\/\/www.claret.cat\/es\/wp-json\/wp\/v2\/product"}],"about":[{"href":"https:\/\/www.claret.cat\/es\/wp-json\/wp\/v2\/types\/product"}],"wp:featuredmedia":[{"embeddable":true,"href":"https:\/\/www.claret.cat\/es\/wp-json\/wp\/v2\/media\/412442"}],"wp:attachment":[{"href":"https:\/\/www.claret.cat\/es\/wp-json\/wp\/v2\/media?parent=412441"}],"wp:term":[{"taxonomy":"product_brand","embeddable":true,"href":"https:\/\/www.claret.cat\/es\/wp-json\/wp\/v2\/product_brand?post=412441"},{"taxonomy":"product_cat","embeddable":true,"href":"https:\/\/www.claret.cat\/es\/wp-json\/wp\/v2\/product_cat?post=412441"},{"taxonomy":"product_tag","embeddable":true,"href":"https:\/\/www.claret.cat\/es\/wp-json\/wp\/v2\/product_tag?post=412441"}],"curies":[{"name":"wp","href":"https:\/\/api.w.org\/{rel}","templated":true}]}}