{"id":412444,"date":"2023-03-15T13:40:14","date_gmt":"2023-03-15T12:40:14","guid":{"rendered":"https:\/\/www.claret.cat\/llibre\/en-la-cocina-con-la-doctora-arponen-9788413442273\/"},"modified":"2023-10-11T03:44:36","modified_gmt":"2023-10-11T01:44:36","slug":"en-la-cocina-con-la-doctora-arponen-9788413442273","status":"publish","type":"product","link":"https:\/\/www.claret.cat\/es\/libro\/en-la-cocina-con-la-doctora-arponen-9788413442273\/","title":{"rendered":"EN LA COCINA CON LA DOCTORA ARPONEN"},"content":{"rendered":"<p>Vuelve la Dra. Sari Arponen con 80 recetas para alimentar tu microbiota y cuidar de tu sistema inmune<br \/> \u00abLa salud empieza en el mercado y en la cocina\u00bb<br \/> Se podr\u00eda decir que en nuestra sociedad comemos por encima de nuestras posibilidades en lo que a cantidad se refiere, pero a menudo por debajo de ellas en cuanto a calidad. Enfermamos en parte por lo que comemos y lo que no comemos. Y es que cuanta m\u00e1s informaci\u00f3n tenemos, parece que menos sabemos qu\u00e9 comer.<br \/> Una mala alimentaci\u00f3n est\u00e1 detr\u00e1s de muchas de las enfermedades que sufrimos: c\u00e1ncer, patolog\u00edas cardiovasculares, las metab\u00f3licas como la diabetes&#8230; Lo que comemos influye en el funcionamiento de nuestro sistema inmunitario, en la salud cerebral, en el intestino o en los procesos de envejecimiento. Una buena alimentaci\u00f3n es prevenci\u00f3n y tratamiento: \u00abQue el alimento sea tu medicina\u00bb.<br \/> Sari Arponen, experta en medicina del estilo de vida y microbiota, nos explica en este libro conceptos b\u00e1sicos de la alimentaci\u00f3n como los macro y los micronutrientes o la densidad nutricional, resume las dietas existentes y analiza lo que tienen en com\u00fan las m\u00e1s saludables. Adem\u00e1s, comparte las recetas que ella misma prepara y consume. De f\u00e1cil elaboraci\u00f3n y sin t\u00e9cnicas ni ingredientes extra\u00f1os. Cada receta aporta informaci\u00f3n acerca de para qu\u00e9 tipo de dieta es adecuada (baja en FODMAP, low carb, vegetariana, sin l\u00e1cteos, paleo\u2026) y los motivos por los que el plato es beneficioso para tu organismo.<br \/> Todas las recetas son sin gluten y sin az\u00facares a\u00f1adidos, y en general, bajas o moderadas en carga gluc\u00e9mica; hay pocos l\u00e1cteos (y muy poca case\u00edna). Se proponen sustituciones de los ingredientes para diversas intolerancias y preferencias. Un patr\u00f3n de alimentaci\u00f3n a base de comida real, bueno para la microbiota, que le da al sistema inmune elementos para una funci\u00f3n \u00f3ptima y ayuda a ralentizar el envejecimiento. \u00a1Disfruta y cu\u00eddate comiendo!<\/p>\n","protected":false},"excerpt":{"rendered":"<p>ARPONEN, SARI<\/p>\n","protected":false},"featured_media":412445,"template":"","meta":{"_acf_changed":false,"om_disable_all_campaigns":false,"rs_blank_template":"","rs_page_bg_color":"","slide_template_v7":"","inline_featured_image":false,"_monsterinsights_skip_tracking":false,"_monsterinsights_sitenote_active":false,"_monsterinsights_sitenote_note":"","_monsterinsights_sitenote_category":0},"product_brand":[],"product_cat":[553,103],"product_tag":[],"class_list":{"0":"post-412444","1":"product","2":"type-product","3":"status-publish","4":"has-post-thumbnail","6":"product_cat-cocina","7":"product_cat-cuina","9":"first","10":"instock","11":"taxable","12":"shipping-taxable","13":"purchasable","14":"product-type-simple"},"acf":{"autor":"ARPONEN, SARI","codart":"841344227","libros-coleccion":"FORA DE COL.LECCI\u00d3","ediciones":"1","encuadernacion":"R\u00fastica","fecha_de_publicacion":"01\/03\/2023","novedad":"1","paginas":"238","subtitulo":"80 RECETAS PARA ALIMENTAR TU MICROBIOTA Y CUIDAR DE TU SISTEMA INMUNE","orden":"0","portada":"0","idioma":"spa","editorial":[{"ID":147400,"post_author":"3","post_date":"2022-10-14 11:50:17","post_date_gmt":"2022-10-14 09:50:17","post_content":"","post_title":"ALIENTA EDITORIAL","post_excerpt":"","post_status":"publish","comment_status":"closed","ping_status":"closed","post_password":"","post_name":"alienta-editorial","to_ping":"","pinged":"","post_modified":"2022-10-14 11:50:17","post_modified_gmt":"2022-10-14 09:50:17","post_content_filtered":"","post_parent":0,"guid":"http:\/\/dev.claret.cat\/editorial\/alienta-editorial\/","menu_order":0,"post_type":"editorial","post_mime_type":"","comment_count":"0","filter":"raw"}],"autores-libros":[{"ID":169175,"post_author":"3","post_date":"2022-10-14 22:25:05","post_date_gmt":"2022-10-14 20:25:05","post_content":"","post_title":"SARI ARPONEN","post_excerpt":"","post_status":"publish","comment_status":"closed","ping_status":"closed","post_password":"","post_name":"sari-arponen","to_ping":"","pinged":"","post_modified":"2022-10-14 22:25:05","post_modified_gmt":"2022-10-14 20:25:05","post_content_filtered":"","post_parent":0,"guid":"http:\/\/dev.claret.cat\/autor\/sari-arponen\/","menu_order":0,"post_type":"autor","post_mime_type":"","comment_count":"0","filter":"raw"}]},"aioseo_notices":[],"_links":{"self":[{"href":"https:\/\/www.claret.cat\/es\/wp-json\/wp\/v2\/product\/412444","targetHints":{"allow":["GET"]}}],"collection":[{"href":"https:\/\/www.claret.cat\/es\/wp-json\/wp\/v2\/product"}],"about":[{"href":"https:\/\/www.claret.cat\/es\/wp-json\/wp\/v2\/types\/product"}],"wp:featuredmedia":[{"embeddable":true,"href":"https:\/\/www.claret.cat\/es\/wp-json\/wp\/v2\/media\/412445"}],"wp:attachment":[{"href":"https:\/\/www.claret.cat\/es\/wp-json\/wp\/v2\/media?parent=412444"}],"wp:term":[{"taxonomy":"product_brand","embeddable":true,"href":"https:\/\/www.claret.cat\/es\/wp-json\/wp\/v2\/product_brand?post=412444"},{"taxonomy":"product_cat","embeddable":true,"href":"https:\/\/www.claret.cat\/es\/wp-json\/wp\/v2\/product_cat?post=412444"},{"taxonomy":"product_tag","embeddable":true,"href":"https:\/\/www.claret.cat\/es\/wp-json\/wp\/v2\/product_tag?post=412444"}],"curies":[{"name":"wp","href":"https:\/\/api.w.org\/{rel}","templated":true}]}}