{"id":412447,"date":"2023-03-15T13:45:02","date_gmt":"2023-03-15T12:45:02","guid":{"rendered":"https:\/\/www.claret.cat\/llibre\/munich-baviera-y-la-selva-negra-4-9788408264064\/"},"modified":"2025-04-23T10:20:49","modified_gmt":"2025-04-23T08:20:49","slug":"munich-baviera-y-la-selva-negra-4-9788408264064","status":"publish","type":"product","link":"https:\/\/www.claret.cat\/es\/libro\/munich-baviera-y-la-selva-negra-4-9788408264064\/","title":{"rendered":"M\u00daNICH, BAVIERA Y LA SELVA NEGRA 4"},"content":{"rendered":"<p>El sur de Alemania tiene mucho que ofrecer. Con una perfecta combinaci\u00f3n de tradici\u00f3n y modernidad, este rinc\u00f3n de Europa depara al viajero un sinf\u00edn de experiencias \u00fanicas: se podr\u00e1n visitar castillos que parecen sacados de un cuento de hadas o pasear por los callejones de ciudades medievales perfectamente conservadas, seguir los pasos de la impactante historia alemana en N\u00faremberg o Dachau o dejarse seducir por la joie de vivre, el dinamismo y el refinamiento de M\u00fanich, recorrer las m\u00edticas monta\u00f1as de los Alpes o pasear por los solitarios bosques de la Selva Negra, beber cerveza como si no hubiera un ma\u00f1ana en la Oktoberfest o convertirse en un aut\u00e9ntico catador de salchichas\u2026 Con ayuda de esta gu\u00eda, totalmente actualizada, el viajero podr\u00e1 deleitarse con un viaje hecho a la medida de sus intereses mientras disfruta de la comodidad, los placeres y la actitud relajada de la Alemania del sur.<\/p>\n","protected":false},"excerpt":{"rendered":"<p>DI DUCA, MARC \/ CHRISTIANI, KERRY<\/p>\n","protected":false},"featured_media":412448,"template":"","meta":{"_acf_changed":false,"om_disable_all_campaigns":false,"rs_blank_template":"","rs_page_bg_color":"","slide_template_v7":"","inline_featured_image":false,"_monsterinsights_skip_tracking":false,"_monsterinsights_sitenote_active":false,"_monsterinsights_sitenote_note":"","_monsterinsights_sitenote_category":0},"product_brand":[],"product_cat":[557,107],"product_tag":[],"class_list":{"0":"post-412447","1":"product","2":"type-product","3":"status-publish","4":"has-post-thumbnail","6":"product_cat-guias-de-viaje","7":"product_cat-guies-de-viatge","9":"first","10":"instock","11":"taxable","12":"shipping-taxable","13":"purchasable","14":"product-type-simple"},"acf":{"autor":"DI DUCA, MARC \/ CHRISTIANI, KERRY","codart":"840826406","libros-coleccion":"Gu\u00edas de Pa\u00eds Lonely Planet","ediciones":"1","encuadernacion":"R\u00fastica","fecha_de_publicacion":"01\/03\/2023","novedad":"1","paginas":"336","subtitulo":"","orden":"0","portada":"0","idioma":"spa","editorial":[{"ID":6233,"post_author":"3","post_date":"2022-07-28 17:47:48","post_date_gmt":"2022-07-28 15:47:48","post_content":"","post_title":"EDITORIAL PLANETA","post_excerpt":"","post_status":"publish","comment_status":"closed","ping_status":"closed","post_password":"","post_name":"editorial-planeta","to_ping":"","pinged":"","post_modified":"2022-07-28 17:47:48","post_modified_gmt":"2022-07-28 15:47:48","post_content_filtered":"","post_parent":0,"guid":"http:\/\/dev.claret.cat\/editorial\/editorial-planeta\/","menu_order":0,"post_type":"editorial","post_mime_type":"","comment_count":"0","filter":"raw"}],"autores-libros":[{"ID":163306,"post_author":"3","post_date":"2022-10-14 17:37:58","post_date_gmt":"2022-10-14 15:37:58","post_content":"","post_title":"MARC DI DUCA","post_excerpt":"","post_status":"publish","comment_status":"closed","ping_status":"closed","post_password":"","post_name":"marc-di-duca","to_ping":"","pinged":"","post_modified":"2022-10-14 17:37:58","post_modified_gmt":"2022-10-14 15:37:58","post_content_filtered":"","post_parent":0,"guid":"http:\/\/dev.claret.cat\/autor\/marc-di-duca\/","menu_order":0,"post_type":"autor","post_mime_type":"","comment_count":"0","filter":"raw"},{"ID":161644,"post_author":"3","post_date":"2022-10-14 17:19:53","post_date_gmt":"2022-10-14 15:19:53","post_content":"","post_title":"KERRY CHRISTIANI","post_excerpt":"","post_status":"publish","comment_status":"closed","ping_status":"closed","post_password":"","post_name":"kerry-christiani","to_ping":"","pinged":"","post_modified":"2022-10-14 17:19:53","post_modified_gmt":"2022-10-14 15:19:53","post_content_filtered":"","post_parent":0,"guid":"http:\/\/dev.claret.cat\/autor\/kerry-christiani\/","menu_order":0,"post_type":"autor","post_mime_type":"","comment_count":"0","filter":"raw"}],"booktrailer":"","resenas":""},"aioseo_notices":[],"_links":{"self":[{"href":"https:\/\/www.claret.cat\/es\/wp-json\/wp\/v2\/product\/412447","targetHints":{"allow":["GET"]}}],"collection":[{"href":"https:\/\/www.claret.cat\/es\/wp-json\/wp\/v2\/product"}],"about":[{"href":"https:\/\/www.claret.cat\/es\/wp-json\/wp\/v2\/types\/product"}],"wp:featuredmedia":[{"embeddable":true,"href":"https:\/\/www.claret.cat\/es\/wp-json\/wp\/v2\/media\/412448"}],"wp:attachment":[{"href":"https:\/\/www.claret.cat\/es\/wp-json\/wp\/v2\/media?parent=412447"}],"wp:term":[{"taxonomy":"product_brand","embeddable":true,"href":"https:\/\/www.claret.cat\/es\/wp-json\/wp\/v2\/product_brand?post=412447"},{"taxonomy":"product_cat","embeddable":true,"href":"https:\/\/www.claret.cat\/es\/wp-json\/wp\/v2\/product_cat?post=412447"},{"taxonomy":"product_tag","embeddable":true,"href":"https:\/\/www.claret.cat\/es\/wp-json\/wp\/v2\/product_tag?post=412447"}],"curies":[{"name":"wp","href":"https:\/\/api.w.org\/{rel}","templated":true}]}}