{"id":412450,"date":"2023-03-15T13:45:12","date_gmt":"2023-03-15T12:45:12","guid":{"rendered":"https:\/\/www.claret.cat\/llibre\/paris-8-9788408260837\/"},"modified":"2025-03-07T18:20:57","modified_gmt":"2025-03-07T17:20:57","slug":"paris-8-9788408260837","status":"publish","type":"product","link":"https:\/\/www.claret.cat\/es\/libro\/paris-8-9788408260837\/","title":{"rendered":"PAR\u00cdS 8"},"content":{"rendered":"<p>Por su emblem\u00e1tica y vanguardista arquitectura, por su maravillosa oferta gastron\u00f3mica, por la posibilidad de comprar con estilo y por todos los tesoros art\u00edsticos que almacena, Par\u00eds siempre merece una visita. Y es que en la Ciudad de la Luz los museos, los bulevares flanqueados por monumentos y los bistr\u00f3s cl\u00e1sicos captan la atenci\u00f3n junto a una nueva interesante ola de galer\u00edas multimedia, tiendas de dise\u00f1o y\u00a0start-ups\u00a0tecnol\u00f3gicas. Adem\u00e1s de su grandeza, fascina su intimidad. Sus quartiers (barrios) son como un mosaico de pueblos y, aunque es una de las mayores metr\u00f3polis del mundo, con toda la cultura y las comodidades que ello conlleva, sus tiendas, mercados y caf\u00e9s conservan un genuino ambiente de barrio. Y como cada peque\u00f1o \u201cpueblo\u201d tiene su propia personalidad que va evolucionando, se puede decir que en cada visita el viajero seguir\u00e1 descubriendo y redescubriendo rincones ocultos de la ciudad.<\/p>\n","protected":false},"excerpt":{"rendered":"<p>LE NEVEZ, CATHERINE \/ CARILLET, JEAN-BERNARD \/ PITTS, CHRISTOPHER \/ WILLIAMS, N<\/p>\n","protected":false},"featured_media":412451,"template":"","meta":{"_acf_changed":false,"om_disable_all_campaigns":false,"rs_blank_template":"","rs_page_bg_color":"","slide_template_v7":"","inline_featured_image":false,"_monsterinsights_skip_tracking":false,"_monsterinsights_sitenote_active":false,"_monsterinsights_sitenote_note":"","_monsterinsights_sitenote_category":0},"product_brand":[],"product_cat":[557,107],"product_tag":[],"class_list":{"0":"post-412450","1":"product","2":"type-product","3":"status-publish","4":"has-post-thumbnail","6":"product_cat-guias-de-viaje","7":"product_cat-guies-de-viatge","9":"first","10":"instock","11":"taxable","12":"shipping-taxable","13":"purchasable","14":"product-type-simple"},"acf":{"autor":"LE NEVEZ, CATHERINE \/ CARILLET, JEAN-BERNARD \/ PITTS, CHRISTOPHER \/ WILLIAMS, N","codart":"840826083","libros-coleccion":"GEO PLANETA LONELY PLANET","ediciones":"1","encuadernacion":"R\u00fastica","fecha_de_publicacion":"01\/03\/2023","novedad":"1","paginas":"416","subtitulo":"","orden":"0","portada":"0","idioma":"spa","editorial":[{"ID":6233,"post_author":"3","post_date":"2022-07-28 17:47:48","post_date_gmt":"2022-07-28 15:47:48","post_content":"","post_title":"EDITORIAL PLANETA","post_excerpt":"","post_status":"publish","comment_status":"closed","ping_status":"closed","post_password":"","post_name":"editorial-planeta","to_ping":"","pinged":"","post_modified":"2022-07-28 17:47:48","post_modified_gmt":"2022-07-28 15:47:48","post_content_filtered":"","post_parent":0,"guid":"http:\/\/dev.claret.cat\/editorial\/editorial-planeta\/","menu_order":0,"post_type":"editorial","post_mime_type":"","comment_count":"0","filter":"raw"}],"autores-libros":[{"ID":152593,"post_author":"3","post_date":"2022-10-14 14:50:01","post_date_gmt":"2022-10-14 12:50:01","post_content":"","post_title":"CATHERINE LE NEVEZ","post_excerpt":"","post_status":"publish","comment_status":"closed","ping_status":"closed","post_password":"","post_name":"catherine-le-nevez","to_ping":"","pinged":"","post_modified":"2022-10-14 14:50:01","post_modified_gmt":"2022-10-14 12:50:01","post_content_filtered":"","post_parent":0,"guid":"http:\/\/dev.claret.cat\/autor\/catherine-le-nevez\/","menu_order":0,"post_type":"autor","post_mime_type":"","comment_count":"0","filter":"raw"},{"ID":158875,"post_author":"3","post_date":"2022-10-14 15:40:18","post_date_gmt":"2022-10-14 13:40:18","post_content":"","post_title":"JEAN-BERNARD CARILLET","post_excerpt":"","post_status":"publish","comment_status":"closed","ping_status":"closed","post_password":"","post_name":"jean-bernard-carillet","to_ping":"","pinged":"","post_modified":"2022-10-14 15:40:18","post_modified_gmt":"2022-10-14 13:40:18","post_content_filtered":"","post_parent":0,"guid":"http:\/\/dev.claret.cat\/autor\/jean-bernard-carillet\/","menu_order":0,"post_type":"autor","post_mime_type":"","comment_count":"0","filter":"raw"},{"ID":152968,"post_author":"3","post_date":"2022-10-14 14:53:01","post_date_gmt":"2022-10-14 12:53:01","post_content":"","post_title":"CHRISTOPHER PITTS","post_excerpt":"","post_status":"publish","comment_status":"closed","ping_status":"closed","post_password":"","post_name":"christopher-pitts","to_ping":"","pinged":"","post_modified":"2022-10-14 14:53:01","post_modified_gmt":"2022-10-14 12:53:01","post_content_filtered":"","post_parent":0,"guid":"http:\/\/dev.claret.cat\/autor\/christopher-pitts\/","menu_order":0,"post_type":"autor","post_mime_type":"","comment_count":"0","filter":"raw"},{"ID":412503,"post_author":"3","post_date":"2023-03-15 14:25:56","post_date_gmt":"2023-03-15 13:25:56","post_content":"","post_title":"N WILLIAMS","post_excerpt":"","post_status":"publish","comment_status":"closed","ping_status":"closed","post_password":"","post_name":"n-williams","to_ping":"","pinged":"","post_modified":"2023-03-15 14:25:56","post_modified_gmt":"2023-03-15 13:25:56","post_content_filtered":"","post_parent":0,"guid":"https:\/\/www.claret.cat\/autor\/n-williams\/","menu_order":0,"post_type":"autor","post_mime_type":"","comment_count":"0","filter":"raw"}]},"aioseo_notices":[],"_links":{"self":[{"href":"https:\/\/www.claret.cat\/es\/wp-json\/wp\/v2\/product\/412450","targetHints":{"allow":["GET"]}}],"collection":[{"href":"https:\/\/www.claret.cat\/es\/wp-json\/wp\/v2\/product"}],"about":[{"href":"https:\/\/www.claret.cat\/es\/wp-json\/wp\/v2\/types\/product"}],"wp:featuredmedia":[{"embeddable":true,"href":"https:\/\/www.claret.cat\/es\/wp-json\/wp\/v2\/media\/412451"}],"wp:attachment":[{"href":"https:\/\/www.claret.cat\/es\/wp-json\/wp\/v2\/media?parent=412450"}],"wp:term":[{"taxonomy":"product_brand","embeddable":true,"href":"https:\/\/www.claret.cat\/es\/wp-json\/wp\/v2\/product_brand?post=412450"},{"taxonomy":"product_cat","embeddable":true,"href":"https:\/\/www.claret.cat\/es\/wp-json\/wp\/v2\/product_cat?post=412450"},{"taxonomy":"product_tag","embeddable":true,"href":"https:\/\/www.claret.cat\/es\/wp-json\/wp\/v2\/product_tag?post=412450"}],"curies":[{"name":"wp","href":"https:\/\/api.w.org\/{rel}","templated":true}]}}