{"id":412459,"date":"2023-03-15T13:45:44","date_gmt":"2023-03-15T12:45:44","guid":{"rendered":"https:\/\/www.claret.cat\/llibre\/hades-el-dios-menos-malo-9788499989549\/"},"modified":"2023-10-11T03:44:23","modified_gmt":"2023-10-11T01:44:23","slug":"hades-el-dios-menos-malo-9788499989549","status":"publish","type":"product","link":"https:\/\/www.claret.cat\/es\/libro\/hades-el-dios-menos-malo-9788499989549\/","title":{"rendered":"HADES, EL DIOS MENOS MALO"},"content":{"rendered":"<p>Un fascinante viaje del Olimpo al inframundo escrito por el creador de la serie de YouTube\u00a0Salseo Griego.<br \/> Detr\u00e1s de cada villano hay una historia que vale la pena conocer. Hades, el dios del inframundo, no es para menos. \u00bfHasta qu\u00e9 punto se ha deformado su mito con el tiempo?<br \/> Pol Gise, uno de los youtubers m\u00e1s importantes del momento \u2014que ya ha logrado enganchar a centenares de miles de personas a las historias mitol\u00f3gicas\u2014, recrea los episodios m\u00e1s importantes de la leyenda de Hades, un personaje, dice, incomprendido. Conoceremos su rivalidad con Zeus, el hermano peque\u00f1o que acab\u00f3 convertido en hermano mayor; a la vehemente Gea, su abuela, y los delirios de Cronos, Poseid\u00f3n, Hidra y compa\u00f1\u00eda.<br \/> Con un estilo apasionado y divertido, Gise nos redescubre los salseos del Olimpo como si formaran parte de nuestro mundo y acerca la literatura cl\u00e1sica a todos los p\u00fablicos.<\/p>\n","protected":false},"excerpt":{"rendered":"<p>GISE, POL<\/p>\n","protected":false},"featured_media":412460,"template":"","meta":{"_acf_changed":false,"om_disable_all_campaigns":false,"rs_blank_template":"","rs_page_bg_color":"","slide_template_v7":"","inline_featured_image":false,"_monsterinsights_skip_tracking":false,"_monsterinsights_sitenote_active":false,"_monsterinsights_sitenote_note":"","_monsterinsights_sitenote_category":0},"product_brand":[],"product_cat":[133,565,116,566,117,363],"product_tag":[],"class_list":{"0":"post-412459","1":"product","2":"type-product","3":"status-publish","4":"has-post-thumbnail","6":"product_cat-lectures-per-adolescents-12-18-anys","7":"product_cat-influencers-3_infantil-juvenil-spa-spa","8":"product_cat-influencers","9":"product_cat-juvenil-3_infantil-juvenil-spa-spa","10":"product_cat-juvenil","11":"product_cat-lecturas-por-adolescentes-12-18-anos","13":"first","14":"instock","15":"taxable","16":"shipping-taxable","17":"purchasable","18":"product-type-simple"},"acf":{"autor":"GISE, POL","codart":"849998954","libros-coleccion":"temas de hoy","ediciones":"1","encuadernacion":"R\u00fastica","fecha_de_publicacion":"01\/03\/2023","novedad":"1","paginas":"208","subtitulo":"","orden":"0","portada":"0","idioma":"spa","editorial":[{"ID":6209,"post_author":"3","post_date":"2022-07-28 17:47:12","post_date_gmt":"2022-07-28 15:47:12","post_content":"","post_title":"Ediciones Temas de Hoy","post_excerpt":"","post_status":"publish","comment_status":"closed","ping_status":"closed","post_password":"","post_name":"ediciones-temas-de-hoy","to_ping":"","pinged":"","post_modified":"2022-07-28 17:47:12","post_modified_gmt":"2022-07-28 15:47:12","post_content_filtered":"","post_parent":0,"guid":"http:\/\/dev.claret.cat\/editorial\/ediciones-temas-de-hoy\/","menu_order":0,"post_type":"editorial","post_mime_type":"","comment_count":"0","filter":"raw"}],"autores-libros":[{"ID":167380,"post_author":"3","post_date":"2022-10-14 18:10:44","post_date_gmt":"2022-10-14 16:10:44","post_content":"","post_title":"POL GISE","post_excerpt":"","post_status":"publish","comment_status":"closed","ping_status":"closed","post_password":"","post_name":"pol-gise","to_ping":"","pinged":"","post_modified":"2022-10-14 18:10:44","post_modified_gmt":"2022-10-14 16:10:44","post_content_filtered":"","post_parent":0,"guid":"http:\/\/dev.claret.cat\/autor\/pol-gise\/","menu_order":0,"post_type":"autor","post_mime_type":"","comment_count":"0","filter":"raw"}]},"aioseo_notices":[],"_links":{"self":[{"href":"https:\/\/www.claret.cat\/es\/wp-json\/wp\/v2\/product\/412459","targetHints":{"allow":["GET"]}}],"collection":[{"href":"https:\/\/www.claret.cat\/es\/wp-json\/wp\/v2\/product"}],"about":[{"href":"https:\/\/www.claret.cat\/es\/wp-json\/wp\/v2\/types\/product"}],"wp:featuredmedia":[{"embeddable":true,"href":"https:\/\/www.claret.cat\/es\/wp-json\/wp\/v2\/media\/412460"}],"wp:attachment":[{"href":"https:\/\/www.claret.cat\/es\/wp-json\/wp\/v2\/media?parent=412459"}],"wp:term":[{"taxonomy":"product_brand","embeddable":true,"href":"https:\/\/www.claret.cat\/es\/wp-json\/wp\/v2\/product_brand?post=412459"},{"taxonomy":"product_cat","embeddable":true,"href":"https:\/\/www.claret.cat\/es\/wp-json\/wp\/v2\/product_cat?post=412459"},{"taxonomy":"product_tag","embeddable":true,"href":"https:\/\/www.claret.cat\/es\/wp-json\/wp\/v2\/product_tag?post=412459"}],"curies":[{"name":"wp","href":"https:\/\/api.w.org\/{rel}","templated":true}]}}