{"id":41247,"date":"2022-10-02T19:37:53","date_gmt":"2022-10-02T17:37:53","guid":{"rendered":"http:\/\/dev.claret.cat\/producte\/els-petits-mediadors-ii\/"},"modified":"2026-02-26T14:48:43","modified_gmt":"2026-02-26T13:48:43","slug":"els-petits-mediadors-ii-9788418427732","status":"publish","type":"product","link":"https:\/\/www.claret.cat\/es\/libro\/els-petits-mediadors-ii-9788418427732\/","title":{"rendered":"ELS PETITS MEDIADORS II"},"content":{"rendered":"<p>\u201cEls petits mediadors II\u201d \u00e9s un llibre de contes il\u00b7lustrats acompanyats de material did\u00e0ctic que t\u00e9 com a objectiu difondre les eines mediadores a infants i adults per ajudar-los en la gesti\u00f3 positiva dels conflictes.<br \/> Els protagonistes dels contes tornen a trobar-se enmig d&#8221;hist\u00f2ries conflictives de personatges de tota mena. Amb la seva intu\u00efci\u00f3 i espontane\u00eftat provaran d&#8221;ajudar-los. Se&#8221;n sortiran, aquesta vegada?<\/p>\n","protected":false},"excerpt":{"rendered":"<p>GARRIGA DE AHUMADA, MARIONA<\/p>\n","protected":false},"featured_media":57575,"template":"","meta":{"_acf_changed":false,"om_disable_all_campaigns":false,"rs_blank_template":"","rs_page_bg_color":"","slide_template_v7":"","inline_featured_image":false,"_monsterinsights_skip_tracking":false,"_monsterinsights_sitenote_active":false,"_monsterinsights_sitenote_note":"","_monsterinsights_sitenote_category":0},"product_brand":[],"product_cat":[131,132,361,137,425,362],"product_tag":[],"class_list":{"0":"post-41247","1":"product","2":"type-product","3":"status-publish","4":"has-post-thumbnail","6":"product_cat-contes-per-infants-0-6-anys","7":"product_cat-lectures-per-preadolescents-6-12-anys","8":"product_cat-cuentos-para-ninos-0-6-anos","9":"product_cat-escola-de-pares-infantil","10":"product_cat-escuela-de-padres","11":"product_cat-libros-preadolescentes-6-12-anos","13":"first","14":"instock","15":"taxable","16":"shipping-taxable","17":"purchasable","18":"product-type-simple"},"acf":{"autor":"GARRIGA DE AHUMADA, MARIONA","codart":"841842773","libros-coleccion":"","ediciones":"1","encuadernacion":"R\u00fastica","fecha_de_publicacion":"01\/01\/2022","novedad":"1","paginas":"101","subtitulo":"NOVES HIST\u00d2RIES PER PARLAR DE CONFLICTES I MEDIACI\u00d3","orden":"0","portada":"0","idioma":"cat","editorial":[{"ID":148775,"post_author":"3","post_date":"2022-10-14 12:00:53","post_date_gmt":"2022-10-14 10:00:53","post_content":"","post_title":"Salvatella","post_excerpt":"","post_status":"publish","comment_status":"closed","ping_status":"closed","post_password":"","post_name":"salvatella","to_ping":"","pinged":"","post_modified":"2022-10-14 12:00:53","post_modified_gmt":"2022-10-14 10:00:53","post_content_filtered":"","post_parent":0,"guid":"http:\/\/dev.claret.cat\/editorial\/salvatella\/","menu_order":0,"post_type":"editorial","post_mime_type":"","comment_count":"0","filter":"raw"}],"autores-libros":[{"ID":164016,"post_author":"3","post_date":"2022-10-14 17:43:41","post_date_gmt":"2022-10-14 15:43:41","post_content":"","post_title":"MARIONA GARRIGA DE AHUMADA","post_excerpt":"","post_status":"publish","comment_status":"closed","ping_status":"closed","post_password":"","post_name":"mariona-garriga-de-ahumada","to_ping":"","pinged":"","post_modified":"2022-10-14 17:43:41","post_modified_gmt":"2022-10-14 15:43:41","post_content_filtered":"","post_parent":0,"guid":"http:\/\/dev.claret.cat\/autor\/mariona-garriga-de-ahumada\/","menu_order":0,"post_type":"autor","post_mime_type":"","comment_count":"0","filter":"raw"}],"booktrailer":"","resenas":""},"aioseo_notices":[],"_links":{"self":[{"href":"https:\/\/www.claret.cat\/es\/wp-json\/wp\/v2\/product\/41247","targetHints":{"allow":["GET"]}}],"collection":[{"href":"https:\/\/www.claret.cat\/es\/wp-json\/wp\/v2\/product"}],"about":[{"href":"https:\/\/www.claret.cat\/es\/wp-json\/wp\/v2\/types\/product"}],"wp:featuredmedia":[{"embeddable":true,"href":"https:\/\/www.claret.cat\/es\/wp-json\/wp\/v2\/media\/57575"}],"wp:attachment":[{"href":"https:\/\/www.claret.cat\/es\/wp-json\/wp\/v2\/media?parent=41247"}],"wp:term":[{"taxonomy":"product_brand","embeddable":true,"href":"https:\/\/www.claret.cat\/es\/wp-json\/wp\/v2\/product_brand?post=41247"},{"taxonomy":"product_cat","embeddable":true,"href":"https:\/\/www.claret.cat\/es\/wp-json\/wp\/v2\/product_cat?post=41247"},{"taxonomy":"product_tag","embeddable":true,"href":"https:\/\/www.claret.cat\/es\/wp-json\/wp\/v2\/product_tag?post=41247"}],"curies":[{"name":"wp","href":"https:\/\/api.w.org\/{rel}","templated":true}]}}