{"id":412526,"date":"2023-03-15T17:15:19","date_gmt":"2023-03-15T16:15:19","guid":{"rendered":"https:\/\/www.claret.cat\/llibre\/camino-9788409480760\/"},"modified":"2023-10-11T03:43:40","modified_gmt":"2023-10-11T01:43:40","slug":"camino-9788409480760","status":"publish","type":"product","link":"https:\/\/www.claret.cat\/es\/libro\/camino-9788409480760\/","title":{"rendered":"CAMINO"},"content":{"rendered":"<p>El autor de Camino naci\u00f3 en la ciudad aragonesa de Barbastro (Huesca) el 9 de enero de 1902 y fue bautizado el dia 13 en la catedral de la ciudad, recibiendo los nombres de Hos\u00e9 Mar\u00eda Juli\u00e1n Mariano<\/p>\n","protected":false},"excerpt":{"rendered":"<p>ESCRIV\u00c1 DE BALAGUER, JOSEMAR\u00cdA<\/p>\n","protected":false},"featured_media":412527,"template":"","meta":{"_acf_changed":false,"om_disable_all_campaigns":false,"rs_blank_template":"","rs_page_bg_color":"","slide_template_v7":"","inline_featured_image":false,"_monsterinsights_skip_tracking":false,"_monsterinsights_sitenote_active":false,"_monsterinsights_sitenote_note":"","_monsterinsights_sitenote_category":0},"product_brand":[],"product_cat":[497,248],"product_tag":[],"class_list":{"0":"post-412526","1":"product","2":"type-product","3":"status-publish","4":"has-post-thumbnail","6":"product_cat-meditaciones","7":"product_cat-meditacions","9":"first","10":"instock","11":"taxable","12":"shipping-taxable","13":"purchasable","14":"product-type-simple"},"acf":{"autor":"ESCRIV\u00c1 DE BALAGUER, JOSEMAR\u00cdA","codart":"840948076","libros-coleccion":"","ediciones":"1","encuadernacion":"R\u00fastica","fecha_de_publicacion":"01\/01\/2023","novedad":"1","paginas":"368","subtitulo":"EDICI\u00d3N, INTRODUCCI\u00d3N Y NOTAS DE FIDEL SEBASTI\u00c1N MEDIAVILLA","orden":"0","portada":"0","idioma":"spa","editorial":[{"ID":6167,"post_author":"3","post_date":"2022-07-28 17:46:20","post_date_gmt":"2022-07-28 15:46:20","post_content":"","post_title":"COMISSI\u00d3 AGENDA LLATINOAMERICANA","post_excerpt":"","post_status":"publish","comment_status":"closed","ping_status":"closed","post_password":"","post_name":"comissio-agenda-llatinoamericana","to_ping":"","pinged":"","post_modified":"2022-07-28 17:46:20","post_modified_gmt":"2022-07-28 15:46:20","post_content_filtered":"","post_parent":0,"guid":"http:\/\/dev.claret.cat\/editorial\/comissio-agenda-llatinoamericana\/","menu_order":0,"post_type":"editorial","post_mime_type":"","comment_count":"0","filter":"raw"}],"autores-libros":[{"ID":160616,"post_author":"3","post_date":"2022-10-14 15:54:31","post_date_gmt":"2022-10-14 13:54:31","post_content":"","post_title":"JOSEMARIA ESCRIVA DE BALAGUER","post_excerpt":"","post_status":"publish","comment_status":"closed","ping_status":"closed","post_password":"","post_name":"josemaria-escriva-de-balaguer","to_ping":"","pinged":"","post_modified":"2022-10-14 15:54:31","post_modified_gmt":"2022-10-14 13:54:31","post_content_filtered":"","post_parent":0,"guid":"http:\/\/dev.claret.cat\/autor\/josemaria-escriva-de-balaguer\/","menu_order":0,"post_type":"autor","post_mime_type":"","comment_count":"0","filter":"raw"}]},"aioseo_notices":[],"_links":{"self":[{"href":"https:\/\/www.claret.cat\/es\/wp-json\/wp\/v2\/product\/412526","targetHints":{"allow":["GET"]}}],"collection":[{"href":"https:\/\/www.claret.cat\/es\/wp-json\/wp\/v2\/product"}],"about":[{"href":"https:\/\/www.claret.cat\/es\/wp-json\/wp\/v2\/types\/product"}],"wp:featuredmedia":[{"embeddable":true,"href":"https:\/\/www.claret.cat\/es\/wp-json\/wp\/v2\/media\/412527"}],"wp:attachment":[{"href":"https:\/\/www.claret.cat\/es\/wp-json\/wp\/v2\/media?parent=412526"}],"wp:term":[{"taxonomy":"product_brand","embeddable":true,"href":"https:\/\/www.claret.cat\/es\/wp-json\/wp\/v2\/product_brand?post=412526"},{"taxonomy":"product_cat","embeddable":true,"href":"https:\/\/www.claret.cat\/es\/wp-json\/wp\/v2\/product_cat?post=412526"},{"taxonomy":"product_tag","embeddable":true,"href":"https:\/\/www.claret.cat\/es\/wp-json\/wp\/v2\/product_tag?post=412526"}],"curies":[{"name":"wp","href":"https:\/\/api.w.org\/{rel}","templated":true}]}}