{"id":412560,"date":"2023-03-15T17:30:01","date_gmt":"2023-03-15T16:30:01","guid":{"rendered":"https:\/\/www.claret.cat\/llibre\/suenos-9788419161512\/"},"modified":"2023-10-11T03:43:17","modified_gmt":"2023-10-11T01:43:17","slug":"suenos-9788419161512","status":"publish","type":"product","link":"https:\/\/www.claret.cat\/es\/libro\/suenos-9788419161512\/","title":{"rendered":"SUE\u00d1OS"},"content":{"rendered":"<p>Libro de 24 p\u00e1ginas + 4 puzles (a partir 6 a\u00f1os)<\/p>\n<p>Completa los 4 puzles, coloca uno sobre el otro y sum\u00e9rgete en un mundo lleno de fantas\u00eda que aparece al dormir. \u00danete a Aladino, Alicia, Peter Pan, Pinocho y muchos m\u00e1s y rec\u00f3rrelo.<\/p>\n","protected":false},"excerpt":{"rendered":"<p>PAMELA ALTIERI<\/p>\n","protected":false},"featured_media":412561,"template":"","meta":{"_acf_changed":false,"om_disable_all_campaigns":false,"rs_blank_template":"","rs_page_bg_color":"","slide_template_v7":"","inline_featured_image":false,"_monsterinsights_skip_tracking":false,"_monsterinsights_sitenote_active":false,"_monsterinsights_sitenote_note":"","_monsterinsights_sitenote_category":0},"product_brand":[],"product_cat":[132,362],"product_tag":[],"class_list":{"0":"post-412560","1":"product","2":"type-product","3":"status-publish","4":"has-post-thumbnail","6":"product_cat-lectures-per-preadolescents-6-12-anys","7":"product_cat-libros-preadolescentes-6-12-anos","9":"first","10":"instock","11":"taxable","12":"shipping-taxable","13":"purchasable","14":"product-type-simple"},"acf":{"autor":"PAMELA ALTIERI","codart":"841916151","libros-coleccion":"FORA DE COL.LECCI\u00d3","ediciones":"1","encuadernacion":"Carton\u00e9","fecha_de_publicacion":"01\/01\/2022","novedad":"1","paginas":"24","subtitulo":"","orden":"0","portada":"0","idioma":"spa","editorial":[{"ID":148503,"post_author":"3","post_date":"2022-10-14 11:58:45","post_date_gmt":"2022-10-14 09:58:45","post_content":"","post_title":"MANOLITO BOOKS","post_excerpt":"","post_status":"publish","comment_status":"closed","ping_status":"closed","post_password":"","post_name":"manolito-books","to_ping":"","pinged":"","post_modified":"2022-10-14 11:58:45","post_modified_gmt":"2022-10-14 09:58:45","post_content_filtered":"","post_parent":0,"guid":"http:\/\/dev.claret.cat\/editorial\/manolito-books\/","menu_order":0,"post_type":"editorial","post_mime_type":"","comment_count":"0","filter":"raw"}],"autores-libros":[{"ID":391943,"post_author":"3","post_date":"2023-02-18 14:15:19","post_date_gmt":"2023-02-18 13:15:19","post_content":"","post_title":"PAMELA ALTIERI","post_excerpt":"","post_status":"publish","comment_status":"closed","ping_status":"closed","post_password":"","post_name":"pamela-altieri","to_ping":"","pinged":"","post_modified":"2023-02-18 14:15:19","post_modified_gmt":"2023-02-18 13:15:19","post_content_filtered":"","post_parent":0,"guid":"https:\/\/www.claret.cat\/autor\/pamela-altieri\/","menu_order":0,"post_type":"autor","post_mime_type":"","comment_count":"0","filter":"raw"}]},"aioseo_notices":[],"_links":{"self":[{"href":"https:\/\/www.claret.cat\/es\/wp-json\/wp\/v2\/product\/412560","targetHints":{"allow":["GET"]}}],"collection":[{"href":"https:\/\/www.claret.cat\/es\/wp-json\/wp\/v2\/product"}],"about":[{"href":"https:\/\/www.claret.cat\/es\/wp-json\/wp\/v2\/types\/product"}],"wp:featuredmedia":[{"embeddable":true,"href":"https:\/\/www.claret.cat\/es\/wp-json\/wp\/v2\/media\/412561"}],"wp:attachment":[{"href":"https:\/\/www.claret.cat\/es\/wp-json\/wp\/v2\/media?parent=412560"}],"wp:term":[{"taxonomy":"product_brand","embeddable":true,"href":"https:\/\/www.claret.cat\/es\/wp-json\/wp\/v2\/product_brand?post=412560"},{"taxonomy":"product_cat","embeddable":true,"href":"https:\/\/www.claret.cat\/es\/wp-json\/wp\/v2\/product_cat?post=412560"},{"taxonomy":"product_tag","embeddable":true,"href":"https:\/\/www.claret.cat\/es\/wp-json\/wp\/v2\/product_tag?post=412560"}],"curies":[{"name":"wp","href":"https:\/\/api.w.org\/{rel}","templated":true}]}}