{"id":412596,"date":"2023-03-15T17:58:03","date_gmt":"2023-03-15T16:58:03","guid":{"rendered":"https:\/\/www.claret.cat\/llibre\/el-hijo-del-acordeonista-edicion-especial-20o-aniversario-9788420475400\/"},"modified":"2023-10-11T03:42:57","modified_gmt":"2023-10-11T01:42:57","slug":"el-hijo-del-acordeonista-edicion-especial-20o-aniversario-9788420475400","status":"publish","type":"product","link":"https:\/\/www.claret.cat\/es\/libro\/el-hijo-del-acordeonista-edicion-especial-20o-aniversario-9788420475400\/","title":{"rendered":"EL HIJO DEL ACORDEONISTA (EDICI\u00d3N ESPECIAL 20.\u00ba ANIVERSARIO)"},"content":{"rendered":"<p>La novela m\u00e1s personal de Bernardo Atxaga.   PREMIO LIBER 2021<br \/>PREMIO NACIONAL DE LAS LETRAS ESPA\u00d1OLAS 2019 \u00abLa diferencia entre las incisiones antiguas y las nuevas se borrar\u00e1 con el tiempo y s\u00f3lo quedar\u00e1, sobre la corteza, una \u00fanica inscripci\u00f3n, un libro con un mensaje principal: Aqu\u00ed estuvieron dos amigos, dos hermanos.\u00bbDesde los a\u00f1os treinta hasta finales del siglo XX, desde Obaba hasta California, de la infancia en la escuela a los infiernos de la guerra y de la violencia, Atxaga aborda de forma valiente el tema de la memoria, la nostalgia, la amistad y tambi\u00e9n de la tristeza del que deja su tierra sabiendo que no volver\u00e1. Y en el centro de las m\u00faltiples ramificaciones de esta historia, la \u00fanica posibilidad de salvaci\u00f3n frente a las circunstancias m\u00e1s dram\u00e1ticas: el amor.La cr\u00edtica ha dicho&#8230;<br \/>\u00abUna historia magn\u00edficamente escrita.\u00bb<br \/>The Financial Times \u00abEsta novela, extraordinariamente delicada y personal, contiene un poderoso mensaje pol\u00edtico.\u00bb<br \/>The Independent \u00abAtxaga ha vuelto a recrear el mundo de su adolescencia. Pero aqu\u00ed lo decisivo no son los personajes, sino el velado tono eleg\u00edaco que impregnala narraci\u00f3n, su car\u00e1cter de cr\u00f3nica incompleta y personal\u00edsima de un mundo distante y casi desvanecido.\u00bb<br \/>Ricardo Senabre, El Cultural \u00abEncantadora y convincente.\u00bb<br \/>Big Issue \u00abNovela fascinante que entrelaza la pol\u00edtica dura y aquello que resulta dolorosamente personal [&#8230;] Es una brillante mezcla de historia y mito digna de Borges.\u00bb<br \/>London Lite \u00abLa novela m\u00e1s personal de Bernardo Atxaga.\u00bb<br \/>El Pa\u00eds \u00abUn libro extraordinario que parece tambi\u00e9n el trabajo de un artesano.\u00bb<br \/>The Scotsman \u00abUnavoz literaria de sorprendente originalidad. Un apasionado guardi\u00e1n de la memoria nacional vasca.\u00bb<br \/>The Sunday Telegraph \u00abLa destreza de Atxaga para entretejer temas y evocar gentes y lugares convierte este libro no en un adorno de la vida, sino en una celebraci\u00f3n de su riqueza.\u00bb<br \/>The Sunday Times \u00abBernardo Atxaga [&#8230;] es un contador de historias que abre par\u00e9ntesis todo el tiempo. El p\u00e1jaro que va de rama en rama: elige un tema, halla otro subordinado, arriba a uno inesperado y, al final, tras un largo merodeo, llega adonde quiere: a concluir una novela, a encerrar sus recuerdos de forma simb\u00f3lica y esponjosa en sus ficciones.\u00bb<br \/>Ant\u00f3n Castro, Heraldo de Arag\u00f3n \u00abNos enamoramos del lenguaje del autor vasco, que huele a pan reci\u00e9n hecho, y en el que se escucha silbar el viento que siempre se adelanta a la lluvia, y crepitar el fuego manso alrededor del que se escuchan las palabras que fluyen como recuerdos que van desvelando una historia, o creando la urdimbre en la que van sucediendo la trama y la melancol\u00eda. As\u00ed suena Atxaga, Bernardo, escritor de aguas fuertes vascos sobre los desgarros de la violencia, la humanidad de los rebeldes, las realidades invisibles que convergen en la complicidad de lo real. [&#8230;] Ha sido mi placer leerlo. [&#8230;] Bernardo Atxaga ha confeccionado sus mundos literarios a dos voces, con dos lenguas equidistantes, diferentes en sus ra\u00edces como esp\u00edritu de identidades, entre las que su escritura es el puente de conversaci\u00f3n entre ellas con el prop\u00f3sito de que la literatura sea un espacio mental, un \u00e1rbol, una casa, un hogar donde todos y cualquiera pueda cobijarse, y al que se vuelve para contar el viaje.\u00bb<br \/>Guillermo Busutil, La Opini\u00f3n (M\u00e1laga)<\/p>\n","protected":false},"excerpt":{"rendered":"<p>ATXAGA, BERNARDO<\/p>\n","protected":false},"featured_media":412597,"template":"","meta":{"_acf_changed":false,"om_disable_all_campaigns":false,"rs_blank_template":"","rs_page_bg_color":"","slide_template_v7":"","inline_featured_image":false,"_monsterinsights_skip_tracking":false,"_monsterinsights_sitenote_active":false,"_monsterinsights_sitenote_note":"","_monsterinsights_sitenote_category":0},"product_brand":[],"product_cat":[127,357],"product_tag":[],"class_list":{"0":"post-412596","1":"product","2":"type-product","3":"status-publish","4":"has-post-thumbnail","6":"product_cat-novella-contemporania","7":"product_cat-novela-contemporanea","9":"first","10":"instock","11":"taxable","12":"shipping-taxable","13":"purchasable","14":"product-type-simple"},"acf":{"autor":"ATXAGA, BERNARDO","codart":"842047540","libros-coleccion":"HISP\u00c1NICA","ediciones":"1","encuadernacion":"R\u00fastica","fecha_de_publicacion":"01\/03\/2023","novedad":"1","paginas":"437","subtitulo":"","orden":"0","portada":"0","idioma":"spa","editorial":[{"ID":6118,"post_author":"3","post_date":"2022-07-28 17:45:17","post_date_gmt":"2022-07-28 15:45:17","post_content":"","post_title":"ALFAGUARA","post_excerpt":"","post_status":"publish","comment_status":"closed","ping_status":"closed","post_password":"","post_name":"alfaguara","to_ping":"","pinged":"","post_modified":"2022-07-28 17:45:17","post_modified_gmt":"2022-07-28 15:45:17","post_content_filtered":"","post_parent":0,"guid":"http:\/\/dev.claret.cat\/editorial\/alfaguara\/","menu_order":0,"post_type":"editorial","post_mime_type":"","comment_count":"0","filter":"raw"}],"autores-libros":[{"ID":151622,"post_author":"3","post_date":"2022-10-14 14:42:19","post_date_gmt":"2022-10-14 12:42:19","post_content":"","post_title":"BERNARDO ATXAGA","post_excerpt":"","post_status":"publish","comment_status":"closed","ping_status":"closed","post_password":"","post_name":"bernardo-atxaga","to_ping":"","pinged":"","post_modified":"2022-10-14 14:42:19","post_modified_gmt":"2022-10-14 12:42:19","post_content_filtered":"","post_parent":0,"guid":"http:\/\/dev.claret.cat\/autor\/bernardo-atxaga\/","menu_order":0,"post_type":"autor","post_mime_type":"","comment_count":"0","filter":"raw"}]},"aioseo_notices":[],"_links":{"self":[{"href":"https:\/\/www.claret.cat\/es\/wp-json\/wp\/v2\/product\/412596","targetHints":{"allow":["GET"]}}],"collection":[{"href":"https:\/\/www.claret.cat\/es\/wp-json\/wp\/v2\/product"}],"about":[{"href":"https:\/\/www.claret.cat\/es\/wp-json\/wp\/v2\/types\/product"}],"wp:featuredmedia":[{"embeddable":true,"href":"https:\/\/www.claret.cat\/es\/wp-json\/wp\/v2\/media\/412597"}],"wp:attachment":[{"href":"https:\/\/www.claret.cat\/es\/wp-json\/wp\/v2\/media?parent=412596"}],"wp:term":[{"taxonomy":"product_brand","embeddable":true,"href":"https:\/\/www.claret.cat\/es\/wp-json\/wp\/v2\/product_brand?post=412596"},{"taxonomy":"product_cat","embeddable":true,"href":"https:\/\/www.claret.cat\/es\/wp-json\/wp\/v2\/product_cat?post=412596"},{"taxonomy":"product_tag","embeddable":true,"href":"https:\/\/www.claret.cat\/es\/wp-json\/wp\/v2\/product_tag?post=412596"}],"curies":[{"name":"wp","href":"https:\/\/api.w.org\/{rel}","templated":true}]}}