{"id":412624,"date":"2023-03-15T18:00:10","date_gmt":"2023-03-15T17:00:10","guid":{"rendered":"https:\/\/www.claret.cat\/llibre\/el-curios-incident-del-gos-a-mitjanit-9788418196850\/"},"modified":"2025-12-30T12:00:12","modified_gmt":"2025-12-30T11:00:12","slug":"el-curios-incident-del-gos-a-mitjanit-9788418196850","status":"publish","type":"product","link":"https:\/\/www.claret.cat\/es\/libro\/el-curios-incident-del-gos-a-mitjanit-9788418196850\/","title":{"rendered":"EL CURI\u00d3S INCIDENT DEL GOS A MITJANIT"},"content":{"rendered":"<p>Una novel\u00b7la que no s&#8217;assembla a cap altra. Elogiada amb entusiasme per autors consagrats com Oliver Sacks i Ian McEwan, i guanyadora del Premi Whitbread i del Premi de la Commonwealth al Millor Primer Llibre, ha gaudit de l&#8217;aprovaci\u00f3 massiva dels lectors en tots els pa\u00efsos on ha estat publicada. Christopher Boone t\u00e9 quinze anys i pateix una forma lleu d&#8217;autisme. \u00c9s tot un expert en matem\u00e0tiques, per\u00f2 sap molt poques coses sobre els \u00e9ssers humans. Li agraden les llistes, els sistemes, la veritat&#8230; Odia el groc, el marr\u00f3 i que el toquin. Mai ha anat sol m\u00e9s enll\u00e0 de la botiga de la cantonada, per\u00f2 quan descobreix que alg\u00fa ha matat el gos d&#8217;una ve\u00efna decideix iniciar una investigaci\u00f3. Lluny de fracassar, la recerca d&#8217;en Christopher, que emula el seu admirat Sherlock Holmes -el model de detectiu obsessionat amb el distanciament i l&#8217;an\u00e0lisi dels fets-, q\u00fcestionar\u00e0 ben aviat el sentit com\u00fa i el comportament dels adults que l&#8217;envolten. En pocs anys, El curi\u00f3s incident del gos a mitjanit ha esdevingut tot un cl\u00e0ssic.Cr\u00edtiques:<br \/>\u00abCaptivadora, versemblant i molt divertida.\u00bb<br \/>Oliver Sacks \u00abSup\u00e8rbia. Mark Haddon escriu amb saviesa i sentit de l&#8217;humor.\u00bb<br \/>Ian McEwan \u00abNo us perdeu la oportunitat de mirar el m\u00f3n a trav\u00e9s dels seus ulls.\u00bb<br \/>El Peri\u00f3dico \u00abUn narrador absolutament singular.\u00bb<br \/>Territorios\u00abObra perfecta.\u00bb<br \/>Caballo Verde \u00abReflexions d&#8217;una bellesa i una profunditat inusuals.\u00bb<br \/>Babelia \u00abP\u00e0gines plenes de tendresa.\u00bb<br \/>El Cultural\u00abUn llibre apassionant.\u00bb<br \/>Blanco y Negro Cultural \u00abExcepcional. En mirar a trav\u00e9s dels ulls d&#8217;en Christopher es veu el m\u00f3n amb m\u00e9s claredat i ens entenem millor a nosaltres mateixos. Qu\u00e8 m\u00e9s podem demanar-li a un llibre?\u00bb<br \/>The Sunday Telegraph<\/p>\n","protected":false},"excerpt":{"rendered":"<p>HADDON, MARK<\/p>\n","protected":false},"featured_media":412625,"template":"","meta":{"_acf_changed":false,"om_disable_all_campaigns":false,"rs_blank_template":"","rs_page_bg_color":"","slide_template_v7":"","inline_featured_image":false,"_monsterinsights_skip_tracking":false,"_monsterinsights_sitenote_active":false,"_monsterinsights_sitenote_note":"","_monsterinsights_sitenote_category":0},"product_brand":[],"product_cat":[127,357],"product_tag":[],"class_list":{"0":"post-412624","1":"product","2":"type-product","3":"status-publish","4":"has-post-thumbnail","6":"product_cat-novella-contemporania","7":"product_cat-novela-contemporanea","9":"first","10":"instock","11":"taxable","12":"shipping-taxable","13":"purchasable","14":"product-type-simple"},"acf":{"autor":"HADDON, MARK","codart":"841819685","libros-coleccion":"","ediciones":"1","encuadernacion":"R\u00fastica","fecha_de_publicacion":"01\/03\/2023","novedad":"1","paginas":"341","subtitulo":"","orden":"0","portada":"0","idioma":"cat","editorial":[{"ID":147699,"post_author":"3","post_date":"2022-10-14 11:52:34","post_date_gmt":"2022-10-14 09:52:34","post_content":"","post_title":"Debutxaca","post_excerpt":"","post_status":"publish","comment_status":"closed","ping_status":"closed","post_password":"","post_name":"debutxaca","to_ping":"","pinged":"","post_modified":"2022-10-14 11:52:34","post_modified_gmt":"2022-10-14 09:52:34","post_content_filtered":"","post_parent":0,"guid":"http:\/\/dev.claret.cat\/editorial\/debutxaca\/","menu_order":0,"post_type":"editorial","post_mime_type":"","comment_count":"0","filter":"raw"}],"autores-libros":[{"ID":164070,"post_author":"3","post_date":"2022-10-14 17:44:07","post_date_gmt":"2022-10-14 15:44:07","post_content":"","post_title":"MARK HADDON","post_excerpt":"","post_status":"publish","comment_status":"closed","ping_status":"closed","post_password":"","post_name":"mark-haddon","to_ping":"","pinged":"","post_modified":"2022-10-14 17:44:07","post_modified_gmt":"2022-10-14 15:44:07","post_content_filtered":"","post_parent":0,"guid":"http:\/\/dev.claret.cat\/autor\/mark-haddon\/","menu_order":0,"post_type":"autor","post_mime_type":"","comment_count":"0","filter":"raw"}],"booktrailer":"","resenas":""},"aioseo_notices":[],"_links":{"self":[{"href":"https:\/\/www.claret.cat\/es\/wp-json\/wp\/v2\/product\/412624","targetHints":{"allow":["GET"]}}],"collection":[{"href":"https:\/\/www.claret.cat\/es\/wp-json\/wp\/v2\/product"}],"about":[{"href":"https:\/\/www.claret.cat\/es\/wp-json\/wp\/v2\/types\/product"}],"wp:featuredmedia":[{"embeddable":true,"href":"https:\/\/www.claret.cat\/es\/wp-json\/wp\/v2\/media\/412625"}],"wp:attachment":[{"href":"https:\/\/www.claret.cat\/es\/wp-json\/wp\/v2\/media?parent=412624"}],"wp:term":[{"taxonomy":"product_brand","embeddable":true,"href":"https:\/\/www.claret.cat\/es\/wp-json\/wp\/v2\/product_brand?post=412624"},{"taxonomy":"product_cat","embeddable":true,"href":"https:\/\/www.claret.cat\/es\/wp-json\/wp\/v2\/product_cat?post=412624"},{"taxonomy":"product_tag","embeddable":true,"href":"https:\/\/www.claret.cat\/es\/wp-json\/wp\/v2\/product_tag?post=412624"}],"curies":[{"name":"wp","href":"https:\/\/api.w.org\/{rel}","templated":true}]}}