{"id":412662,"date":"2023-03-15T18:35:11","date_gmt":"2023-03-15T17:35:11","guid":{"rendered":"https:\/\/www.claret.cat\/llibre\/el-libro-de-mi-primera-comunion-9788417736675\/"},"modified":"2025-04-25T11:05:20","modified_gmt":"2025-04-25T09:05:20","slug":"el-libro-de-mi-primera-comunion-9788417736675","status":"publish","type":"product","link":"https:\/\/www.claret.cat\/es\/libro\/el-libro-de-mi-primera-comunion-9788417736675\/","title":{"rendered":"EL LIBRO DE MI PRIMERA COMUNI\u00d3N"},"content":{"rendered":"<p>Tu \u00e1lbum de recuerdos de la Primera Comuni\u00f3n. \u00a1El regalo perfecto para un d\u00eda tan especial! La Primera Comuni\u00f3n es un momento muy especial para los peque\u00f1os de la casa. Con este \u00e1lbum podr\u00e1n recopilar todos los recuerdos relacionados con una fecha tan se\u00f1alada. \u00bfQu\u00e9 incluye este libro?-Espacios para pegar fotos. -Un libro de firmas para que no te olvides de todos los que estuvieron contigo. -Lugar para escribir reflexiones y hablar sobre tu familia y la catequesis que has recibido. -Tambi\u00e9n, un espacio donde dedicar una carta a Jes\u00fas para darle las gracias por el d\u00eda tan bonito que has vivido. -Oraciones. -Historias b\u00edblicas ilustradas. -Los Mandamientos.-Los Sacramentos y los momentos clave de la liturgia cat\u00f3lica. El mejor obsequio para un d\u00eda inolvidable.<\/p>\n","protected":false},"excerpt":{"rendered":"<p>RONDA, MAGELA<\/p>\n","protected":false},"featured_media":412663,"template":"","meta":{"_acf_changed":false,"om_disable_all_campaigns":false,"rs_blank_template":"","rs_page_bg_color":"","slide_template_v7":"","inline_featured_image":false,"_monsterinsights_skip_tracking":false,"_monsterinsights_sitenote_active":false,"_monsterinsights_sitenote_note":"","_monsterinsights_sitenote_category":0},"product_brand":[],"product_cat":[216,475],"product_tag":[],"class_list":{"0":"post-412662","1":"product","2":"type-product","3":"status-publish","4":"has-post-thumbnail","6":"product_cat-primera-comunio-catequesi-1_espiritualitat","7":"product_cat-primera-comunion","9":"first","10":"instock","11":"taxable","12":"shipping-taxable","13":"purchasable","14":"product-type-simple"},"acf":{"autor":"RONDA, MAGELA","codart":"841773667","libros-coleccion":"B DE BLOK","ediciones":"1","encuadernacion":"Carton\u00e9","fecha_de_publicacion":"01\/02\/2020","novedad":"1","paginas":"96","subtitulo":"UN \u00c1LBUM DE RECUERDOS Y UN LIBRO DE FIRMAS PARA EL D\u00cdA DE TU PRIMERA COMUNI\u00d3N","orden":"0","portada":"0","idioma":"spa","editorial":[{"ID":294535,"post_author":"3","post_date":"2022-12-12 12:50:10","post_date_gmt":"2022-12-12 11:50:10","post_content":"","post_title":"B de Blok","post_excerpt":"","post_status":"publish","comment_status":"closed","ping_status":"closed","post_password":"","post_name":"b-de-blok","to_ping":"","pinged":"","post_modified":"2022-12-12 12:50:10","post_modified_gmt":"2022-12-12 11:50:10","post_content_filtered":"","post_parent":0,"guid":"http:\/\/dev.claret.cat\/editorial\/b-de-blok\/","menu_order":0,"post_type":"editorial","post_mime_type":"","comment_count":"0","filter":"raw"}],"autores-libros":[{"ID":162991,"post_author":"3","post_date":"2022-10-14 17:35:26","post_date_gmt":"2022-10-14 15:35:26","post_content":"","post_title":"MAGELA RONDA","post_excerpt":"","post_status":"publish","comment_status":"closed","ping_status":"closed","post_password":"","post_name":"magela-ronda","to_ping":"","pinged":"","post_modified":"2022-10-14 17:35:26","post_modified_gmt":"2022-10-14 15:35:26","post_content_filtered":"","post_parent":0,"guid":"http:\/\/dev.claret.cat\/autor\/magela-ronda\/","menu_order":0,"post_type":"autor","post_mime_type":"","comment_count":"0","filter":"raw"}],"booktrailer":"","resenas":""},"aioseo_notices":[],"_links":{"self":[{"href":"https:\/\/www.claret.cat\/es\/wp-json\/wp\/v2\/product\/412662","targetHints":{"allow":["GET"]}}],"collection":[{"href":"https:\/\/www.claret.cat\/es\/wp-json\/wp\/v2\/product"}],"about":[{"href":"https:\/\/www.claret.cat\/es\/wp-json\/wp\/v2\/types\/product"}],"wp:featuredmedia":[{"embeddable":true,"href":"https:\/\/www.claret.cat\/es\/wp-json\/wp\/v2\/media\/412663"}],"wp:attachment":[{"href":"https:\/\/www.claret.cat\/es\/wp-json\/wp\/v2\/media?parent=412662"}],"wp:term":[{"taxonomy":"product_brand","embeddable":true,"href":"https:\/\/www.claret.cat\/es\/wp-json\/wp\/v2\/product_brand?post=412662"},{"taxonomy":"product_cat","embeddable":true,"href":"https:\/\/www.claret.cat\/es\/wp-json\/wp\/v2\/product_cat?post=412662"},{"taxonomy":"product_tag","embeddable":true,"href":"https:\/\/www.claret.cat\/es\/wp-json\/wp\/v2\/product_tag?post=412662"}],"curies":[{"name":"wp","href":"https:\/\/api.w.org\/{rel}","templated":true}]}}