{"id":412674,"date":"2023-03-15T18:40:43","date_gmt":"2023-03-15T17:40:43","guid":{"rendered":"https:\/\/www.claret.cat\/llibre\/el-petit-princep-edicio-bilingue-angles-9788419275288\/"},"modified":"2023-10-11T03:41:17","modified_gmt":"2023-10-11T01:41:17","slug":"el-petit-princep-edicio-bilingue-angles-9788419275288","status":"publish","type":"product","link":"https:\/\/www.claret.cat\/es\/libro\/el-petit-princep-edicio-bilingue-angles-9788419275288\/","title":{"rendered":"EL PETIT PRINCEP (EDICI\u00d3 BILING\u00dcE ANGL\u00c8S)"},"content":{"rendered":"<p>Edici\u00f3 oficial biling\u00fce catal\u00e0-angl\u00e8s d&#8217;El Petit Pr\u00edncep, la coneguda faula m\u00edtica i relat filos\u00f2fic de Saint-Exup\u00e9ry Apr\u00e8n angl\u00e8s de la m\u00e0 del personatge m\u00e9s estimat de la literatura universal amb aquesta edici\u00f3 biling\u00fce d&#8217;El Petit Pr\u00edncep. El cl\u00e0ssic d&#8217;Antoine de Saint-Exup\u00e9ry en angl\u00e8s i en catal\u00e0, de manera que el lector podr\u00e0 comparar les dues versions mentre segueix la hist\u00f2ria.\u00abLa primera nit, doncs, em vaig adormir a la sorra a mil milles de cap terra habitada. Estava molt m\u00e9s a\u00efllat que un n\u00e0ufrag en un rai al mig de l&#8217;oce\u00e0. O sigui que imagineu-vos la sorpresa que vaig tenir, a trenc d&#8217;alba, quan una veueta molt especial em va despertar. Deia: \u2014Si us plau&#8230; dibuixa&#8217;m un be!\u00bb<\/p>\n","protected":false},"excerpt":{"rendered":"<p>SAINT-EXUP\u00c9RY, ANTOINE DE<\/p>\n","protected":false},"featured_media":412675,"template":"","meta":{"_acf_changed":false,"om_disable_all_campaigns":false,"rs_blank_template":"","rs_page_bg_color":"","slide_template_v7":"","inline_featured_image":false,"_monsterinsights_skip_tracking":false,"_monsterinsights_sitenote_active":false,"_monsterinsights_sitenote_note":"","_monsterinsights_sitenote_category":0},"product_brand":[],"product_cat":[133,354,123,117,566,363],"product_tag":[],"class_list":{"0":"post-412674","1":"product","2":"type-product","3":"status-publish","4":"has-post-thumbnail","6":"product_cat-lectures-per-adolescents-12-18-anys","7":"product_cat-clasica","8":"product_cat-classica","9":"product_cat-juvenil","10":"product_cat-juvenil-3_infantil-juvenil-spa-spa","11":"product_cat-lecturas-por-adolescentes-12-18-anos","13":"first","14":"instock","15":"taxable","16":"shipping-taxable","17":"purchasable","18":"product-type-simple"},"acf":{"autor":"SAINT-EXUP\u00c9RY, ANTOINE DE","codart":"841927528","libros-coleccion":"","ediciones":"1","encuadernacion":"R\u00fastica","fecha_de_publicacion":"01\/03\/2023","novedad":"1","paginas":"96","subtitulo":"","orden":"0","portada":"0","idioma":"cat","editorial":[{"ID":6354,"post_author":"3","post_date":"2022-07-28 17:50:23","post_date_gmt":"2022-07-28 15:50:23","post_content":"","post_title":"Salamandra Infantil y Juvenil","post_excerpt":"","post_status":"publish","comment_status":"closed","ping_status":"closed","post_password":"","post_name":"salamandra-infantil-y-juvenil","to_ping":"","pinged":"","post_modified":"2022-07-28 17:50:23","post_modified_gmt":"2022-07-28 15:50:23","post_content_filtered":"","post_parent":0,"guid":"http:\/\/dev.claret.cat\/editorial\/salamandra-infantil-y-juvenil\/","menu_order":0,"post_type":"editorial","post_mime_type":"","comment_count":"0","filter":"raw"}],"autores-libros":[{"ID":150784,"post_author":"3","post_date":"2022-10-14 14:35:43","post_date_gmt":"2022-10-14 12:35:43","post_content":"","post_title":"ANTOINE DE SAINT-EXUPERY","post_excerpt":"","post_status":"publish","comment_status":"closed","ping_status":"closed","post_password":"","post_name":"antoine-de-saint-exupery","to_ping":"","pinged":"","post_modified":"2022-10-14 14:35:43","post_modified_gmt":"2022-10-14 12:35:43","post_content_filtered":"","post_parent":0,"guid":"http:\/\/dev.claret.cat\/autor\/antoine-de-saint-exupery\/","menu_order":0,"post_type":"autor","post_mime_type":"","comment_count":"0","filter":"raw"}]},"aioseo_notices":[],"_links":{"self":[{"href":"https:\/\/www.claret.cat\/es\/wp-json\/wp\/v2\/product\/412674","targetHints":{"allow":["GET"]}}],"collection":[{"href":"https:\/\/www.claret.cat\/es\/wp-json\/wp\/v2\/product"}],"about":[{"href":"https:\/\/www.claret.cat\/es\/wp-json\/wp\/v2\/types\/product"}],"wp:featuredmedia":[{"embeddable":true,"href":"https:\/\/www.claret.cat\/es\/wp-json\/wp\/v2\/media\/412675"}],"wp:attachment":[{"href":"https:\/\/www.claret.cat\/es\/wp-json\/wp\/v2\/media?parent=412674"}],"wp:term":[{"taxonomy":"product_brand","embeddable":true,"href":"https:\/\/www.claret.cat\/es\/wp-json\/wp\/v2\/product_brand?post=412674"},{"taxonomy":"product_cat","embeddable":true,"href":"https:\/\/www.claret.cat\/es\/wp-json\/wp\/v2\/product_cat?post=412674"},{"taxonomy":"product_tag","embeddable":true,"href":"https:\/\/www.claret.cat\/es\/wp-json\/wp\/v2\/product_tag?post=412674"}],"curies":[{"name":"wp","href":"https:\/\/api.w.org\/{rel}","templated":true}]}}