{"id":412677,"date":"2023-03-15T18:45:03","date_gmt":"2023-03-15T17:45:03","guid":{"rendered":"https:\/\/www.claret.cat\/llibre\/cuadernos-ucranianos-diario-de-una-invasion-9788418621642\/"},"modified":"2023-10-11T03:41:14","modified_gmt":"2023-10-11T01:41:14","slug":"cuadernos-ucranianos-diario-de-una-invasion-9788418621642","status":"publish","type":"product","link":"https:\/\/www.claret.cat\/es\/libro\/cuadernos-ucranianos-diario-de-una-invasion-9788418621642\/","title":{"rendered":"CUADERNOS UCRANIANOS. DIARIO DE UNA INVASI\u00d3N"},"content":{"rendered":"<p>Igort, autor de Cuadernos rusos y ucranianos, presenta un emotivo y necesario reportaje gr\u00e1fico sobre la actual guerra ruso-ucraniana. Tras arrojar luz sobre el origen y los motivos del conflicto en Cuadernos ucranianos y rusos. Vida y muerte bajo el r\u00e9gimen sovi\u00e9tico (Salamandra, 2020), obra premiada internacionalmente, Igort aborda ahora la inevitable continuaci\u00f3n de esta primera parte en Cuadernos ucranianos. Diario de una invasi\u00f3n.En este segundo reportaje gr\u00e1fico, el autor traduce en im\u00e1genes el registro de decenas de llamadas telef\u00f3nicas que mantiene a diario con testimonios de la guerra, que le hablan de la vida de penurias y privaciones, de la pesadilla y del horror, de su nueva realidad. Cuadernos ucranianos. Diario de una invasi\u00f3n es un esfuerzo period\u00edstico formidable y a la vez un homenaje conmovedor a las v\u00edctimas an\u00f3nimas de un conflicto desgarrador.<\/p>\n","protected":false},"excerpt":{"rendered":"<p>IGORT<\/p>\n","protected":false},"featured_media":412678,"template":"","meta":{"_acf_changed":false,"om_disable_all_campaigns":false,"rs_blank_template":"","rs_page_bg_color":"","slide_template_v7":"","inline_featured_image":false,"_monsterinsights_skip_tracking":false,"_monsterinsights_sitenote_active":false,"_monsterinsights_sitenote_note":"","_monsterinsights_sitenote_category":0},"product_brand":[],"product_cat":[108,558],"product_tag":[],"class_list":{"0":"post-412677","1":"product","2":"type-product","3":"status-publish","4":"has-post-thumbnail","6":"product_cat-comic","7":"product_cat-comic-3_infantil-juvenil-spa-spa","9":"first","10":"instock","11":"taxable","12":"shipping-taxable","13":"purchasable","14":"product-type-simple"},"acf":{"autor":"IGORT","codart":"841862164","libros-coleccion":"Salamandra Graphic","ediciones":"1","encuadernacion":"Carton\u00e9","fecha_de_publicacion":"01\/03\/2023","novedad":"1","paginas":"168","subtitulo":"","orden":"0","portada":"0","idioma":"spa","editorial":[{"ID":148771,"post_author":"3","post_date":"2022-10-14 12:00:51","post_date_gmt":"2022-10-14 10:00:51","post_content":"","post_title":"Salamandra Graphic","post_excerpt":"","post_status":"publish","comment_status":"closed","ping_status":"closed","post_password":"","post_name":"salamandra-graphic","to_ping":"","pinged":"","post_modified":"2022-10-14 12:00:51","post_modified_gmt":"2022-10-14 10:00:51","post_content_filtered":"","post_parent":0,"guid":"http:\/\/dev.claret.cat\/editorial\/salamandra-graphic\/","menu_order":0,"post_type":"editorial","post_mime_type":"","comment_count":"0","filter":"raw"}],"autores-libros":[{"ID":157822,"post_author":"3","post_date":"2022-10-14 15:31:55","post_date_gmt":"2022-10-14 13:31:55","post_content":"","post_title":"IGORT","post_excerpt":"","post_status":"publish","comment_status":"closed","ping_status":"closed","post_password":"","post_name":"igort","to_ping":"","pinged":"","post_modified":"2022-10-14 15:31:55","post_modified_gmt":"2022-10-14 13:31:55","post_content_filtered":"","post_parent":0,"guid":"http:\/\/dev.claret.cat\/autor\/igort\/","menu_order":0,"post_type":"autor","post_mime_type":"","comment_count":"0","filter":"raw"}]},"aioseo_notices":[],"_links":{"self":[{"href":"https:\/\/www.claret.cat\/es\/wp-json\/wp\/v2\/product\/412677","targetHints":{"allow":["GET"]}}],"collection":[{"href":"https:\/\/www.claret.cat\/es\/wp-json\/wp\/v2\/product"}],"about":[{"href":"https:\/\/www.claret.cat\/es\/wp-json\/wp\/v2\/types\/product"}],"wp:featuredmedia":[{"embeddable":true,"href":"https:\/\/www.claret.cat\/es\/wp-json\/wp\/v2\/media\/412678"}],"wp:attachment":[{"href":"https:\/\/www.claret.cat\/es\/wp-json\/wp\/v2\/media?parent=412677"}],"wp:term":[{"taxonomy":"product_brand","embeddable":true,"href":"https:\/\/www.claret.cat\/es\/wp-json\/wp\/v2\/product_brand?post=412677"},{"taxonomy":"product_cat","embeddable":true,"href":"https:\/\/www.claret.cat\/es\/wp-json\/wp\/v2\/product_cat?post=412677"},{"taxonomy":"product_tag","embeddable":true,"href":"https:\/\/www.claret.cat\/es\/wp-json\/wp\/v2\/product_tag?post=412677"}],"curies":[{"name":"wp","href":"https:\/\/api.w.org\/{rel}","templated":true}]}}