{"id":412728,"date":"2023-03-16T10:35:28","date_gmt":"2023-03-16T09:35:28","guid":{"rendered":"https:\/\/www.claret.cat\/llibre\/el-padrenuestro-9788428566919\/"},"modified":"2024-05-02T07:46:36","modified_gmt":"2024-05-02T05:46:36","slug":"el-padrenuestro-9788428566919","status":"publish","type":"product","link":"https:\/\/www.claret.cat\/es\/libro\/el-padrenuestro-9788428566919\/","title":{"rendered":"EL PADRENUESTRO"},"content":{"rendered":"<p>Leonardo Boff ha querido actualizar el que es quiz\u00e1 su libro m\u00e1s emblem\u00e1tico: El padrenuestro, adapt\u00e1ndolo a la traducci\u00f3n m\u00e1s reciente y con un breve pero rico prefacio datado en la Pascua de 2022. Su meditaci\u00f3n nos lleva a descubrir que la oraci\u00f3n del padrenuestro que Jes\u00fas ense\u00f1\u00f3 a sus disc\u00edpulos es un proyecto de liberaci\u00f3n integral, un medio para ensanchar nuestra mente y nuestras capacidades m\u00e1s all\u00e1 de nuestro peque\u00f1o horizonte, y el coraz\u00f3n y el alma m\u00e1s all\u00e1 de nuestros l\u00edmites. A\u00fan m\u00e1s, el autor nos ense\u00f1a que la oraci\u00f3n del padrenuestro se basa en un providencial misterio: en que la causa de Dios no es ajena a la causa del hombre, y que la causa del hombre no es extra\u00f1a a la causa de Dios. Pues el impulso con que el hombre se levanta hacia el cielo y suplica a Dios, se curva tambi\u00e9n hacia la tierra y ata\u00f1e a las urgencias terrestres.<\/p>\n","protected":false},"excerpt":{"rendered":"<p>BOFF, LEONARDO<\/p>\n","protected":false},"featured_media":412729,"template":"","meta":{"_acf_changed":false,"om_disable_all_campaigns":false,"rs_blank_template":"","rs_page_bg_color":"","slide_template_v7":"","inline_featured_image":false,"_monsterinsights_skip_tracking":false,"_monsterinsights_sitenote_active":false,"_monsterinsights_sitenote_note":"","_monsterinsights_sitenote_category":0},"product_brand":[],"product_cat":[298,522],"product_tag":[],"class_list":{"0":"post-412728","1":"product","2":"type-product","3":"status-publish","4":"has-post-thumbnail","6":"product_cat-sacramental","7":"product_cat-sacramental-pastoral-1_espiritualidad","9":"first","10":"instock","11":"taxable","12":"shipping-taxable","13":"purchasable","14":"product-type-simple"},"acf":{"autor":"BOFF, LEONARDO","codart":"842856691","libros-coleccion":"Caminos","ediciones":"1","encuadernacion":"R\u00fastica","fecha_de_publicacion":"15\/03\/2023","novedad":"1","paginas":"191","subtitulo":"LA ORACI\u00d3N DE LA LIBERACI\u00d3N INTEGRAL","orden":"0","portada":"0","idioma":"spa","editorial":[{"ID":6356,"post_author":"3","post_date":"2022-07-28 17:50:26","post_date_gmt":"2022-07-28 15:50:26","post_content":"","post_title":"SAN PABLO COMUNICACI\u00d3N","post_excerpt":"","post_status":"publish","comment_status":"closed","ping_status":"closed","post_password":"","post_name":"san-pablo-comunicacion","to_ping":"","pinged":"","post_modified":"2022-07-28 17:50:26","post_modified_gmt":"2022-07-28 15:50:26","post_content_filtered":"","post_parent":0,"guid":"http:\/\/dev.claret.cat\/editorial\/san-pablo-comunicacion\/","menu_order":0,"post_type":"editorial","post_mime_type":"","comment_count":"0","filter":"raw"}],"autores-libros":[{"ID":5720,"post_author":"3","post_date":"2022-07-28 17:30:01","post_date_gmt":"2022-07-28 15:30:01","post_content":"","post_title":"LEONARDO BOFF","post_excerpt":"","post_status":"publish","comment_status":"closed","ping_status":"closed","post_password":"","post_name":"leonardo-boff","to_ping":"","pinged":"","post_modified":"2022-07-28 17:30:01","post_modified_gmt":"2022-07-28 15:30:01","post_content_filtered":"","post_parent":0,"guid":"http:\/\/dev.claret.cat\/autor\/leonardo-boff\/","menu_order":0,"post_type":"autor","post_mime_type":"","comment_count":"0","filter":"raw"}]},"aioseo_notices":[],"_links":{"self":[{"href":"https:\/\/www.claret.cat\/es\/wp-json\/wp\/v2\/product\/412728","targetHints":{"allow":["GET"]}}],"collection":[{"href":"https:\/\/www.claret.cat\/es\/wp-json\/wp\/v2\/product"}],"about":[{"href":"https:\/\/www.claret.cat\/es\/wp-json\/wp\/v2\/types\/product"}],"wp:featuredmedia":[{"embeddable":true,"href":"https:\/\/www.claret.cat\/es\/wp-json\/wp\/v2\/media\/412729"}],"wp:attachment":[{"href":"https:\/\/www.claret.cat\/es\/wp-json\/wp\/v2\/media?parent=412728"}],"wp:term":[{"taxonomy":"product_brand","embeddable":true,"href":"https:\/\/www.claret.cat\/es\/wp-json\/wp\/v2\/product_brand?post=412728"},{"taxonomy":"product_cat","embeddable":true,"href":"https:\/\/www.claret.cat\/es\/wp-json\/wp\/v2\/product_cat?post=412728"},{"taxonomy":"product_tag","embeddable":true,"href":"https:\/\/www.claret.cat\/es\/wp-json\/wp\/v2\/product_tag?post=412728"}],"curies":[{"name":"wp","href":"https:\/\/api.w.org\/{rel}","templated":true}]}}