{"id":412740,"date":"2023-03-16T11:25:01","date_gmt":"2023-03-16T10:25:01","guid":{"rendered":"https:\/\/www.claret.cat\/llibre\/cos-a-terra-9788419245113\/"},"modified":"2023-10-11T03:40:26","modified_gmt":"2023-10-11T01:40:26","slug":"cos-a-terra-9788419245113","status":"publish","type":"product","link":"https:\/\/www.claret.cat\/es\/libro\/cos-a-terra-9788419245113\/","title":{"rendered":"COS A TERRA"},"content":{"rendered":"<p>Un thriller amb rerefons pol\u00edtic en qu\u00e8 Toni Aira ret un homenatge als grans cl\u00e0ssics del g\u00e8nere del misteri i en qu\u00e8 l&#8221;humor \u00e9s ben present.  Una novel\u00b7la delirant, fins i tot encara m\u00e9s que la nostra pol\u00edtica de cada dia. L&#8221;acte d&#8221;enganxada del cartell donar\u00e0 el tret de sortida a una nova campanya electoral, per\u00f2 en aquesta ocasi\u00f3 la cursa per saber qui ser\u00e0 el guanyador de les properes eleccions quedar\u00e0 tenyida de sang i esquitxada per una llarga llista de sospitosos: pol\u00edtics, periodistes i assessors. En Max Margarit, assessor pol\u00edtic d&#8221;un candidat una mica especial, \u00e9s el nostre protagonista. A trav\u00e9s del seu diari personal, amb ell reconvertit en detectiu ocasional, seguirem les seves c\u00e0bales i les pistes que anir\u00e0 trobant, en una peculiar campanya electoral on ning\u00fa quedar\u00e0 lliure de sospita.Qui guanyar\u00e0 les eleccions? Qui hi ha darrere de les morts? I&#8230; qu\u00e8 n&#8221;opinaran els afamats tertulians, v\u00edctimes i assassins en pot\u00e8ncia?<\/p>\n","protected":false},"excerpt":{"rendered":"<p>AIRA FOIX, TONI<\/p>\n","protected":false},"featured_media":412741,"template":"","meta":{"_acf_changed":false,"om_disable_all_campaigns":false,"rs_blank_template":"","rs_page_bg_color":"","slide_template_v7":"","inline_featured_image":false,"_monsterinsights_skip_tracking":false,"_monsterinsights_sitenote_active":false,"_monsterinsights_sitenote_note":"","_monsterinsights_sitenote_category":0},"product_brand":[],"product_cat":[127,357],"product_tag":[],"class_list":{"0":"post-412740","1":"product","2":"type-product","3":"status-publish","4":"has-post-thumbnail","6":"product_cat-novella-contemporania","7":"product_cat-novela-contemporanea","9":"first","10":"instock","11":"taxable","12":"shipping-taxable","13":"purchasable","14":"product-type-simple"},"acf":{"autor":"AIRA FOIX, TONI","codart":"841924511","libros-coleccion":"","ediciones":"1","encuadernacion":"R\u00fastica","fecha_de_publicacion":"01\/02\/2023","novedad":"1","paginas":"256","subtitulo":"","orden":"0","portada":"0","idioma":"cat","editorial":[{"ID":6276,"post_author":"3","post_date":"2022-07-28 17:48:43","post_date_gmt":"2022-07-28 15:48:43","post_content":"","post_title":"LA CAMPANA","post_excerpt":"","post_status":"publish","comment_status":"closed","ping_status":"closed","post_password":"","post_name":"la-campana","to_ping":"","pinged":"","post_modified":"2022-07-28 17:48:43","post_modified_gmt":"2022-07-28 15:48:43","post_content_filtered":"","post_parent":0,"guid":"http:\/\/dev.claret.cat\/editorial\/la-campana\/","menu_order":0,"post_type":"editorial","post_mime_type":"","comment_count":"0","filter":"raw"}],"autores-libros":[{"ID":170531,"post_author":"3","post_date":"2022-10-14 22:36:06","post_date_gmt":"2022-10-14 20:36:06","post_content":"","post_title":"TONI AIRA FOIX","post_excerpt":"","post_status":"publish","comment_status":"closed","ping_status":"closed","post_password":"","post_name":"toni-aira-foix","to_ping":"","pinged":"","post_modified":"2022-10-14 22:36:06","post_modified_gmt":"2022-10-14 20:36:06","post_content_filtered":"","post_parent":0,"guid":"http:\/\/dev.claret.cat\/autor\/toni-aira-foix\/","menu_order":0,"post_type":"autor","post_mime_type":"","comment_count":"0","filter":"raw"}]},"aioseo_notices":[],"_links":{"self":[{"href":"https:\/\/www.claret.cat\/es\/wp-json\/wp\/v2\/product\/412740","targetHints":{"allow":["GET"]}}],"collection":[{"href":"https:\/\/www.claret.cat\/es\/wp-json\/wp\/v2\/product"}],"about":[{"href":"https:\/\/www.claret.cat\/es\/wp-json\/wp\/v2\/types\/product"}],"wp:featuredmedia":[{"embeddable":true,"href":"https:\/\/www.claret.cat\/es\/wp-json\/wp\/v2\/media\/412741"}],"wp:attachment":[{"href":"https:\/\/www.claret.cat\/es\/wp-json\/wp\/v2\/media?parent=412740"}],"wp:term":[{"taxonomy":"product_brand","embeddable":true,"href":"https:\/\/www.claret.cat\/es\/wp-json\/wp\/v2\/product_brand?post=412740"},{"taxonomy":"product_cat","embeddable":true,"href":"https:\/\/www.claret.cat\/es\/wp-json\/wp\/v2\/product_cat?post=412740"},{"taxonomy":"product_tag","embeddable":true,"href":"https:\/\/www.claret.cat\/es\/wp-json\/wp\/v2\/product_tag?post=412740"}],"curies":[{"name":"wp","href":"https:\/\/api.w.org\/{rel}","templated":true}]}}