{"id":412751,"date":"2023-03-16T15:45:02","date_gmt":"2023-03-16T14:45:02","guid":{"rendered":"https:\/\/www.claret.cat\/llibre\/en-familia-con-santa-monica-9788497155502\/"},"modified":"2026-02-02T17:55:56","modified_gmt":"2026-02-02T16:55:56","slug":"en-familia-con-santa-monica-9788497155502","status":"publish","type":"product","link":"https:\/\/www.claret.cat\/es\/libro\/en-familia-con-santa-monica-9788497155502\/","title":{"rendered":"EN FAMILIA CON SANTA M\u00d3NICA"},"content":{"rendered":"<p>Santa M\u00f3nica es modelo de las madres cristianas y objeto de una devoci\u00f3n muy extendida a lo largo de la historia. Vivi\u00f3 en las postrimer\u00edas del Imperio Romano, en un horizonte cultural dif\u00edcil, donde la cultura dominante se muestra contraria a los valores cristianos. Viv\u00eda en constante preocupaci\u00f3n por su hijo Agust\u00edn, para que descubriera y se adhiriera vitalmente a la fe de la Iglesia. Destaca su oraci\u00f3n perseverante, movida por su grand\u00edsima confianza en Dios.<\/p>\n<p> Actualmente existen diversos grupos de madres que, inspirados en el ejemplo de santa M\u00f3nica, se re\u00fanen para rezar por sus hijos. Esta iniciativa recibi\u00f3 un impulso providencial con la Comunidad de madres cristianas Santa M\u00f3nica surgida en la d\u00e9cada de 1980 en la parroquia de Santa Rita de Madrid, de los Agustinos Recoletos. <\/p>\n<p> Los padres agustinos Manuel Morales y Santiago M. Insunza contribuyen con este libro al conocimiento y difusi\u00f3n de estos grupos de madres inspirados en santa M\u00f3nica. Un libro de gran inter\u00e9s para quienes pertenecen a estos grupos y para todas las madres preocupadas y atentas al crecimiento de sus hijos en la fe y que se esfuerzan para que estos abran sus corazones a las ense\u00f1anzas del Maestro interior. <\/p>\n<p> El libro tambi\u00e9n resultar\u00e1 de gran utilidad para quienes deseen acercarse y conocer algunos temas de la espiritualidad agustiniana, como las fraternidades seglares agustinianas, y otros grupos de laicos agustinos, as\u00ed como para todo cristiano que quiera acercarse a M\u00f3nica y Agust\u00edn y conocer los elementos caracter\u00edsticos de esta espiritualidad, cuyo centro es siempre Cristo.<\/p>\n","protected":false},"excerpt":{"rendered":"<p>MORALES, MANUEL \/ INSUNZA, SANTIAGO M.<\/p>\n","protected":false},"featured_media":1080366,"template":"","meta":{"_acf_changed":false,"om_disable_all_campaigns":false,"rs_blank_template":"","rs_page_bg_color":"","slide_template_v7":"","inline_featured_image":false,"_monsterinsights_skip_tracking":false,"_monsterinsights_sitenote_active":false,"_monsterinsights_sitenote_note":"","_monsterinsights_sitenote_category":0},"product_brand":[],"product_cat":[95,545],"product_tag":[],"class_list":{"0":"post-412751","1":"product","2":"type-product","3":"status-publish","4":"has-post-thumbnail","6":"product_cat-santoral","7":"product_cat-santoral-1_espiritualidad-spa","9":"first","10":"instock","11":"taxable","12":"shipping-taxable","13":"purchasable","14":"product-type-simple"},"acf":{"autor":"MORALES, MANUEL \/ INSUNZA, SANTIAGO M.","codart":"849715550","libros-coleccion":"FORA DE COL.LECCI\u00d3","ediciones":"1","encuadernacion":"R\u00fastica","fecha_de_publicacion":"01\/03\/2023","novedad":"1","paginas":"286","subtitulo":"","orden":"0","portada":"0","idioma":"spa","editorial":[{"ID":6157,"post_author":"3","post_date":"2022-07-28 17:46:07","post_date_gmt":"2022-07-28 15:46:07","post_content":"","post_title":"Ciudad Nueva","post_excerpt":"","post_status":"publish","comment_status":"closed","ping_status":"closed","post_password":"","post_name":"ciudad-nueva","to_ping":"","pinged":"","post_modified":"2022-07-28 17:46:07","post_modified_gmt":"2022-07-28 15:46:07","post_content_filtered":"","post_parent":0,"guid":"http:\/\/dev.claret.cat\/editorial\/ciudad-nueva\/","menu_order":0,"post_type":"editorial","post_mime_type":"","comment_count":"0","filter":"raw"}],"autores-libros":[{"ID":412757,"post_author":"3","post_date":"2023-03-16 15:55:32","post_date_gmt":"2023-03-16 14:55:32","post_content":"","post_title":"SANTIAGO M. INSUNZA","post_excerpt":"","post_status":"publish","comment_status":"closed","ping_status":"closed","post_password":"","post_name":"santiago-m-insunza","to_ping":"","pinged":"","post_modified":"2023-03-16 15:55:32","post_modified_gmt":"2023-03-16 14:55:32","post_content_filtered":"","post_parent":0,"guid":"https:\/\/www.claret.cat\/autor\/santiago-m-insunza\/","menu_order":0,"post_type":"autor","post_mime_type":"","comment_count":"0","filter":"raw"},{"ID":163195,"post_author":"3","post_date":"2022-10-14 17:37:05","post_date_gmt":"2022-10-14 15:37:05","post_content":"","post_title":"MANUEL MORALES","post_excerpt":"","post_status":"publish","comment_status":"closed","ping_status":"closed","post_password":"","post_name":"manuel-morales","to_ping":"","pinged":"","post_modified":"2022-10-14 17:37:05","post_modified_gmt":"2022-10-14 15:37:05","post_content_filtered":"","post_parent":0,"guid":"http:\/\/dev.claret.cat\/autor\/manuel-morales\/","menu_order":0,"post_type":"autor","post_mime_type":"","comment_count":"0","filter":"raw"}],"booktrailer":"","resenas":""},"aioseo_notices":[],"_links":{"self":[{"href":"https:\/\/www.claret.cat\/es\/wp-json\/wp\/v2\/product\/412751","targetHints":{"allow":["GET"]}}],"collection":[{"href":"https:\/\/www.claret.cat\/es\/wp-json\/wp\/v2\/product"}],"about":[{"href":"https:\/\/www.claret.cat\/es\/wp-json\/wp\/v2\/types\/product"}],"wp:featuredmedia":[{"embeddable":true,"href":"https:\/\/www.claret.cat\/es\/wp-json\/wp\/v2\/media\/1080366"}],"wp:attachment":[{"href":"https:\/\/www.claret.cat\/es\/wp-json\/wp\/v2\/media?parent=412751"}],"wp:term":[{"taxonomy":"product_brand","embeddable":true,"href":"https:\/\/www.claret.cat\/es\/wp-json\/wp\/v2\/product_brand?post=412751"},{"taxonomy":"product_cat","embeddable":true,"href":"https:\/\/www.claret.cat\/es\/wp-json\/wp\/v2\/product_cat?post=412751"},{"taxonomy":"product_tag","embeddable":true,"href":"https:\/\/www.claret.cat\/es\/wp-json\/wp\/v2\/product_tag?post=412751"}],"curies":[{"name":"wp","href":"https:\/\/api.w.org\/{rel}","templated":true}]}}