{"id":41286,"date":"2022-10-02T19:38:29","date_gmt":"2022-10-02T17:38:29","guid":{"rendered":"http:\/\/dev.claret.cat\/producte\/la-naturaleza-de-la-tierra-media\/"},"modified":"2023-10-06T10:18:04","modified_gmt":"2023-10-06T08:18:04","slug":"la-naturaleza-de-la-tierra-media-9788445011997","status":"publish","type":"product","link":"https:\/\/www.claret.cat\/es\/libro\/la-naturaleza-de-la-tierra-media-9788445011997\/","title":{"rendered":"LA NATURALEZA DE LA TIERRA MEDIA"},"content":{"rendered":"<p>J.R.R. Tolkien opinaba que El Silmarillion era el fundamento para su mundo imaginado, pero a pesar de ser la obra primaria y central, no fue capaz de llevarla a su forma final, y le toc\u00f3 a su hijo, Christopher, construir la \u00faltima versi\u00f3n de un \u2018Silmarillion&#8221; a partir de los relatos dejados por su padre cuando \u00e9ste falleci\u00f3.<br \/> Porque, partiendo de un mito cerrado, con un comienzo y un final, el material narrativo hab\u00eda llegado a adquirir una extensi\u00f3n enorme, con importantes personajes que emerg\u00edan de los D\u00edas Antiguos, entre los cuales Galadriel era la m\u00e1s importante. Por lo tanto, Tolkien tuvo que realizar una gran cantidad de \u201creescrituras\u201d para que El Silmarillion guardase una correcta relaci\u00f3n con El Se\u00f1or de los Anillos.<br \/> Los escritos recogidos en La naturaleza de la Tierra Media muestran los caminos que Tolkien tom\u00f3 en busca de una mejor comprensi\u00f3n \u2014m\u00e1s precisa, completa y consistente\u2014 de su propia y singular creaci\u00f3n. Estos escritos, de diferentes extensiones, abarcan diversos temas, tales como:<br \/> *El envejecimiento y la actuaci\u00f3n del tiempo sobre los seres inmortales y mortales de la Tierra Media, y el sorprendente grado de precisi\u00f3n y habilidad matem\u00e1tica que Tolkien aplic\u00f3 para conseguir unos esquemas rigurosos en este sentido;<br \/> *Asuntos fundacionales como la creaci\u00f3n, la vida, el destino y el libre albedr\u00edo, el funcionamiento del cuerpo y el esp\u00edritu y la relaci\u00f3n entre ambos, as\u00ed como la naturaleza de la autoridad, el sentido de la vida y la muerte;<br \/> *Descripciones v\u00edvidas de las tierras, los animales y los pueblos de Nu\u00b4menor;<br \/> *Descripciones del aspecto f\u00edsico de varios personajes de El Se\u00f1or de los Anillos, entre ellas explicaciones de qui\u00e9n ten\u00eda barba y qui\u00e9n no.<br \/> Todos estos escritos revelan nuevos e insospechados detalles de la filosof\u00eda, imaginaci\u00f3n y subcreaci\u00f3n de Tolkien, que resultan sorprendentes, profundos e incluso divertidos.<br \/> Esta nueva colecci\u00f3n, que ha sido editada por Carl F. Hostetter, uno de los principales expertos en Tolkien, es un aut\u00e9ntico tesoro que ofrece a los lectores una oportunidad de mirar sobre el hombro del Profesor Tolkien mientras iba descubriendo cosas nuevas. En cada p\u00e1gina, la Tierra Media vuelve a cobrar vida con una fuerza extraordinaria.<\/p>\n","protected":false},"excerpt":{"rendered":"<p>TOLKIEN, J. R. R.<\/p>\n","protected":false},"featured_media":57601,"template":"","meta":{"_acf_changed":false,"om_disable_all_campaigns":false,"rs_blank_template":"","rs_page_bg_color":"","slide_template_v7":"","inline_featured_image":false,"_monsterinsights_skip_tracking":false,"_monsterinsights_sitenote_active":false,"_monsterinsights_sitenote_note":"","_monsterinsights_sitenote_category":0},"product_brand":[],"product_cat":[357],"product_tag":[],"class_list":{"0":"post-41286","1":"product","2":"type-product","3":"status-publish","4":"has-post-thumbnail","6":"product_cat-novela-contemporanea","8":"first","9":"instock","10":"taxable","11":"shipping-taxable","12":"purchasable","13":"product-type-simple"},"acf":{"autor":"TOLKIEN, J. R. R.","codart":"844501199","libros-coleccion":"BIBLIOTECA J. R. R. TOLKIEN","ediciones":"1","encuadernacion":"Carton\u00e9","fecha_de_publicacion":"01\/03\/2022","novedad":"1","paginas":"478","subtitulo":"EDITADO POR CARL F. HOSTETTER","orden":"0","portada":"0","idioma":"spa","editorial":[{"ID":6308,"post_author":"3","post_date":"2022-07-28 17:49:24","post_date_gmt":"2022-07-28 15:49:24","post_content":"","post_title":"Minotauro","post_excerpt":"","post_status":"publish","comment_status":"closed","ping_status":"closed","post_password":"","post_name":"minotauro","to_ping":"","pinged":"","post_modified":"2022-07-28 17:49:24","post_modified_gmt":"2022-07-28 15:49:24","post_content_filtered":"","post_parent":0,"guid":"http:\/\/dev.claret.cat\/editorial\/minotauro\/","menu_order":0,"post_type":"editorial","post_mime_type":"","comment_count":"0","filter":"raw"}],"autores-libros":[{"ID":5558,"post_author":"3","post_date":"2022-07-28 17:26:34","post_date_gmt":"2022-07-28 15:26:34","post_content":"","post_title":"J. R. R. TOLKIEN","post_excerpt":"","post_status":"publish","comment_status":"closed","ping_status":"closed","post_password":"","post_name":"j-r-r-tolkien","to_ping":"","pinged":"","post_modified":"2022-07-28 17:26:34","post_modified_gmt":"2022-07-28 15:26:34","post_content_filtered":"","post_parent":0,"guid":"http:\/\/dev.claret.cat\/autor\/j-r-r-tolkien\/","menu_order":0,"post_type":"autor","post_mime_type":"","comment_count":"0","filter":"raw"}]},"aioseo_notices":[],"_links":{"self":[{"href":"https:\/\/www.claret.cat\/es\/wp-json\/wp\/v2\/product\/41286","targetHints":{"allow":["GET"]}}],"collection":[{"href":"https:\/\/www.claret.cat\/es\/wp-json\/wp\/v2\/product"}],"about":[{"href":"https:\/\/www.claret.cat\/es\/wp-json\/wp\/v2\/types\/product"}],"wp:featuredmedia":[{"embeddable":true,"href":"https:\/\/www.claret.cat\/es\/wp-json\/wp\/v2\/media\/57601"}],"wp:attachment":[{"href":"https:\/\/www.claret.cat\/es\/wp-json\/wp\/v2\/media?parent=41286"}],"wp:term":[{"taxonomy":"product_brand","embeddable":true,"href":"https:\/\/www.claret.cat\/es\/wp-json\/wp\/v2\/product_brand?post=41286"},{"taxonomy":"product_cat","embeddable":true,"href":"https:\/\/www.claret.cat\/es\/wp-json\/wp\/v2\/product_cat?post=41286"},{"taxonomy":"product_tag","embeddable":true,"href":"https:\/\/www.claret.cat\/es\/wp-json\/wp\/v2\/product_tag?post=41286"}],"curies":[{"name":"wp","href":"https:\/\/api.w.org\/{rel}","templated":true}]}}