{"id":412913,"date":"2023-03-17T00:58:23","date_gmt":"2023-03-16T23:58:23","guid":{"rendered":"https:\/\/www.claret.cat\/llibre\/testimem-mestra-9788419607058\/"},"modified":"2025-01-23T10:25:18","modified_gmt":"2025-01-23T09:25:18","slug":"testimem-mestra-9788419607058","status":"publish","type":"product","link":"https:\/\/www.claret.cat\/es\/libro\/testimem-mestra-9788419607058\/","title":{"rendered":"T&#8217;ESTIMEM, MESTRA!"},"content":{"rendered":"<p>La mofeta, l&#8221;esquiroleta, el guillot, l&#8221;osseta, l&#8221;\u00e0nec, la granota i el conill cada mat\u00ed van a l&#8221;escola amb un somriure, perqu\u00e8 la seva mestra gasela \u00e9s la millor. Els ensenya a llegir, a cantar, a ballar&#8230; i, a m\u00e9s a m\u00e9s, els escolta i els compr\u00e8n. Per\u00f2, un dia, quan arriben a classe, no hi ha ning\u00fa esperant-los.<br \/> On \u00e9s la mestra gasela? Qu\u00e8 li ha passat? La mofeta, l&#8221;esquiroleta, el guillot, l&#8221;osseta, l&#8221;\u00e0nec, la granota i el conill decideixen anar a casa seva a investigar.<\/p>\n","protected":false},"excerpt":{"rendered":"<p>AMAVISCA, LUIS<\/p>\n","protected":false},"featured_media":412914,"template":"","meta":{"_acf_changed":false,"om_disable_all_campaigns":false,"rs_blank_template":"","rs_page_bg_color":"","slide_template_v7":"","inline_featured_image":false,"_monsterinsights_skip_tracking":false,"_monsterinsights_sitenote_active":false,"_monsterinsights_sitenote_note":"","_monsterinsights_sitenote_category":0},"product_brand":[],"product_cat":[132,362],"product_tag":[],"class_list":{"0":"post-412913","1":"product","2":"type-product","3":"status-publish","4":"has-post-thumbnail","6":"product_cat-lectures-per-preadolescents-6-12-anys","7":"product_cat-libros-preadolescentes-6-12-anos","9":"first","10":"instock","11":"taxable","12":"shipping-taxable","13":"purchasable","14":"product-type-simple"},"acf":{"autor":"AMAVISCA, LUIS","codart":"841960705","libros-coleccion":"CATALAN","ediciones":"1","encuadernacion":"Carton\u00e9","fecha_de_publicacion":"01\/03\/2023","novedad":"1","paginas":"45","subtitulo":"","orden":"0","portada":"0","idioma":"cat","editorial":[{"ID":148592,"post_author":"3","post_date":"2022-10-14 11:59:27","post_date_gmt":"2022-10-14 09:59:27","post_content":"","post_title":"NUBEOCHO","post_excerpt":"","post_status":"publish","comment_status":"closed","ping_status":"closed","post_password":"","post_name":"nubeocho","to_ping":"","pinged":"","post_modified":"2022-10-14 11:59:27","post_modified_gmt":"2022-10-14 09:59:27","post_content_filtered":"","post_parent":0,"guid":"http:\/\/dev.claret.cat\/editorial\/nubeocho\/","menu_order":0,"post_type":"editorial","post_mime_type":"","comment_count":"0","filter":"raw"}],"autores-libros":[{"ID":162671,"post_author":"3","post_date":"2022-10-14 17:32:52","post_date_gmt":"2022-10-14 15:32:52","post_content":"","post_title":"LUIS AMAVISCA","post_excerpt":"","post_status":"publish","comment_status":"closed","ping_status":"closed","post_password":"","post_name":"luis-amavisca-2","to_ping":"","pinged":"","post_modified":"2022-10-14 17:32:52","post_modified_gmt":"2022-10-14 15:32:52","post_content_filtered":"","post_parent":0,"guid":"http:\/\/dev.claret.cat\/autor\/luis-amavisca-2\/","menu_order":0,"post_type":"autor","post_mime_type":"","comment_count":"0","filter":"raw"}]},"aioseo_notices":[],"_links":{"self":[{"href":"https:\/\/www.claret.cat\/es\/wp-json\/wp\/v2\/product\/412913","targetHints":{"allow":["GET"]}}],"collection":[{"href":"https:\/\/www.claret.cat\/es\/wp-json\/wp\/v2\/product"}],"about":[{"href":"https:\/\/www.claret.cat\/es\/wp-json\/wp\/v2\/types\/product"}],"wp:featuredmedia":[{"embeddable":true,"href":"https:\/\/www.claret.cat\/es\/wp-json\/wp\/v2\/media\/412914"}],"wp:attachment":[{"href":"https:\/\/www.claret.cat\/es\/wp-json\/wp\/v2\/media?parent=412913"}],"wp:term":[{"taxonomy":"product_brand","embeddable":true,"href":"https:\/\/www.claret.cat\/es\/wp-json\/wp\/v2\/product_brand?post=412913"},{"taxonomy":"product_cat","embeddable":true,"href":"https:\/\/www.claret.cat\/es\/wp-json\/wp\/v2\/product_cat?post=412913"},{"taxonomy":"product_tag","embeddable":true,"href":"https:\/\/www.claret.cat\/es\/wp-json\/wp\/v2\/product_tag?post=412913"}],"curies":[{"name":"wp","href":"https:\/\/api.w.org\/{rel}","templated":true}]}}