{"id":412947,"date":"2023-03-17T01:13:30","date_gmt":"2023-03-17T00:13:30","guid":{"rendered":"https:\/\/www.claret.cat\/llibre\/preparados-listos-ya-1-alerta-chico-nuevo-9788424673987\/"},"modified":"2025-01-31T15:58:04","modified_gmt":"2025-01-31T14:58:04","slug":"preparados-listos-ya-1-alerta-chico-nuevo-9788424673987","status":"publish","type":"product","link":"https:\/\/www.claret.cat\/es\/libro\/preparados-listos-ya-1-alerta-chico-nuevo-9788424673987\/","title":{"rendered":"PREPARADOS, LISTOS, \u00a1YA! 1. ALERTA: CHICO NUEVO"},"content":{"rendered":"<p>3, 2, 1&#8230; Llega una nueva serie sobre atletismo, amistad e inclusi\u00f3n. <br \/>Enri Baquero era el chico m\u00e1s r\u00e1pido de su ciudad. \u00bfEl problema? Eso era el curso pasado, cuando ciudad era tan peque\u00f1a que cada vez que iban de excursi\u00f3n ten\u00edan que juntar a todos los colegios en el mismo bus.<br \/>Ahora que Enri y su familia se han mudado a la gran ciudad, \u00bfseguir\u00e1 siendo el m\u00e1s r\u00e1pido de todos? <br \/>Enri no lo tendr\u00e1 f\u00e1cil para encajar. La entrenadora le mete m\u00e1s ca\u00f1a de la que le hab\u00edan dado en su vida y el resto de los chavales del equipo le hacen el vac\u00edo. \u00bfConseguir\u00e1 demostrarles a todos que es de fiar?<\/p>\n","protected":false},"excerpt":{"rendered":"<p>TOM\u00c9 Y\u00c1\u00d1EZ, ANDREA<\/p>\n","protected":false},"featured_media":412948,"template":"","meta":{"_acf_changed":false,"om_disable_all_campaigns":false,"rs_blank_template":"","rs_page_bg_color":"","slide_template_v7":"","inline_featured_image":false,"_monsterinsights_skip_tracking":false,"_monsterinsights_sitenote_active":false,"_monsterinsights_sitenote_note":"","_monsterinsights_sitenote_category":0},"product_brand":[],"product_cat":[132,362],"product_tag":[],"class_list":{"0":"post-412947","1":"product","2":"type-product","3":"status-publish","4":"has-post-thumbnail","6":"product_cat-lectures-per-preadolescents-6-12-anys","7":"product_cat-libros-preadolescentes-6-12-anos","9":"first","10":"instock","11":"taxable","12":"shipping-taxable","13":"purchasable","14":"product-type-simple"},"acf":{"autor":"TOM\u00c9 Y\u00c1\u00d1EZ, ANDREA","codart":"842467398","libros-coleccion":"FORA DE COL.LECCI\u00d3","ediciones":"1","encuadernacion":"R\u00fastica","fecha_de_publicacion":"01\/03\/2023","novedad":"1","paginas":"240","subtitulo":"","orden":"0","portada":"0","idioma":"spa","editorial":[{"ID":148189,"post_author":"3","post_date":"2022-10-14 11:56:19","post_date_gmt":"2022-10-14 09:56:19","post_content":"","post_title":"GALERA, EDITORIAL","post_excerpt":"","post_status":"publish","comment_status":"closed","ping_status":"closed","post_password":"","post_name":"galera-editorial","to_ping":"","pinged":"","post_modified":"2022-10-14 11:56:19","post_modified_gmt":"2022-10-14 09:56:19","post_content_filtered":"","post_parent":0,"guid":"http:\/\/dev.claret.cat\/editorial\/galera-editorial\/","menu_order":0,"post_type":"editorial","post_mime_type":"","comment_count":"0","filter":"raw"}],"autores-libros":[{"ID":412946,"post_author":"3","post_date":"2023-03-17 01:13:28","post_date_gmt":"2023-03-17 00:13:28","post_content":"","post_title":"ANDREA TOM\u00c9 Y\u00c1\u00d1EZ","post_excerpt":"","post_status":"publish","comment_status":"closed","ping_status":"closed","post_password":"","post_name":"andrea-tome-yanez","to_ping":"","pinged":"","post_modified":"2023-03-17 01:13:28","post_modified_gmt":"2023-03-17 00:13:28","post_content_filtered":"","post_parent":0,"guid":"https:\/\/www.claret.cat\/autor\/andrea-tome-yanez\/","menu_order":0,"post_type":"autor","post_mime_type":"","comment_count":"0","filter":"raw"}]},"aioseo_notices":[],"_links":{"self":[{"href":"https:\/\/www.claret.cat\/es\/wp-json\/wp\/v2\/product\/412947","targetHints":{"allow":["GET"]}}],"collection":[{"href":"https:\/\/www.claret.cat\/es\/wp-json\/wp\/v2\/product"}],"about":[{"href":"https:\/\/www.claret.cat\/es\/wp-json\/wp\/v2\/types\/product"}],"wp:featuredmedia":[{"embeddable":true,"href":"https:\/\/www.claret.cat\/es\/wp-json\/wp\/v2\/media\/412948"}],"wp:attachment":[{"href":"https:\/\/www.claret.cat\/es\/wp-json\/wp\/v2\/media?parent=412947"}],"wp:term":[{"taxonomy":"product_brand","embeddable":true,"href":"https:\/\/www.claret.cat\/es\/wp-json\/wp\/v2\/product_brand?post=412947"},{"taxonomy":"product_cat","embeddable":true,"href":"https:\/\/www.claret.cat\/es\/wp-json\/wp\/v2\/product_cat?post=412947"},{"taxonomy":"product_tag","embeddable":true,"href":"https:\/\/www.claret.cat\/es\/wp-json\/wp\/v2\/product_tag?post=412947"}],"curies":[{"name":"wp","href":"https:\/\/api.w.org\/{rel}","templated":true}]}}