{"id":412950,"date":"2023-03-17T01:13:42","date_gmt":"2023-03-17T00:13:42","guid":{"rendered":"https:\/\/www.claret.cat\/llibre\/preparats-llestos-ja-1-alerta-noi-nou-9788424673963\/"},"modified":"2025-01-31T15:57:57","modified_gmt":"2025-01-31T14:57:57","slug":"preparats-llestos-ja-1-alerta-noi-nou-9788424673963","status":"publish","type":"product","link":"https:\/\/www.claret.cat\/es\/libro\/preparats-llestos-ja-1-alerta-noi-nou-9788424673963\/","title":{"rendered":"PREPARATS, LLESTOS, JA! 1. ALERTA: NOI NOU"},"content":{"rendered":"<p>3, 2, 1&#8230; Una nova s\u00e8rie sobre atletisme, amistat i inclusi\u00f3. <br \/>Enri Baquero era el noi m\u00e9s r\u00e0pid de la seva ciutat. El problema? Aix\u00f2 era el curs passat, quan la ciutat era tan petita que quan marxaven d&#8217;excursi\u00f3 tenien que ajuntar a totes les escoles en el mateix autob\u00fas. \u00a0Ara que l&#8217;Enri i la seva fam\u00edlia s&#8217;han mudat a la gran ciutat, seguir\u00e0 sent el m\u00e9s r\u00e0pid de tots? \u00a0No ho tindr\u00e0 f\u00e0cil per encaixar. La nova entrenadora el fa treballar m\u00e9s que mai i la resta de companys de l&#8217;equip li fan el buit. Aconseguir\u00e0 demostrar-los a tots que \u00e9s de fiar?<\/p>\n","protected":false},"excerpt":{"rendered":"<p>TOM\u00c9 Y\u00c1\u00d1EZ, ANDREA<\/p>\n","protected":false},"featured_media":412951,"template":"","meta":{"_acf_changed":false,"om_disable_all_campaigns":false,"rs_blank_template":"","rs_page_bg_color":"","slide_template_v7":"","inline_featured_image":false,"_monsterinsights_skip_tracking":false,"_monsterinsights_sitenote_active":false,"_monsterinsights_sitenote_note":"","_monsterinsights_sitenote_category":0},"product_brand":[],"product_cat":[132,362],"product_tag":[],"class_list":{"0":"post-412950","1":"product","2":"type-product","3":"status-publish","4":"has-post-thumbnail","6":"product_cat-lectures-per-preadolescents-6-12-anys","7":"product_cat-libros-preadolescentes-6-12-anos","9":"first","10":"instock","11":"taxable","12":"shipping-taxable","13":"purchasable","14":"product-type-simple"},"acf":{"autor":"TOM\u00c9 Y\u00c1\u00d1EZ, ANDREA","codart":"842467396","libros-coleccion":"FORA DE COL.LECCI\u00d3","ediciones":"1","encuadernacion":"R\u00fastica","fecha_de_publicacion":"01\/03\/2023","novedad":"1","paginas":"240","subtitulo":"","orden":"0","portada":"0","idioma":"cat","editorial":[{"ID":148189,"post_author":"3","post_date":"2022-10-14 11:56:19","post_date_gmt":"2022-10-14 09:56:19","post_content":"","post_title":"GALERA, EDITORIAL","post_excerpt":"","post_status":"publish","comment_status":"closed","ping_status":"closed","post_password":"","post_name":"galera-editorial","to_ping":"","pinged":"","post_modified":"2022-10-14 11:56:19","post_modified_gmt":"2022-10-14 09:56:19","post_content_filtered":"","post_parent":0,"guid":"http:\/\/dev.claret.cat\/editorial\/galera-editorial\/","menu_order":0,"post_type":"editorial","post_mime_type":"","comment_count":"0","filter":"raw"}],"autores-libros":[{"ID":412946,"post_author":"3","post_date":"2023-03-17 01:13:28","post_date_gmt":"2023-03-17 00:13:28","post_content":"","post_title":"ANDREA TOM\u00c9 Y\u00c1\u00d1EZ","post_excerpt":"","post_status":"publish","comment_status":"closed","ping_status":"closed","post_password":"","post_name":"andrea-tome-yanez","to_ping":"","pinged":"","post_modified":"2023-03-17 01:13:28","post_modified_gmt":"2023-03-17 00:13:28","post_content_filtered":"","post_parent":0,"guid":"https:\/\/www.claret.cat\/autor\/andrea-tome-yanez\/","menu_order":0,"post_type":"autor","post_mime_type":"","comment_count":"0","filter":"raw"}]},"aioseo_notices":[],"_links":{"self":[{"href":"https:\/\/www.claret.cat\/es\/wp-json\/wp\/v2\/product\/412950","targetHints":{"allow":["GET"]}}],"collection":[{"href":"https:\/\/www.claret.cat\/es\/wp-json\/wp\/v2\/product"}],"about":[{"href":"https:\/\/www.claret.cat\/es\/wp-json\/wp\/v2\/types\/product"}],"wp:featuredmedia":[{"embeddable":true,"href":"https:\/\/www.claret.cat\/es\/wp-json\/wp\/v2\/media\/412951"}],"wp:attachment":[{"href":"https:\/\/www.claret.cat\/es\/wp-json\/wp\/v2\/media?parent=412950"}],"wp:term":[{"taxonomy":"product_brand","embeddable":true,"href":"https:\/\/www.claret.cat\/es\/wp-json\/wp\/v2\/product_brand?post=412950"},{"taxonomy":"product_cat","embeddable":true,"href":"https:\/\/www.claret.cat\/es\/wp-json\/wp\/v2\/product_cat?post=412950"},{"taxonomy":"product_tag","embeddable":true,"href":"https:\/\/www.claret.cat\/es\/wp-json\/wp\/v2\/product_tag?post=412950"}],"curies":[{"name":"wp","href":"https:\/\/api.w.org\/{rel}","templated":true}]}}