{"id":412978,"date":"2023-03-17T01:16:45","date_gmt":"2023-03-17T00:16:45","guid":{"rendered":"https:\/\/www.claret.cat\/llibre\/els-millors-relats-de-roald-dahl-9788416698035\/"},"modified":"2024-01-04T19:30:22","modified_gmt":"2024-01-04T18:30:22","slug":"els-millors-relats-de-roald-dahl-9788416698035","status":"publish","type":"product","link":"https:\/\/www.claret.cat\/es\/libro\/els-millors-relats-de-roald-dahl-9788416698035\/","title":{"rendered":"ELS MILLORS RELATS DE ROALD DAHL"},"content":{"rendered":"<p>Un inventor que fabrica una gran m\u00e0quina capa\u00e7 d?escriure millor que qualsevol novel\u00b7lista. Un mariner que es juga el dit de la m\u00e0 per un Cadillac. Un antiquari avar que es disfressa de capell\u00e0 per estafar les seues v\u00edctimes. Una parella amb aires de grandesa que contracta un majordom per impressionar als convidats&#8230;   Roald Dahl \u00e9s un dels grans mestres de la literatura del segle XX, i aquest volum recull una deliciosa selecci\u00f3 dels seus millors relats amb els ingredients que el fan tan especial: humor, emoci\u00f3, sarcasme i capacitat de meravella, sovint amb un punt fosc i macabre. Peces perfectes protagonitzades per personatges extravagants i magn\u00e8tics que han esdevingut cl\u00e0ssics del g\u00e8nere.  Un volum imprescindible per a celebrar el centenari del naixement d?un dels escriptors m\u00e9s estimats de tots els temps.<\/p>\n","protected":false},"excerpt":{"rendered":"<p>DAHL, ROALD<\/p>\n","protected":false},"featured_media":412979,"template":"","meta":{"_acf_changed":false,"om_disable_all_campaigns":false,"rs_blank_template":"","rs_page_bg_color":"","slide_template_v7":"","inline_featured_image":false,"_monsterinsights_skip_tracking":false,"_monsterinsights_sitenote_active":false,"_monsterinsights_sitenote_note":"","_monsterinsights_sitenote_category":0},"product_brand":[],"product_cat":[133,363],"product_tag":[],"class_list":{"0":"post-412978","1":"product","2":"type-product","3":"status-publish","4":"has-post-thumbnail","6":"product_cat-lectures-per-adolescents-12-18-anys","7":"product_cat-lecturas-por-adolescentes-12-18-anos","9":"first","10":"instock","11":"taxable","12":"shipping-taxable","13":"purchasable","14":"product-type-simple"},"acf":{"autor":"DAHL, ROALD","codart":"841669803","libros-coleccion":"Sembra Llibres","ediciones":"1","encuadernacion":"R\u00fastica","fecha_de_publicacion":"01\/06\/2016","novedad":"1","paginas":"240","subtitulo":"","orden":"0","portada":"0","idioma":"cat","editorial":[{"ID":148803,"post_author":"3","post_date":"2022-10-14 12:01:07","post_date_gmt":"2022-10-14 10:01:07","post_content":"","post_title":"Sembra llibres","post_excerpt":"","post_status":"publish","comment_status":"closed","ping_status":"closed","post_password":"","post_name":"sembra-llibres","to_ping":"","pinged":"","post_modified":"2022-10-14 12:01:07","post_modified_gmt":"2022-10-14 10:01:07","post_content_filtered":"","post_parent":0,"guid":"http:\/\/dev.claret.cat\/editorial\/sembra-llibres\/","menu_order":0,"post_type":"editorial","post_mime_type":"","comment_count":"0","filter":"raw"}],"autores-libros":[{"ID":168156,"post_author":"3","post_date":"2022-10-14 18:16:58","post_date_gmt":"2022-10-14 16:16:58","post_content":"","post_title":"ROALD DAHL","post_excerpt":"","post_status":"publish","comment_status":"closed","ping_status":"closed","post_password":"","post_name":"roald-dahl","to_ping":"","pinged":"","post_modified":"2022-10-14 18:16:58","post_modified_gmt":"2022-10-14 16:16:58","post_content_filtered":"","post_parent":0,"guid":"http:\/\/dev.claret.cat\/autor\/roald-dahl\/","menu_order":0,"post_type":"autor","post_mime_type":"","comment_count":"0","filter":"raw"}]},"aioseo_notices":[],"_links":{"self":[{"href":"https:\/\/www.claret.cat\/es\/wp-json\/wp\/v2\/product\/412978","targetHints":{"allow":["GET"]}}],"collection":[{"href":"https:\/\/www.claret.cat\/es\/wp-json\/wp\/v2\/product"}],"about":[{"href":"https:\/\/www.claret.cat\/es\/wp-json\/wp\/v2\/types\/product"}],"wp:featuredmedia":[{"embeddable":true,"href":"https:\/\/www.claret.cat\/es\/wp-json\/wp\/v2\/media\/412979"}],"wp:attachment":[{"href":"https:\/\/www.claret.cat\/es\/wp-json\/wp\/v2\/media?parent=412978"}],"wp:term":[{"taxonomy":"product_brand","embeddable":true,"href":"https:\/\/www.claret.cat\/es\/wp-json\/wp\/v2\/product_brand?post=412978"},{"taxonomy":"product_cat","embeddable":true,"href":"https:\/\/www.claret.cat\/es\/wp-json\/wp\/v2\/product_cat?post=412978"},{"taxonomy":"product_tag","embeddable":true,"href":"https:\/\/www.claret.cat\/es\/wp-json\/wp\/v2\/product_tag?post=412978"}],"curies":[{"name":"wp","href":"https:\/\/api.w.org\/{rel}","templated":true}]}}