{"id":412996,"date":"2023-03-17T13:00:02","date_gmt":"2023-03-17T12:00:02","guid":{"rendered":"https:\/\/www.claret.cat\/llibre\/te-quiero-con-locura-9788414042656\/"},"modified":"2023-10-11T03:38:36","modified_gmt":"2023-10-11T01:38:36","slug":"te-quiero-con-locura-9788414042656","status":"publish","type":"product","link":"https:\/\/www.claret.cat\/es\/libro\/te-quiero-con-locura-9788414042656\/","title":{"rendered":"\u00a1TE QUIERO CON LOCURA!"},"content":{"rendered":"<p>\u00bfDe verdad se puede dudar del amor de una madre? El protagonista de este cuento comprobar\u00e1 que el amor que ella siente por \u00e9l puede ser fuerte como un le\u00f3n, \u00fanico como la danza de las mariposas o profundo como el oc\u00e9ano de los peces.  <br \/> Un libro para leer con aquellos a quienes queremos infinito.<\/p>\n","protected":false},"excerpt":{"rendered":"<p>GARIBAL, ALEXANDRA<\/p>\n","protected":false},"featured_media":412997,"template":"","meta":{"_acf_changed":false,"om_disable_all_campaigns":false,"rs_blank_template":"","rs_page_bg_color":"","slide_template_v7":"","inline_featured_image":false,"_monsterinsights_skip_tracking":false,"_monsterinsights_sitenote_active":false,"_monsterinsights_sitenote_note":"","_monsterinsights_sitenote_category":0},"product_brand":[],"product_cat":[131,361],"product_tag":[],"class_list":{"0":"post-412996","1":"product","2":"type-product","3":"status-publish","4":"has-post-thumbnail","6":"product_cat-contes-per-infants-0-6-anys","7":"product_cat-cuentos-para-ninos-0-6-anos","9":"first","10":"instock","11":"taxable","12":"shipping-taxable","13":"purchasable","14":"product-type-simple"},"acf":{"autor":"GARIBAL, ALEXANDRA","codart":"841404265","libros-coleccion":"\u00c1lbumes ilustrados","ediciones":"1","encuadernacion":"Carton\u00e9","fecha_de_publicacion":"01\/03\/2023","novedad":"1","paginas":"12","subtitulo":"","orden":"0","portada":"0","idioma":"spa","editorial":[{"ID":6229,"post_author":"3","post_date":"2022-07-28 17:47:40","post_date_gmt":"2022-07-28 15:47:40","post_content":"","post_title":"Editorial Luis Vives (Edelvives)","post_excerpt":"","post_status":"publish","comment_status":"closed","ping_status":"closed","post_password":"","post_name":"editorial-luis-vives-edelvives","to_ping":"","pinged":"","post_modified":"2022-07-28 17:47:40","post_modified_gmt":"2022-07-28 15:47:40","post_content_filtered":"","post_parent":0,"guid":"http:\/\/dev.claret.cat\/editorial\/editorial-luis-vives-edelvives\/","menu_order":0,"post_type":"editorial","post_mime_type":"","comment_count":"0","filter":"raw"}],"autores-libros":[{"ID":149703,"post_author":"3","post_date":"2022-10-14 14:27:02","post_date_gmt":"2022-10-14 12:27:02","post_content":"","post_title":"ALEXANDRA GARIBAL","post_excerpt":"","post_status":"publish","comment_status":"closed","ping_status":"closed","post_password":"","post_name":"alexandra-garibal","to_ping":"","pinged":"","post_modified":"2022-10-14 14:27:02","post_modified_gmt":"2022-10-14 12:27:02","post_content_filtered":"","post_parent":0,"guid":"http:\/\/dev.claret.cat\/autor\/alexandra-garibal\/","menu_order":0,"post_type":"autor","post_mime_type":"","comment_count":"0","filter":"raw"}]},"aioseo_notices":[],"_links":{"self":[{"href":"https:\/\/www.claret.cat\/es\/wp-json\/wp\/v2\/product\/412996","targetHints":{"allow":["GET"]}}],"collection":[{"href":"https:\/\/www.claret.cat\/es\/wp-json\/wp\/v2\/product"}],"about":[{"href":"https:\/\/www.claret.cat\/es\/wp-json\/wp\/v2\/types\/product"}],"wp:featuredmedia":[{"embeddable":true,"href":"https:\/\/www.claret.cat\/es\/wp-json\/wp\/v2\/media\/412997"}],"wp:attachment":[{"href":"https:\/\/www.claret.cat\/es\/wp-json\/wp\/v2\/media?parent=412996"}],"wp:term":[{"taxonomy":"product_brand","embeddable":true,"href":"https:\/\/www.claret.cat\/es\/wp-json\/wp\/v2\/product_brand?post=412996"},{"taxonomy":"product_cat","embeddable":true,"href":"https:\/\/www.claret.cat\/es\/wp-json\/wp\/v2\/product_cat?post=412996"},{"taxonomy":"product_tag","embeddable":true,"href":"https:\/\/www.claret.cat\/es\/wp-json\/wp\/v2\/product_tag?post=412996"}],"curies":[{"name":"wp","href":"https:\/\/api.w.org\/{rel}","templated":true}]}}