{"id":413074,"date":"2023-03-17T14:05:40","date_gmt":"2023-03-17T13:05:40","guid":{"rendered":"https:\/\/www.claret.cat\/llibre\/el-gran-desafio-del-caballero-de-la-armadura-oxidada-ne-9788491119890\/"},"modified":"2024-04-26T13:15:07","modified_gmt":"2024-04-26T11:15:07","slug":"el-gran-desafio-del-caballero-de-la-armadura-oxidada-ne-9788491119890","status":"publish","type":"product","link":"https:\/\/www.claret.cat\/es\/libro\/el-gran-desafio-del-caballero-de-la-armadura-oxidada-ne-9788491119890\/","title":{"rendered":"EL GRAN DESAF\u00cdO DEL CABALLERO DE LA ARMADURA OXIDADA (N.E.)"},"content":{"rendered":"<p>El Caballero de la Armadura Oxidada de Robert Fisher es un emocionante y enternecedor relato que alienta a la introspecci\u00f3n y la rectificaci\u00f3n y que se ha convertido en un verdadero cl\u00e1sico. El caballero, arquetipo del alma humana, recorrer\u00e1 un camino de rectificaci\u00f3n de s\u00ed mismo y expansi\u00f3n de su conciencia para liberarse de las ataduras de su armadura y regresar as\u00ed a la Fuente. La sabidur\u00eda que transmite este libro es atemporal y aconfesional, por lo que puede ser abordada desde infinitos puntos de vista. En la presente obra, el rabino Ahar\u00f3n Shlezinger nos hace una par\u00e1frasis del libro original basada y apoyada en la sabidur\u00eda de la Tor\u00e1, el Talmud y la C\u00e1bala, descubri\u00e9ndonos que todos podemos emprender el mismo viaje que el caballero para vencer las adversidades y alcanzar las metas que nos hayamos propuesto.<\/p>\n","protected":false},"excerpt":{"rendered":"<p>SHLEZINGER, AHAR\u00d3N DAVID<\/p>\n","protected":false},"featured_media":413075,"template":"","meta":{"_acf_changed":false,"om_disable_all_campaigns":false,"rs_blank_template":"","rs_page_bg_color":"","slide_template_v7":"","inline_featured_image":false,"_monsterinsights_skip_tracking":false,"_monsterinsights_sitenote_active":false,"_monsterinsights_sitenote_note":"","_monsterinsights_sitenote_category":0},"product_brand":[],"product_cat":[117,566],"product_tag":[],"class_list":{"0":"post-413074","1":"product","2":"type-product","3":"status-publish","4":"has-post-thumbnail","6":"product_cat-juvenil","7":"product_cat-juvenil-3_infantil-juvenil-spa-spa","9":"first","10":"instock","11":"taxable","12":"shipping-taxable","13":"purchasable","14":"product-type-simple"},"acf":{"autor":"SHLEZINGER, AHAR\u00d3N DAVID","codart":"849111989","libros-coleccion":"Narrativa","ediciones":"1","encuadernacion":"R\u00fastica","fecha_de_publicacion":"01\/02\/2023","novedad":"1","paginas":"107","subtitulo":"","orden":"0","portada":"0","idioma":"spa","editorial":[{"ID":6318,"post_author":"3","post_date":"2022-07-28 17:49:37","post_date_gmt":"2022-07-28 15:49:37","post_content":"","post_title":"OBELISCO","post_excerpt":"","post_status":"publish","comment_status":"closed","ping_status":"closed","post_password":"","post_name":"obelisco","to_ping":"","pinged":"","post_modified":"2022-07-28 17:49:37","post_modified_gmt":"2022-07-28 15:49:37","post_content_filtered":"","post_parent":0,"guid":"http:\/\/dev.claret.cat\/editorial\/obelisco\/","menu_order":0,"post_type":"editorial","post_mime_type":"","comment_count":"0","filter":"raw"}],"autores-libros":[{"ID":149273,"post_author":"3","post_date":"2022-10-14 14:23:33","post_date_gmt":"2022-10-14 12:23:33","post_content":"","post_title":"AHAR\u00d3N DAVID SHLEZINGER","post_excerpt":"","post_status":"publish","comment_status":"closed","ping_status":"closed","post_password":"","post_name":"aharon-david-shlezinger","to_ping":"","pinged":"","post_modified":"2022-10-14 14:23:33","post_modified_gmt":"2022-10-14 12:23:33","post_content_filtered":"","post_parent":0,"guid":"http:\/\/dev.claret.cat\/autor\/aharon-david-shlezinger\/","menu_order":0,"post_type":"autor","post_mime_type":"","comment_count":"0","filter":"raw"}]},"aioseo_notices":[],"_links":{"self":[{"href":"https:\/\/www.claret.cat\/es\/wp-json\/wp\/v2\/product\/413074","targetHints":{"allow":["GET"]}}],"collection":[{"href":"https:\/\/www.claret.cat\/es\/wp-json\/wp\/v2\/product"}],"about":[{"href":"https:\/\/www.claret.cat\/es\/wp-json\/wp\/v2\/types\/product"}],"wp:featuredmedia":[{"embeddable":true,"href":"https:\/\/www.claret.cat\/es\/wp-json\/wp\/v2\/media\/413075"}],"wp:attachment":[{"href":"https:\/\/www.claret.cat\/es\/wp-json\/wp\/v2\/media?parent=413074"}],"wp:term":[{"taxonomy":"product_brand","embeddable":true,"href":"https:\/\/www.claret.cat\/es\/wp-json\/wp\/v2\/product_brand?post=413074"},{"taxonomy":"product_cat","embeddable":true,"href":"https:\/\/www.claret.cat\/es\/wp-json\/wp\/v2\/product_cat?post=413074"},{"taxonomy":"product_tag","embeddable":true,"href":"https:\/\/www.claret.cat\/es\/wp-json\/wp\/v2\/product_tag?post=413074"}],"curies":[{"name":"wp","href":"https:\/\/api.w.org\/{rel}","templated":true}]}}