{"id":413098,"date":"2023-03-17T14:28:31","date_gmt":"2023-03-17T13:28:31","guid":{"rendered":"https:\/\/www.claret.cat\/llibre\/a-garrote-vil-9788419018243\/"},"modified":"2023-10-11T03:37:34","modified_gmt":"2023-10-11T01:37:34","slug":"a-garrote-vil-9788419018243","status":"publish","type":"product","link":"https:\/\/www.claret.cat\/es\/libro\/a-garrote-vil-9788419018243\/","title":{"rendered":"A GARROTE VIL"},"content":{"rendered":"<p>Las torturas cometidas en la guerra de Ucrania y los ahorcamientos p\u00fablicos de Ir\u00e1n nos recuerdan que nuestra especie, capaz de llevar a un ser humano a la Luna, no ha avanzado, ni remotamente, en otros aspectos. Moralmente seguimos siendo el animal que se complace en el dolor ajeno y que decreta sin piedad la muerte de sus semejantes. Somos un lobo para nuestros semejantes.  A garrote vil expone el tema de la tortura y la pena de muerte desde los inicios de la Humanidad hasta nuestros d\u00edas, incluyendo los instrumentos de tortura y las modalidades de ejecuci\u00f3n que solo existieron en la f\u00e9rtil imaginaci\u00f3n de sus creadores. El lector encontrar\u00e1 aqu\u00ed referencias a la compleja t\u00e9cnica de la crucifixi\u00f3n (tan alejada de la idea que tenemos de ella); del empalamiento  que hizo famoso a Vlad, el inspirador de la figura de Dr\u00e1cula; de la ves\u00e1nica ejecuci\u00f3n china de los cien cortes y, en fin, de las refinadas torturas ideadas por los nazis, algunas de las cuales siguen vigentes en numerosos reg\u00edmenes policiacos actuales. Junto a las ejecuciones y a los tormentos el lector conocer\u00e1 a los verdugos que los aplicaron, co<\/p>\n","protected":false},"excerpt":{"rendered":"<p>CASTRO LATORRE, ISABEL\/ESLAVA GAL\u00c1N, JUAN<\/p>\n","protected":false},"featured_media":413099,"template":"","meta":{"_acf_changed":false,"om_disable_all_campaigns":false,"rs_blank_template":"","rs_page_bg_color":"","slide_template_v7":"","inline_featured_image":false,"_monsterinsights_skip_tracking":false,"_monsterinsights_sitenote_active":false,"_monsterinsights_sitenote_note":"","_monsterinsights_sitenote_category":0},"product_brand":[],"product_cat":[368,151],"product_tag":[],"class_list":{"0":"post-413098","1":"product","2":"type-product","3":"status-publish","4":"has-post-thumbnail","6":"product_cat-contemporanea","7":"product_cat-contemporania","9":"first","10":"instock","11":"taxable","12":"shipping-taxable","13":"purchasable","14":"product-type-simple"},"acf":{"autor":"CASTRO LATORRE, ISABEL\/ESLAVA GAL\u00c1N, JUAN","codart":"841901824","libros-coleccion":"HISTORIA ARZALIA","ediciones":"1","encuadernacion":"Carpeta","fecha_de_publicacion":"01\/03\/2023","novedad":"1","paginas":"506","subtitulo":"VERDUGOS, EJECUCIONES Y TORTURAS EN ESPA\u00d1A Y OTROS PA\u00cdSES","orden":"0","portada":"0","idioma":"spa","editorial":[{"ID":147477,"post_author":"3","post_date":"2022-10-14 11:50:53","post_date_gmt":"2022-10-14 09:50:53","post_content":"","post_title":"ARZALIA EDITORES","post_excerpt":"","post_status":"publish","comment_status":"closed","ping_status":"closed","post_password":"","post_name":"arzalia-editores","to_ping":"","pinged":"","post_modified":"2022-10-14 11:50:53","post_modified_gmt":"2022-10-14 09:50:53","post_content_filtered":"","post_parent":0,"guid":"http:\/\/dev.claret.cat\/editorial\/arzalia-editores\/","menu_order":0,"post_type":"editorial","post_mime_type":"","comment_count":"0","filter":"raw"}],"autores-libros":[{"ID":161034,"post_author":"3","post_date":"2022-10-14 15:57:52","post_date_gmt":"2022-10-14 13:57:52","post_content":"","post_title":"JUAN ESLAVA GAL\u00c1N","post_excerpt":"","post_status":"publish","comment_status":"closed","ping_status":"closed","post_password":"","post_name":"juan-eslava-galan","to_ping":"","pinged":"","post_modified":"2022-10-14 15:57:52","post_modified_gmt":"2022-10-14 13:57:52","post_content_filtered":"","post_parent":0,"guid":"http:\/\/dev.claret.cat\/autor\/juan-eslava-galan\/","menu_order":0,"post_type":"autor","post_mime_type":"","comment_count":"0","filter":"raw"},{"ID":413097,"post_author":"3","post_date":"2023-03-17 14:28:25","post_date_gmt":"2023-03-17 13:28:25","post_content":"","post_title":"ISABEL CASTRO LATORRE","post_excerpt":"","post_status":"publish","comment_status":"closed","ping_status":"closed","post_password":"","post_name":"isabel-castro-latorre","to_ping":"","pinged":"","post_modified":"2023-03-17 14:28:25","post_modified_gmt":"2023-03-17 13:28:25","post_content_filtered":"","post_parent":0,"guid":"https:\/\/www.claret.cat\/autor\/isabel-castro-latorre\/","menu_order":0,"post_type":"autor","post_mime_type":"","comment_count":"0","filter":"raw"}]},"aioseo_notices":[],"_links":{"self":[{"href":"https:\/\/www.claret.cat\/es\/wp-json\/wp\/v2\/product\/413098","targetHints":{"allow":["GET"]}}],"collection":[{"href":"https:\/\/www.claret.cat\/es\/wp-json\/wp\/v2\/product"}],"about":[{"href":"https:\/\/www.claret.cat\/es\/wp-json\/wp\/v2\/types\/product"}],"wp:featuredmedia":[{"embeddable":true,"href":"https:\/\/www.claret.cat\/es\/wp-json\/wp\/v2\/media\/413099"}],"wp:attachment":[{"href":"https:\/\/www.claret.cat\/es\/wp-json\/wp\/v2\/media?parent=413098"}],"wp:term":[{"taxonomy":"product_brand","embeddable":true,"href":"https:\/\/www.claret.cat\/es\/wp-json\/wp\/v2\/product_brand?post=413098"},{"taxonomy":"product_cat","embeddable":true,"href":"https:\/\/www.claret.cat\/es\/wp-json\/wp\/v2\/product_cat?post=413098"},{"taxonomy":"product_tag","embeddable":true,"href":"https:\/\/www.claret.cat\/es\/wp-json\/wp\/v2\/product_tag?post=413098"}],"curies":[{"name":"wp","href":"https:\/\/api.w.org\/{rel}","templated":true}]}}