{"id":413112,"date":"2023-03-17T14:31:41","date_gmt":"2023-03-17T13:31:41","guid":{"rendered":"https:\/\/www.claret.cat\/llibre\/he-9788412400670\/"},"modified":"2024-02-29T10:07:17","modified_gmt":"2024-02-29T09:07:17","slug":"he-comprendre-la-psicologia-masculina-9788412400670","status":"publish","type":"product","link":"https:\/\/www.claret.cat\/es\/libro\/he-comprendre-la-psicologia-masculina-9788412400670\/","title":{"rendered":"HE. COMPRENDRE LA PSICOLOGIA MASCULINA"},"content":{"rendered":"<p>El viatge de Parsifal \u00e9s el viatge de tota persona, el nostre, de cadasc\u00fa de nosaltres. Una recerca, la del castell del Grial, que ens acompanyar\u00e0 tota la vida, doncs simbolitza la recerca de la felicitat, entesa com l\u2019acceptaci\u00f3 de tot all\u00f2 que succeeix.<\/p>\n<p>\u00abEl castell del Grial sempre est\u00e0 al final del carrer, i tombant a m\u00e0 esquerra. Si som prou humils i tenim prou bon cor, podem trobar el castell interior\u00bb.<\/p>\n<p>He. Comprendre la psicologia masculina, una de les obres de refer\u00e8ncia de Robert A. Johnson, analitza les diferents etapes psicol\u00f2giques del proc\u00e9s vital d\u2019un home, i ens condueix a trav\u00e9s del mite del Grial per con\u00e8ixer i aprendre el cam\u00ed de tot \u00e9sser hum\u00e0, descrit per Carl G. Jung com el trasllat del centre de gravetat de la personalitat de l\u2019ego al Self, \u00e9s a dir, cap all\u00f2 m\u00e9s gran que nosaltres, cap a la pr\u00f2pia realitzaci\u00f3, all\u00e0 on viu, en nosaltres, el Sant Grial.<\/p>\n<p>\u2013<\/p>\n<p>El viaje de Parsifal es el viaje de toda persona, el nuestro, de cada uno de nosotros. Una b\u00fasqueda, la del castillo del Grial, que nos acompa\u00f1ar\u00e1 toda la vida, pues simboliza la b\u00fasqueda de la felicidad, entendida como la aceptaci\u00f3n de todo lo que acontece.<\/p>\n<p>\u00abEl castillo del Grial siempre est\u00e1 al final de la calle, girando a mano izquierda. Si somos lo suficientemente humildes y tenemos buen coraz\u00f3n, podemos encontrar el castillo interior\u00bb.<\/p>\n<p>He. Comprender la psicolog\u00eda masculina, una de las obras de referencia de Robert A. Johnson, analiza las diferentes etapas psicol\u00f3gicas del proceso vital de un hombre. Este libro nos conduce a trav\u00e9s del mito del Grial para conocer y aprender el camino de todo ser humano, descrito por Carl G. Jung como el traslado del centro de gravedad de la personalidad del ego al Self, es decir, hacia algo m\u00e1s grande que nosotros mismos, hacia la propia realizaci\u00f3n, all\u00ed donde vive, en nosotros, el Santo Grial.<\/p>\n","protected":false},"excerpt":{"rendered":"<p>JOHNSON, ROBERT A.<\/p>\n","protected":false},"featured_media":413113,"template":"","meta":{"_acf_changed":false,"om_disable_all_campaigns":false,"rs_blank_template":"","rs_page_bg_color":"","slide_template_v7":"","inline_featured_image":false,"_monsterinsights_skip_tracking":false,"_monsterinsights_sitenote_active":false,"_monsterinsights_sitenote_note":"","_monsterinsights_sitenote_category":0},"product_brand":[],"product_cat":[449,181],"product_tag":[],"class_list":{"0":"post-413112","1":"product","2":"type-product","3":"status-publish","4":"has-post-thumbnail","6":"product_cat-de-la-personalidad-y-del-desarrollo","7":"product_cat-de-la-personalitat-i-del-desenvolupament","9":"first","10":"instock","11":"taxable","12":"shipping-taxable","13":"purchasable","14":"product-type-simple"},"acf":{"autor":"JOHNSON, ROBERT A.","codart":"841240067","libros-coleccion":"VALORES","ediciones":"1","encuadernacion":"R\u00fastica","fecha_de_publicacion":"01\/11\/2022","novedad":"1","paginas":"108","subtitulo":"COMPRENDRE LA PSICOLOGIA MASCULINA","orden":"0","portada":"0","idioma":"cat","editorial":[{"ID":147974,"post_author":"3","post_date":"2022-10-14 11:54:40","post_date_gmt":"2022-10-14 09:54:40","post_content":"","post_title":"EDITORIAL ESCOLA DE VIDA","post_excerpt":"","post_status":"publish","comment_status":"closed","ping_status":"closed","post_password":"","post_name":"editorial-escola-de-vida","to_ping":"","pinged":"","post_modified":"2022-10-14 11:54:40","post_modified_gmt":"2022-10-14 09:54:40","post_content_filtered":"","post_parent":0,"guid":"http:\/\/dev.claret.cat\/editorial\/editorial-escola-de-vida\/","menu_order":0,"post_type":"editorial","post_mime_type":"","comment_count":"0","filter":"raw"}],"autores-libros":[{"ID":168173,"post_author":"3","post_date":"2022-10-14 18:17:07","post_date_gmt":"2022-10-14 16:17:07","post_content":"","post_title":"ROBERT A. JOHNSON","post_excerpt":"","post_status":"publish","comment_status":"closed","ping_status":"closed","post_password":"","post_name":"robert-a-johnson","to_ping":"","pinged":"","post_modified":"2022-10-14 18:17:07","post_modified_gmt":"2022-10-14 16:17:07","post_content_filtered":"","post_parent":0,"guid":"http:\/\/dev.claret.cat\/autor\/robert-a-johnson\/","menu_order":0,"post_type":"autor","post_mime_type":"","comment_count":"0","filter":"raw"}]},"aioseo_notices":[],"_links":{"self":[{"href":"https:\/\/www.claret.cat\/es\/wp-json\/wp\/v2\/product\/413112","targetHints":{"allow":["GET"]}}],"collection":[{"href":"https:\/\/www.claret.cat\/es\/wp-json\/wp\/v2\/product"}],"about":[{"href":"https:\/\/www.claret.cat\/es\/wp-json\/wp\/v2\/types\/product"}],"wp:featuredmedia":[{"embeddable":true,"href":"https:\/\/www.claret.cat\/es\/wp-json\/wp\/v2\/media\/413113"}],"wp:attachment":[{"href":"https:\/\/www.claret.cat\/es\/wp-json\/wp\/v2\/media?parent=413112"}],"wp:term":[{"taxonomy":"product_brand","embeddable":true,"href":"https:\/\/www.claret.cat\/es\/wp-json\/wp\/v2\/product_brand?post=413112"},{"taxonomy":"product_cat","embeddable":true,"href":"https:\/\/www.claret.cat\/es\/wp-json\/wp\/v2\/product_cat?post=413112"},{"taxonomy":"product_tag","embeddable":true,"href":"https:\/\/www.claret.cat\/es\/wp-json\/wp\/v2\/product_tag?post=413112"}],"curies":[{"name":"wp","href":"https:\/\/api.w.org\/{rel}","templated":true}]}}