{"id":413129,"date":"2023-03-17T14:45:03","date_gmt":"2023-03-17T13:45:03","guid":{"rendered":"https:\/\/www.claret.cat\/llibre\/libro-plateado-de-tus-emociones-el-9788412263619\/"},"modified":"2023-10-11T03:37:19","modified_gmt":"2023-10-11T01:37:19","slug":"libro-plateado-de-tus-emociones-el-9788412263619","status":"publish","type":"product","link":"https:\/\/www.claret.cat\/es\/libro\/libro-plateado-de-tus-emociones-el-9788412263619\/","title":{"rendered":"LIBRO PLATEADO DE TUS EMOCIONES, EL"},"content":{"rendered":"<p>Este es ese libro que un beb\u00e9 regalar\u00eda a cada una de las personas que lo van a acompa\u00f1ar en su infancia.  Que sea un libro peque\u00f1o e ilustrado puede impedir que veas con claridad que est\u00e1s ante un libro importante, imprescindible.  Nace para acompa\u00f1ar a personas adultas y j\u00f3venes que quieran conocerse y entenderse mejor, a trav\u00e9s de sus emociones m\u00e1s inc\u00f3modas. Es tiempo de dejar atr\u00e1s la idea de que existen unas emociones positivas y otras negativas. Ya basta de contarnos con tanta confusi\u00f3n y ceguera nuestro mundo emocional. Todas tus emociones son muy valiosas y tienen un sentido. En El Libro Plateado de tus Emociones encontrar\u00e1s qu\u00e9 mensajes quieren entregarte la ira, la tristeza, la culpa, la envidia o el miedo.<\/p>\n","protected":false},"excerpt":{"rendered":"<p>MARIN, FRANCIS \/ ROMERO, CRISTINA<\/p>\n","protected":false},"featured_media":413130,"template":"","meta":{"_acf_changed":false,"om_disable_all_campaigns":false,"rs_blank_template":"","rs_page_bg_color":"","slide_template_v7":"","inline_featured_image":false,"_monsterinsights_skip_tracking":false,"_monsterinsights_sitenote_active":false,"_monsterinsights_sitenote_note":"","_monsterinsights_sitenote_category":0},"product_brand":[],"product_cat":[179,377],"product_tag":[],"class_list":{"0":"post-413129","1":"product","2":"type-product","3":"status-publish","4":"has-post-thumbnail","6":"product_cat-autoajuda-i-salut-mental","7":"product_cat-autoayuda-y-salud-mental","9":"first","10":"instock","11":"taxable","12":"shipping-taxable","13":"purchasable","14":"product-type-simple"},"acf":{"autor":"MARIN, FRANCIS \/ ROMERO, CRISTINA","codart":"841226361","libros-coleccion":"CUENTOS EN TRIBU","ediciones":"1","encuadernacion":"Carton\u00e9","fecha_de_publicacion":"01\/01\/2023","novedad":"1","paginas":"76","subtitulo":"","orden":"0","portada":"0","idioma":"spa","editorial":[{"ID":147660,"post_author":"3","post_date":"2022-10-14 11:52:17","post_date_gmt":"2022-10-14 09:52:17","post_content":"","post_title":"Contar en tribu","post_excerpt":"","post_status":"publish","comment_status":"closed","ping_status":"closed","post_password":"","post_name":"contar-en-tribu","to_ping":"","pinged":"","post_modified":"2022-10-14 11:52:17","post_modified_gmt":"2022-10-14 09:52:17","post_content_filtered":"","post_parent":0,"guid":"http:\/\/dev.claret.cat\/editorial\/contar-en-tribu\/","menu_order":0,"post_type":"editorial","post_mime_type":"","comment_count":"0","filter":"raw"}],"autores-libros":[{"ID":156193,"post_author":"3","post_date":"2022-10-14 15:18:51","post_date_gmt":"2022-10-14 13:18:51","post_content":"","post_title":"FRANCIS MARIN","post_excerpt":"","post_status":"publish","comment_status":"closed","ping_status":"closed","post_password":"","post_name":"francis-marin","to_ping":"","pinged":"","post_modified":"2022-10-14 15:18:51","post_modified_gmt":"2022-10-14 13:18:51","post_content_filtered":"","post_parent":0,"guid":"http:\/\/dev.claret.cat\/autor\/francis-marin\/","menu_order":0,"post_type":"autor","post_mime_type":"","comment_count":"0","filter":"raw"},{"ID":153389,"post_author":"3","post_date":"2022-10-14 14:56:23","post_date_gmt":"2022-10-14 12:56:23","post_content":"","post_title":"CRISTINA ROMERO","post_excerpt":"","post_status":"publish","comment_status":"closed","ping_status":"closed","post_password":"","post_name":"cristina-romero","to_ping":"","pinged":"","post_modified":"2022-10-14 14:56:23","post_modified_gmt":"2022-10-14 12:56:23","post_content_filtered":"","post_parent":0,"guid":"http:\/\/dev.claret.cat\/autor\/cristina-romero\/","menu_order":0,"post_type":"autor","post_mime_type":"","comment_count":"0","filter":"raw"}]},"aioseo_notices":[],"_links":{"self":[{"href":"https:\/\/www.claret.cat\/es\/wp-json\/wp\/v2\/product\/413129","targetHints":{"allow":["GET"]}}],"collection":[{"href":"https:\/\/www.claret.cat\/es\/wp-json\/wp\/v2\/product"}],"about":[{"href":"https:\/\/www.claret.cat\/es\/wp-json\/wp\/v2\/types\/product"}],"wp:featuredmedia":[{"embeddable":true,"href":"https:\/\/www.claret.cat\/es\/wp-json\/wp\/v2\/media\/413130"}],"wp:attachment":[{"href":"https:\/\/www.claret.cat\/es\/wp-json\/wp\/v2\/media?parent=413129"}],"wp:term":[{"taxonomy":"product_brand","embeddable":true,"href":"https:\/\/www.claret.cat\/es\/wp-json\/wp\/v2\/product_brand?post=413129"},{"taxonomy":"product_cat","embeddable":true,"href":"https:\/\/www.claret.cat\/es\/wp-json\/wp\/v2\/product_cat?post=413129"},{"taxonomy":"product_tag","embeddable":true,"href":"https:\/\/www.claret.cat\/es\/wp-json\/wp\/v2\/product_tag?post=413129"}],"curies":[{"name":"wp","href":"https:\/\/api.w.org\/{rel}","templated":true}]}}