{"id":41313,"date":"2022-10-02T19:38:59","date_gmt":"2022-10-02T17:38:59","guid":{"rendered":"http:\/\/dev.claret.cat\/producte\/el-campamento\/"},"modified":"2026-03-27T19:55:13","modified_gmt":"2026-03-27T18:55:13","slug":"el-campamento-9788408254966","status":"publish","type":"product","link":"https:\/\/www.claret.cat\/es\/libro\/el-campamento-9788408254966\/","title":{"rendered":"EL CAMPAMENTO"},"content":{"rendered":"<p>Tras el \u00e9xito de La chica invisible, Blue Jeans vuelve a sorprender a sus lectores con un apasionante thriller repleto de intriga y acci\u00f3n.<br \/> Diez de los chicos m\u00e1s prometedores del pa\u00eds, menores de 23 a\u00f1os, han sido invitados a un campamento muy especial en los Pirineos. El precursor de esta idea es Fernando Godoy, uno de los hombres m\u00e1s ricos de Espa\u00f1a, que busca a alguien joven que ocupe su lugar en el futuro. En aquel id\u00edlico paraje, recibir\u00e1n formaci\u00f3n y ser\u00e1n preparados para convertirse en la mano derecha del millonario. Pero solo uno podr\u00e1 conseguirlo. Una autora bestseller de novela, una instagrammer, un cantante pop de moda, un exitoso atleta, un estudiante de criminolog\u00eda, una influencer con marca propia, la creadora de una app, uno de los gamers del momento, un chico que promulga la palabra de Dios y una conocida actriz son los candidatos finales. Solo tendr\u00e1n un h\u00e1ndicap para estar all\u00ed: nada de m\u00f3viles ni comunicaci\u00f3n con el exterior. Las cosas marchan seg\u00fan lo previsto y los j\u00f3venes disfrutan de aquella experiencia hasta que los coordinadores del grupo desaparecen y uno de los chicos muere en extra\u00f1as circunstancias. A partir de ese instante todo cambiar\u00e1 y los acontecimientos inesperados se ir\u00e1n sucediendo.<\/p>\n","protected":false},"excerpt":{"rendered":"<p>BLUE JEANS<\/p>\n","protected":false},"featured_media":385901,"template":"","meta":{"_acf_changed":false,"om_disable_all_campaigns":false,"rs_blank_template":"","rs_page_bg_color":"","slide_template_v7":"","inline_featured_image":false,"_monsterinsights_skip_tracking":false,"_monsterinsights_sitenote_active":false,"_monsterinsights_sitenote_note":"","_monsterinsights_sitenote_category":0},"product_brand":[],"product_cat":[133,117,566,363,127,357],"product_tag":[],"class_list":{"0":"post-41313","1":"product","2":"type-product","3":"status-publish","4":"has-post-thumbnail","6":"product_cat-lectures-per-adolescents-12-18-anys","7":"product_cat-juvenil","8":"product_cat-juvenil-3_infantil-juvenil-spa-spa","9":"product_cat-lecturas-por-adolescentes-12-18-anos","10":"product_cat-novella-contemporania","11":"product_cat-novela-contemporanea","13":"first","14":"instock","15":"taxable","16":"shipping-taxable","17":"purchasable","18":"product-type-simple"},"acf":{"autor":"BLUE JEANS","codart":"840825496","libros-coleccion":"Bestseller","ediciones":"1","encuadernacion":"R\u00fastica","fecha_de_publicacion":"01\/03\/2022","novedad":"1","paginas":"469","subtitulo":"","orden":"0","portada":"0","idioma":"spa","editorial":[{"ID":6233,"post_author":"3","post_date":"2022-07-28 17:47:48","post_date_gmt":"2022-07-28 15:47:48","post_content":"","post_title":"EDITORIAL PLANETA","post_excerpt":"","post_status":"publish","comment_status":"closed","ping_status":"closed","post_password":"","post_name":"editorial-planeta","to_ping":"","pinged":"","post_modified":"2022-07-28 17:47:48","post_modified_gmt":"2022-07-28 15:47:48","post_content_filtered":"","post_parent":0,"guid":"http:\/\/dev.claret.cat\/editorial\/editorial-planeta\/","menu_order":0,"post_type":"editorial","post_mime_type":"","comment_count":"0","filter":"raw"}],"autores-libros":[{"ID":151774,"post_author":"3","post_date":"2022-10-14 14:43:31","post_date_gmt":"2022-10-14 12:43:31","post_content":"","post_title":"BLUE JEANS","post_excerpt":"","post_status":"publish","comment_status":"closed","ping_status":"closed","post_password":"","post_name":"blue-jeans","to_ping":"","pinged":"","post_modified":"2022-10-14 14:43:31","post_modified_gmt":"2022-10-14 12:43:31","post_content_filtered":"","post_parent":0,"guid":"http:\/\/dev.claret.cat\/autor\/blue-jeans\/","menu_order":0,"post_type":"autor","post_mime_type":"","comment_count":"0","filter":"raw"}],"booktrailer":"","resenas":""},"aioseo_notices":[],"_links":{"self":[{"href":"https:\/\/www.claret.cat\/es\/wp-json\/wp\/v2\/product\/41313","targetHints":{"allow":["GET"]}}],"collection":[{"href":"https:\/\/www.claret.cat\/es\/wp-json\/wp\/v2\/product"}],"about":[{"href":"https:\/\/www.claret.cat\/es\/wp-json\/wp\/v2\/types\/product"}],"wp:featuredmedia":[{"embeddable":true,"href":"https:\/\/www.claret.cat\/es\/wp-json\/wp\/v2\/media\/385901"}],"wp:attachment":[{"href":"https:\/\/www.claret.cat\/es\/wp-json\/wp\/v2\/media?parent=41313"}],"wp:term":[{"taxonomy":"product_brand","embeddable":true,"href":"https:\/\/www.claret.cat\/es\/wp-json\/wp\/v2\/product_brand?post=41313"},{"taxonomy":"product_cat","embeddable":true,"href":"https:\/\/www.claret.cat\/es\/wp-json\/wp\/v2\/product_cat?post=41313"},{"taxonomy":"product_tag","embeddable":true,"href":"https:\/\/www.claret.cat\/es\/wp-json\/wp\/v2\/product_tag?post=41313"}],"curies":[{"name":"wp","href":"https:\/\/api.w.org\/{rel}","templated":true}]}}