{"id":413132,"date":"2023-03-17T14:45:24","date_gmt":"2023-03-17T13:45:24","guid":{"rendered":"https:\/\/www.claret.cat\/llibre\/she-9788412400687\/"},"modified":"2024-02-29T10:08:57","modified_gmt":"2024-02-29T09:08:57","slug":"she-comprendre-la-psicologia-femenina-9788412400687","status":"publish","type":"product","link":"https:\/\/www.claret.cat\/es\/libro\/she-comprendre-la-psicologia-femenina-9788412400687\/","title":{"rendered":"SHE. COMPRENDRE LA PSICOLOGIA FEMENINA"},"content":{"rendered":"<p>\u00abLa nostra hist\u00f2ria parla d\u2019una dona que va ser tocada per quelcom molt m\u00e9s gran que l\u2019experi\u00e8ncia humana normal i corrent\u00bb.<\/p>\n<p>El mite grec d\u2019Eros i Psique, una de les hist\u00f2ries antigues m\u00e9s instructives sobre la personalitat femenina, \u00e9s el relat que Robert A. Johnson utilitza per analitzar i descobrir els aspectes m\u00e9s profunds de la psicologia femenina. A partir del viatge de Psique, entre la mortalitat i la immortalitat, entre la humanitat i la divinitat, l\u2019autor explora el cam\u00ed que tota dona ha de rec\u00f3rrrer per esdevenir madura i completa.<\/p>\n<p>She. Comprendre la psicologia femenina \u00e9s un dels treballs m\u00e9s emblem\u00e0tics de la psicologia anal\u00edtica. Un llibre de lectura \u00e0gil, senzilla i clarificadora, que desvetlla el significat profund de la feminitat.<\/p>\n<p>\u2013<\/p>\n<p>\u00abNuestra historia habla de una mujer que fue tocada por algo mucho mayor que la experiencia humana normal y corriente\u00bb.<\/p>\n<p>El mito griego de Eros y Psique, una de las historias antiguas m\u00e1s instructivas sobre la personalidad femenina, es el relato que Robert A. Johnson utiliza para analizar y descubrir los aspectos m\u00e1s profundos de la psicolog\u00eda femenina. A partir del viaje de Psique, entre la mortalidad y la inmortalidad, entre la humanidad y la divinidad, el autor explora el camino que toda mujer debe recorrer para convertirse en madura y completa.<\/p>\n<p>She. Comprender la psicolog\u00eda femenina es uno de los trabajos m\u00e1s emblem\u00e1ticos de la psicolog\u00eda anal\u00edtica. Un libro de lectura \u00e1gil, sencilla y clarificadora, que desvela el significado profundo de la feminidad.<\/p>\n","protected":false},"excerpt":{"rendered":"<p>JOHNSON, ROBERT A.<\/p>\n","protected":false},"featured_media":413133,"template":"","meta":{"_acf_changed":false,"om_disable_all_campaigns":false,"rs_blank_template":"","rs_page_bg_color":"","slide_template_v7":"","inline_featured_image":false,"_monsterinsights_skip_tracking":false,"_monsterinsights_sitenote_active":false,"_monsterinsights_sitenote_note":"","_monsterinsights_sitenote_category":0},"product_brand":[],"product_cat":[449,181],"product_tag":[],"class_list":{"0":"post-413132","1":"product","2":"type-product","3":"status-publish","4":"has-post-thumbnail","6":"product_cat-de-la-personalidad-y-del-desarrollo","7":"product_cat-de-la-personalitat-i-del-desenvolupament","9":"first","10":"instock","11":"taxable","12":"shipping-taxable","13":"purchasable","14":"product-type-simple"},"acf":{"autor":"JOHNSON, ROBERT A.","codart":"841240068","libros-coleccion":"VALORES","ediciones":"1","encuadernacion":"R\u00fastica","fecha_de_publicacion":"01\/11\/2022","novedad":"1","paginas":"102","subtitulo":"COMPRENDRE LA PSICOLOGIA FEMENINA","orden":"0","portada":"0","idioma":"cat","editorial":[{"ID":147974,"post_author":"3","post_date":"2022-10-14 11:54:40","post_date_gmt":"2022-10-14 09:54:40","post_content":"","post_title":"EDITORIAL ESCOLA DE VIDA","post_excerpt":"","post_status":"publish","comment_status":"closed","ping_status":"closed","post_password":"","post_name":"editorial-escola-de-vida","to_ping":"","pinged":"","post_modified":"2022-10-14 11:54:40","post_modified_gmt":"2022-10-14 09:54:40","post_content_filtered":"","post_parent":0,"guid":"http:\/\/dev.claret.cat\/editorial\/editorial-escola-de-vida\/","menu_order":0,"post_type":"editorial","post_mime_type":"","comment_count":"0","filter":"raw"}],"autores-libros":[{"ID":168173,"post_author":"3","post_date":"2022-10-14 18:17:07","post_date_gmt":"2022-10-14 16:17:07","post_content":"","post_title":"ROBERT A. JOHNSON","post_excerpt":"","post_status":"publish","comment_status":"closed","ping_status":"closed","post_password":"","post_name":"robert-a-johnson","to_ping":"","pinged":"","post_modified":"2022-10-14 18:17:07","post_modified_gmt":"2022-10-14 16:17:07","post_content_filtered":"","post_parent":0,"guid":"http:\/\/dev.claret.cat\/autor\/robert-a-johnson\/","menu_order":0,"post_type":"autor","post_mime_type":"","comment_count":"0","filter":"raw"}]},"aioseo_notices":[],"_links":{"self":[{"href":"https:\/\/www.claret.cat\/es\/wp-json\/wp\/v2\/product\/413132","targetHints":{"allow":["GET"]}}],"collection":[{"href":"https:\/\/www.claret.cat\/es\/wp-json\/wp\/v2\/product"}],"about":[{"href":"https:\/\/www.claret.cat\/es\/wp-json\/wp\/v2\/types\/product"}],"wp:featuredmedia":[{"embeddable":true,"href":"https:\/\/www.claret.cat\/es\/wp-json\/wp\/v2\/media\/413133"}],"wp:attachment":[{"href":"https:\/\/www.claret.cat\/es\/wp-json\/wp\/v2\/media?parent=413132"}],"wp:term":[{"taxonomy":"product_brand","embeddable":true,"href":"https:\/\/www.claret.cat\/es\/wp-json\/wp\/v2\/product_brand?post=413132"},{"taxonomy":"product_cat","embeddable":true,"href":"https:\/\/www.claret.cat\/es\/wp-json\/wp\/v2\/product_cat?post=413132"},{"taxonomy":"product_tag","embeddable":true,"href":"https:\/\/www.claret.cat\/es\/wp-json\/wp\/v2\/product_tag?post=413132"}],"curies":[{"name":"wp","href":"https:\/\/api.w.org\/{rel}","templated":true}]}}