{"id":413195,"date":"2023-03-17T17:53:09","date_gmt":"2023-03-17T16:53:09","guid":{"rendered":"https:\/\/www.claret.cat\/llibre\/modos-y-maneras-de-hacer-familia-9788418236952\/"},"modified":"2023-10-17T16:47:17","modified_gmt":"2023-10-17T14:47:17","slug":"modos-y-maneras-de-hacer-familia-9788418236952","status":"publish","type":"product","link":"https:\/\/www.claret.cat\/es\/libro\/modos-y-maneras-de-hacer-familia-9788418236952\/","title":{"rendered":"MODOS Y MANERAS DE HACER FAMILIA"},"content":{"rendered":"<p>Muchos factores contribuyen a retrasar la edad a la que se forman las familias en Espa\u00f1a, demorando el momento en el curso de vida en el que se tienen los hijos. Las familias tard\u00edas (en comparaci\u00f3n con otros tiempos y lugares) que tienen sus hijos a partir de los treinta y cinco o cuarenta a\u00f1os, en otro momento vital, tienen posibilidades y dificultades distintas a las de las familias m\u00e1s j\u00f3venes. A menudo compaginan el trabajo con el cuidado tanto de peque\u00f1os como de mayores, concentrando en s\u00ed unas responsabilidades de cuidado que antes se repart\u00edan entre los miembros de familias m\u00e1s amplias y se distribu\u00edan en un per\u00edodo mayor. <\/p>\n<p> \u00bfC\u00f3mo se conceptualizan estas familias y c\u00f3mo se organizan en su vida diaria? \u00bfCu\u00e1les son sus necesidades? Para responder a estas preguntas el presente libro re\u00fane las perspectivas de trece investigadores del \u00e1mbito nacional e internacional de la antropolog\u00eda, la sociolog\u00eda, el derecho, la psicolog\u00eda, la filosof\u00eda y las instituciones.<\/p>\n","protected":false},"excerpt":{"rendered":"<p>VV.AA<\/p>\n","protected":false},"featured_media":413196,"template":"","meta":{"_acf_changed":false,"om_disable_all_campaigns":false,"rs_blank_template":"","rs_page_bg_color":"","slide_template_v7":"","inline_featured_image":false,"_monsterinsights_skip_tracking":false,"_monsterinsights_sitenote_active":false,"_monsterinsights_sitenote_note":"","_monsterinsights_sitenote_category":0},"product_brand":[],"product_cat":[174,375,100,550],"product_tag":[],"class_list":{"0":"post-413195","1":"product","2":"type-product","3":"status-publish","4":"has-post-thumbnail","6":"product_cat-antropologia","7":"product_cat-antropologia-filosofia-2_humanidades","8":"product_cat-escola-de-pares","9":"product_cat-escuela-de-padres-3_infantil-juvenil-spa-spa","11":"first","12":"instock","13":"taxable","14":"shipping-taxable","15":"purchasable","16":"product-type-simple"},"acf":{"autor":"VV.AA","codart":"841823695","libros-coleccion":"FORA DE COL.LECCI\u00d3","ediciones":"1","encuadernacion":"R\u00fastica","fecha_de_publicacion":"01\/03\/2021","novedad":"1","paginas":"192","subtitulo":"LAS FAMILIAS TARD\u00cdAS, UNA MODALIDAD EMERGENTE","orden":"0","portada":"0","idioma":"spa","editorial":[{"ID":148501,"post_author":"3","post_date":"2022-10-14 11:58:44","post_date_gmt":"2022-10-14 09:58:44","post_content":"","post_title":"Malpaso Holding SL","post_excerpt":"","post_status":"publish","comment_status":"closed","ping_status":"closed","post_password":"","post_name":"malpaso-holding-sl","to_ping":"","pinged":"","post_modified":"2022-10-14 11:58:44","post_modified_gmt":"2022-10-14 09:58:44","post_content_filtered":"","post_parent":0,"guid":"http:\/\/dev.claret.cat\/editorial\/malpaso-holding-sl\/","menu_order":0,"post_type":"editorial","post_mime_type":"","comment_count":"0","filter":"raw"}],"autores-libros":[{"ID":171203,"post_author":"3","post_date":"2022-10-14 22:41:30","post_date_gmt":"2022-10-14 20:41:30","post_content":"","post_title":"VV.AA","post_excerpt":"","post_status":"publish","comment_status":"closed","ping_status":"closed","post_password":"","post_name":"vv-aa-6","to_ping":"","pinged":"","post_modified":"2022-10-14 22:41:30","post_modified_gmt":"2022-10-14 20:41:30","post_content_filtered":"","post_parent":0,"guid":"http:\/\/dev.claret.cat\/autor\/vv-aa-6\/","menu_order":0,"post_type":"autor","post_mime_type":"","comment_count":"0","filter":"raw"}]},"aioseo_notices":[],"_links":{"self":[{"href":"https:\/\/www.claret.cat\/es\/wp-json\/wp\/v2\/product\/413195","targetHints":{"allow":["GET"]}}],"collection":[{"href":"https:\/\/www.claret.cat\/es\/wp-json\/wp\/v2\/product"}],"about":[{"href":"https:\/\/www.claret.cat\/es\/wp-json\/wp\/v2\/types\/product"}],"wp:featuredmedia":[{"embeddable":true,"href":"https:\/\/www.claret.cat\/es\/wp-json\/wp\/v2\/media\/413196"}],"wp:attachment":[{"href":"https:\/\/www.claret.cat\/es\/wp-json\/wp\/v2\/media?parent=413195"}],"wp:term":[{"taxonomy":"product_brand","embeddable":true,"href":"https:\/\/www.claret.cat\/es\/wp-json\/wp\/v2\/product_brand?post=413195"},{"taxonomy":"product_cat","embeddable":true,"href":"https:\/\/www.claret.cat\/es\/wp-json\/wp\/v2\/product_cat?post=413195"},{"taxonomy":"product_tag","embeddable":true,"href":"https:\/\/www.claret.cat\/es\/wp-json\/wp\/v2\/product_tag?post=413195"}],"curies":[{"name":"wp","href":"https:\/\/api.w.org\/{rel}","templated":true}]}}