{"id":413322,"date":"2023-03-18T11:50:02","date_gmt":"2023-03-18T10:50:02","guid":{"rendered":"https:\/\/www.claret.cat\/llibre\/el-cas-del-marques-desaparegut-9788491378068\/"},"modified":"2025-10-20T18:21:36","modified_gmt":"2025-10-20T16:21:36","slug":"el-cas-del-marques-desaparegut-9788491378068","status":"publish","type":"product","link":"https:\/\/www.claret.cat\/es\/libro\/el-cas-del-marques-desaparegut-9788491378068\/","title":{"rendered":"EL CAS DEL MARQU\u00c8S DESAPAREGUT"},"content":{"rendered":"<p>Quan l&#8217;Enola Holmes, germana petita del detectiu Sherlock Holmes, descobreix que la seva mare ha desaparegut, decideix viatjar a Londres per intentar trobar-la. Per\u00f2 res no la pot preparar per a all\u00f2 que l&#8217;espera. Perqu\u00e8 quan arriba a la capital es veu involucrada en el segrest d&#8217;un jove marqu\u00e8s, mentre fuig d&#8217;assassins i intenta eludir els seus intel\u00b7ligents germans grans, que pretenen portar-la a un internat. Enmig de tot aquest caos, podr\u00e0 l&#8217;Enola desxifrar els enigmes i les pistes i trobar la seva mare?<\/p>\n","protected":false},"excerpt":{"rendered":"<p>SPRINGER, NANCY<\/p>\n","protected":false},"featured_media":413323,"template":"","meta":{"_acf_changed":false,"om_disable_all_campaigns":false,"rs_blank_template":"","rs_page_bg_color":"","slide_template_v7":"","inline_featured_image":false,"_monsterinsights_skip_tracking":false,"_monsterinsights_sitenote_active":false,"_monsterinsights_sitenote_note":"","_monsterinsights_sitenote_category":0},"product_brand":[],"product_cat":[90,540],"product_tag":[],"class_list":{"0":"post-413322","1":"product","2":"type-product","3":"status-publish","4":"has-post-thumbnail","6":"product_cat-altres","7":"product_cat-otros","9":"first","10":"instock","11":"taxable","12":"shipping-taxable","13":"purchasable","14":"product-type-simple"},"acf":{"autor":"SPRINGER, NANCY","codart":"849137806","libros-coleccion":"Llibres de coneixement","ediciones":"1","encuadernacion":"Carton\u00e9","fecha_de_publicacion":"01\/05\/2019","novedad":"0","paginas":"204","subtitulo":"","orden":"0","portada":"0","idioma":"cat","editorial":[{"ID":6249,"post_author":"3","post_date":"2022-07-28 17:48:09","post_date_gmt":"2022-07-28 15:48:09","post_content":"","post_title":"Estrella Polar","post_excerpt":"","post_status":"publish","comment_status":"closed","ping_status":"closed","post_password":"","post_name":"estrella-polar","to_ping":"","pinged":"","post_modified":"2022-07-28 17:48:09","post_modified_gmt":"2022-07-28 15:48:09","post_content_filtered":"","post_parent":0,"guid":"http:\/\/dev.claret.cat\/editorial\/estrella-polar\/","menu_order":0,"post_type":"editorial","post_mime_type":"","comment_count":"0","filter":"raw"}],"autores-libros":[{"ID":165615,"post_author":"3","post_date":"2022-10-14 17:56:35","post_date_gmt":"2022-10-14 15:56:35","post_content":"","post_title":"NANCY SPRINGER","post_excerpt":"","post_status":"publish","comment_status":"closed","ping_status":"closed","post_password":"","post_name":"nancy-springer","to_ping":"","pinged":"","post_modified":"2022-10-14 17:56:35","post_modified_gmt":"2022-10-14 15:56:35","post_content_filtered":"","post_parent":0,"guid":"http:\/\/dev.claret.cat\/autor\/nancy-springer\/","menu_order":0,"post_type":"autor","post_mime_type":"","comment_count":"0","filter":"raw"}],"booktrailer":"","resenas":""},"aioseo_notices":[],"_links":{"self":[{"href":"https:\/\/www.claret.cat\/es\/wp-json\/wp\/v2\/product\/413322","targetHints":{"allow":["GET"]}}],"collection":[{"href":"https:\/\/www.claret.cat\/es\/wp-json\/wp\/v2\/product"}],"about":[{"href":"https:\/\/www.claret.cat\/es\/wp-json\/wp\/v2\/types\/product"}],"wp:featuredmedia":[{"embeddable":true,"href":"https:\/\/www.claret.cat\/es\/wp-json\/wp\/v2\/media\/413323"}],"wp:attachment":[{"href":"https:\/\/www.claret.cat\/es\/wp-json\/wp\/v2\/media?parent=413322"}],"wp:term":[{"taxonomy":"product_brand","embeddable":true,"href":"https:\/\/www.claret.cat\/es\/wp-json\/wp\/v2\/product_brand?post=413322"},{"taxonomy":"product_cat","embeddable":true,"href":"https:\/\/www.claret.cat\/es\/wp-json\/wp\/v2\/product_cat?post=413322"},{"taxonomy":"product_tag","embeddable":true,"href":"https:\/\/www.claret.cat\/es\/wp-json\/wp\/v2\/product_tag?post=413322"}],"curies":[{"name":"wp","href":"https:\/\/api.w.org\/{rel}","templated":true}]}}