{"id":413465,"date":"2023-03-20T13:49:34","date_gmt":"2023-03-20T12:49:34","guid":{"rendered":"https:\/\/www.claret.cat\/llibre\/zipi-y-zape-los-gemelos-mas-famosos-del-tebeo-9788402427854\/"},"modified":"2023-10-11T03:34:25","modified_gmt":"2023-10-11T01:34:25","slug":"zipi-y-zape-los-gemelos-mas-famosos-del-tebeo-9788402427854","status":"publish","type":"product","link":"https:\/\/www.claret.cat\/es\/libro\/zipi-y-zape-los-gemelos-mas-famosos-del-tebeo-9788402427854\/","title":{"rendered":"ZIPI Y ZAPE. LOS GEMELOS M\u00c1S FAMOSOS DEL TEBEO"},"content":{"rendered":"<p>\u00a1Felicidades, Zipi y Zape! Celebramos 75 a\u00f1os desde que Josep Escobar dio vida a los gemelos m\u00e1s famosos del tebeo y, con ellos, inici\u00f3 una magistral lecci\u00f3n sobre la especial relaci\u00f3n de la infancia con el mundo que los rodea. Desde la primera p\u00e1gina, Zipi y Zape se lanzaron a vivir con una felicidad innata, en busca de aventuras en la cotidianidad del hogar y el colegio, un tel\u00f3n de fondo marcado por las normas y exigencias de los adultos. &#8216;Los gemelos m\u00e1s gamberros del TBO&#8217; o &#8216;Los terribles Zipi y Zape&#8217; son algunas de las expresiones que reflejan la simplicidad con la que los adultos interpretan el comportamiento de la infancia y el precio que pagan los ni\u00f1os y ni\u00f1as por su valent\u00eda, su curiosidad, su delirio de aventuras y, en definitiva, por poner en primer lugar la libertad y la felicidad. Josep Escobar no solamente los am\u00f3 y les ofreci\u00f3 una vida llena de aventuras, sino que les trat\u00f3 con con esmero y suma delicadeza, propios del amor de un padre.Este libro es un abrazo a los eternos hermanos que a tantas generaciones han acompa\u00f1ado y siguen haci\u00e9ndolo; una celebraci\u00f3n de unos gemelos que nos han hecho re\u00edr y que nos han ense\u00f1ado el significado de ser ni\u00f1os y ni\u00f1as. Es, tambi\u00e9n, un homenaje a su devoto creador, que no solo les dio forma y vida en sus historietas publicadas, sino que plasm\u00f3 en multitud de trazos, vi\u00f1etas y dibujos -como muestra el material in\u00e9dito de este libro- su ingenuidad m\u00e1s reveladora.El libro definitivo de Zipi y Zape, con textos del experto Antoni Guiral, vi\u00f1etas y material in\u00e9dito de Escobar.<\/p>\n","protected":false},"excerpt":{"rendered":"<p>ESCOBAR, JOSEP \/ GUIRAL, ANTONI<\/p>\n","protected":false},"featured_media":413466,"template":"","meta":{"_acf_changed":false,"om_disable_all_campaigns":false,"rs_blank_template":"","rs_page_bg_color":"","slide_template_v7":"","inline_featured_image":false,"_monsterinsights_skip_tracking":false,"_monsterinsights_sitenote_active":false,"_monsterinsights_sitenote_note":"","_monsterinsights_sitenote_category":0},"product_brand":[],"product_cat":[108,558],"product_tag":[],"class_list":{"0":"post-413465","1":"product","2":"type-product","3":"status-publish","4":"has-post-thumbnail","6":"product_cat-comic","7":"product_cat-comic-3_infantil-juvenil-spa-spa","9":"first","10":"instock","11":"taxable","12":"shipping-taxable","13":"purchasable","14":"product-type-simple"},"acf":{"autor":"ESCOBAR, JOSEP \/ GUIRAL, ANTONI","codart":"840242785","libros-coleccion":"Bruguera Cl\u00e1sica","ediciones":"1","encuadernacion":"Carton\u00e9","fecha_de_publicacion":"01\/03\/2023","novedad":"1","paginas":"125","subtitulo":"EDICI\u00d3N 75 ANIVERSARIO","orden":"0","portada":"0","idioma":"spa","editorial":[{"ID":6253,"post_author":"3","post_date":"2022-07-28 17:48:14","post_date_gmt":"2022-07-28 15:48:14","post_content":"","post_title":"Facultat Teologia de Catalunya","post_excerpt":"","post_status":"publish","comment_status":"closed","ping_status":"closed","post_password":"","post_name":"facultat-teologia-de-catalunya","to_ping":"","pinged":"","post_modified":"2022-07-28 17:48:14","post_modified_gmt":"2022-07-28 15:48:14","post_content_filtered":"","post_parent":0,"guid":"http:\/\/dev.claret.cat\/editorial\/facultat-teologia-de-catalunya\/","menu_order":0,"post_type":"editorial","post_mime_type":"","comment_count":"0","filter":"raw"}],"autores-libros":[{"ID":160663,"post_author":"3","post_date":"2022-10-14 15:54:53","post_date_gmt":"2022-10-14 13:54:53","post_content":"","post_title":"JOSEP ESCOBAR","post_excerpt":"","post_status":"publish","comment_status":"closed","ping_status":"closed","post_password":"","post_name":"josep-escobar","to_ping":"","pinged":"","post_modified":"2022-10-14 15:54:53","post_modified_gmt":"2022-10-14 13:54:53","post_content_filtered":"","post_parent":0,"guid":"http:\/\/dev.claret.cat\/autor\/josep-escobar\/","menu_order":0,"post_type":"autor","post_mime_type":"","comment_count":"0","filter":"raw"},{"ID":413464,"post_author":"3","post_date":"2023-03-20 13:49:32","post_date_gmt":"2023-03-20 12:49:32","post_content":"","post_title":"ANTONI GUIRAL","post_excerpt":"","post_status":"publish","comment_status":"closed","ping_status":"closed","post_password":"","post_name":"antoni-guiral","to_ping":"","pinged":"","post_modified":"2023-03-20 13:49:32","post_modified_gmt":"2023-03-20 12:49:32","post_content_filtered":"","post_parent":0,"guid":"https:\/\/www.claret.cat\/autor\/antoni-guiral\/","menu_order":0,"post_type":"autor","post_mime_type":"","comment_count":"0","filter":"raw"}]},"aioseo_notices":[],"_links":{"self":[{"href":"https:\/\/www.claret.cat\/es\/wp-json\/wp\/v2\/product\/413465","targetHints":{"allow":["GET"]}}],"collection":[{"href":"https:\/\/www.claret.cat\/es\/wp-json\/wp\/v2\/product"}],"about":[{"href":"https:\/\/www.claret.cat\/es\/wp-json\/wp\/v2\/types\/product"}],"wp:featuredmedia":[{"embeddable":true,"href":"https:\/\/www.claret.cat\/es\/wp-json\/wp\/v2\/media\/413466"}],"wp:attachment":[{"href":"https:\/\/www.claret.cat\/es\/wp-json\/wp\/v2\/media?parent=413465"}],"wp:term":[{"taxonomy":"product_brand","embeddable":true,"href":"https:\/\/www.claret.cat\/es\/wp-json\/wp\/v2\/product_brand?post=413465"},{"taxonomy":"product_cat","embeddable":true,"href":"https:\/\/www.claret.cat\/es\/wp-json\/wp\/v2\/product_cat?post=413465"},{"taxonomy":"product_tag","embeddable":true,"href":"https:\/\/www.claret.cat\/es\/wp-json\/wp\/v2\/product_tag?post=413465"}],"curies":[{"name":"wp","href":"https:\/\/api.w.org\/{rel}","templated":true}]}}