{"id":413475,"date":"2023-03-20T14:35:25","date_gmt":"2023-03-20T13:35:25","guid":{"rendered":"https:\/\/www.claret.cat\/llibre\/caminar-9788428839860\/"},"modified":"2025-02-26T19:18:47","modified_gmt":"2025-02-26T18:18:47","slug":"caminar-caminos-desvios-viacrucis-9788428839860","status":"publish","type":"product","link":"https:\/\/www.claret.cat\/es\/libro\/caminar-caminos-desvios-viacrucis-9788428839860\/","title":{"rendered":"CAMINAR. CAMINOS &#8211; DESV\u00cdOS &#8211; VIACRUCIS"},"content":{"rendered":"<p>Muchos se preguntan si algunos fen\u00f3menos de nuestra sociedad no estar\u00e1n relacionados con el hecho de que la gente ya no emprende viajes largos, no camina ni sale de excursi\u00f3n, y tampoco tiene la necesidad de buscar el movimiento con el cuerpo. Podr\u00edamos remontarnos al debate de qu\u00e9 fue antes, si el huevo o la gallina, es decir, si los problemas humanos conducen a carencias corporales o si la falta de movimiento es la que lleva a otra serie de problemas psicol\u00f3gicos. En cualquier caso, merece la pena analizar el significado antropol\u00f3gico y espiritual de caminar.El alma se expresa y se completa en el cuerpo, donde nuestra vida espiritual m\u00e1s \u00edntima se hace carne y, por consiguiente, adquiere la posibilidad de influir en los dem\u00e1s. Asimismo, el cuerpo y todos sus procesos internos, externos e interrelacionados con \u00e9l afectan al alma, molde\u00e1ndola, transform\u00e1ndola, otorg\u00e1ndole madurez y perfecci\u00f3n o, por el contrario, llev\u00e1ndola a la decadencia y a la ruina.<\/p>\n","protected":false},"excerpt":{"rendered":"<p>GRESHAKE, GISBERT<\/p>\n","protected":false},"featured_media":413476,"template":"","meta":{"_acf_changed":false,"om_disable_all_campaigns":false,"rs_blank_template":"","rs_page_bg_color":"","slide_template_v7":"","inline_featured_image":false,"_monsterinsights_skip_tracking":false,"_monsterinsights_sitenote_active":false,"_monsterinsights_sitenote_note":"","_monsterinsights_sitenote_category":0},"product_brand":[],"product_cat":[485,232,503,258],"product_tag":[],"class_list":{"0":"post-413475","1":"product","2":"type-product","3":"status-publish","4":"has-post-thumbnail","6":"product_cat-autores-espiritualidad-1_espiritualidad","7":"product_cat-autors-espiritualitat","8":"product_cat-paraliturgia-liturgia-1_espiritualidad","9":"product_cat-paraliturgia","11":"first","12":"instock","13":"taxable","14":"shipping-taxable","15":"purchasable","16":"product-type-simple"},"acf":{"autor":"GRESHAKE, GISBERT","codart":"842883986","libros-coleccion":"Sauce","ediciones":"1","encuadernacion":"R\u00fastica","fecha_de_publicacion":"20\/03\/2023","novedad":"1","paginas":"144","subtitulo":"CAMINOS - DESV\u00cdOS - VIACRUCIS ","orden":"0","portada":"0","idioma":"spa","editorial":[{"ID":6335,"post_author":"3","post_date":"2022-07-28 17:49:59","post_date_gmt":"2022-07-28 15:49:59","post_content":"","post_title":"PPC altres","post_excerpt":"","post_status":"publish","comment_status":"closed","ping_status":"closed","post_password":"","post_name":"ppc-altres","to_ping":"","pinged":"","post_modified":"2022-07-28 17:49:59","post_modified_gmt":"2022-07-28 15:49:59","post_content_filtered":"","post_parent":0,"guid":"http:\/\/dev.claret.cat\/editorial\/ppc-altres\/","menu_order":0,"post_type":"editorial","post_mime_type":"","comment_count":"0","filter":"raw"}],"autores-libros":[{"ID":280702,"post_author":"3","post_date":"2022-12-09 20:20:35","post_date_gmt":"2022-12-09 19:20:35","post_content":"","post_title":"GISBERT GRESHAKE","post_excerpt":"","post_status":"publish","comment_status":"closed","ping_status":"closed","post_password":"","post_name":"gisbert-greshake","to_ping":"","pinged":"","post_modified":"2022-12-09 20:20:35","post_modified_gmt":"2022-12-09 19:20:35","post_content_filtered":"","post_parent":0,"guid":"http:\/\/dev.claret.cat\/autor\/gisbert-greshake\/","menu_order":0,"post_type":"autor","post_mime_type":"","comment_count":"0","filter":"raw"}]},"aioseo_notices":[],"_links":{"self":[{"href":"https:\/\/www.claret.cat\/es\/wp-json\/wp\/v2\/product\/413475","targetHints":{"allow":["GET"]}}],"collection":[{"href":"https:\/\/www.claret.cat\/es\/wp-json\/wp\/v2\/product"}],"about":[{"href":"https:\/\/www.claret.cat\/es\/wp-json\/wp\/v2\/types\/product"}],"wp:featuredmedia":[{"embeddable":true,"href":"https:\/\/www.claret.cat\/es\/wp-json\/wp\/v2\/media\/413476"}],"wp:attachment":[{"href":"https:\/\/www.claret.cat\/es\/wp-json\/wp\/v2\/media?parent=413475"}],"wp:term":[{"taxonomy":"product_brand","embeddable":true,"href":"https:\/\/www.claret.cat\/es\/wp-json\/wp\/v2\/product_brand?post=413475"},{"taxonomy":"product_cat","embeddable":true,"href":"https:\/\/www.claret.cat\/es\/wp-json\/wp\/v2\/product_cat?post=413475"},{"taxonomy":"product_tag","embeddable":true,"href":"https:\/\/www.claret.cat\/es\/wp-json\/wp\/v2\/product_tag?post=413475"}],"curies":[{"name":"wp","href":"https:\/\/api.w.org\/{rel}","templated":true}]}}