{"id":413487,"date":"2023-03-20T14:50:05","date_gmt":"2023-03-20T13:50:05","guid":{"rendered":"https:\/\/www.claret.cat\/llibre\/bienaventuranzas-desde-la-carcel-9788428839877\/"},"modified":"2024-05-02T05:18:19","modified_gmt":"2024-05-02T03:18:19","slug":"bienaventuranzas-desde-la-carcel-9788428839877","status":"publish","type":"product","link":"https:\/\/www.claret.cat\/es\/libro\/bienaventuranzas-desde-la-carcel-9788428839877\/","title":{"rendered":"BIENAVENTURANZAS DESDE LA C\u00c1RCEL"},"content":{"rendered":"<p>\u00abAgradezco al padre Javier su apostolado en la c\u00e1rcel y, en \u00e9l, a los agentes de pastoral, a los voluntarios, a los profesionales, a las familias y a todos los que se animan a ir al encuentro de quienes est\u00e1n en prisi\u00f3n, para ayudarlos a reinsertarse luego en la sociedad con la dignidad que nadie puede quitar, la de ser hijos de Dios.Queridos amigos, as\u00ed como otras veces les invit\u00e9 a retomar esas p\u00e1ginas del evangelio en las que se encuentran las bienaventuranzas y les propuse releerlas varias veces, para poder vivir hasta el final un &#8216;programa de santidad&#8217; que va &#8216;a contracorriente&#8217; respecto a la mentalidad del mundo, hoy tambi\u00e9n me permito invitarles a leer est\u00e1s Bienaventuranzas desde la c\u00e1rcel y dejar que ellas nos ayuden a entrar en el coraz\u00f3n misericordioso del Padre, que quiere que todos seamos felices y que nos animemos a so\u00f1ar con un ma\u00f1ana mejor\u00bb.\u00a0Francisco<\/p>\n","protected":false},"excerpt":{"rendered":"<p>S\u00c1NCHEZ GONZ\u00c1LEZ, FRANCISCO JAVIER<\/p>\n","protected":false},"featured_media":413488,"template":"","meta":{"_acf_changed":false,"om_disable_all_campaigns":false,"rs_blank_template":"","rs_page_bg_color":"","slide_template_v7":"","inline_featured_image":false,"_monsterinsights_skip_tracking":false,"_monsterinsights_sitenote_active":false,"_monsterinsights_sitenote_note":"","_monsterinsights_sitenote_category":0},"product_brand":[],"product_cat":[523,299],"product_tag":[],"class_list":{"0":"post-413487","1":"product","2":"type-product","3":"status-publish","4":"has-post-thumbnail","6":"product_cat-laicos-y-testimonios","7":"product_cat-laics-i-testimonis","9":"first","10":"instock","11":"taxable","12":"shipping-taxable","13":"purchasable","14":"product-type-simple"},"acf":{"autor":"S\u00c1NCHEZ GONZ\u00c1LEZ, FRANCISCO JAVIER","codart":"842883987","libros-coleccion":"PASTORAL","ediciones":"1","encuadernacion":"R\u00fastica","fecha_de_publicacion":"20\/03\/2023","novedad":"1","paginas":"504","subtitulo":"","orden":"0","portada":"0","idioma":"spa","editorial":[{"ID":6335,"post_author":"3","post_date":"2022-07-28 17:49:59","post_date_gmt":"2022-07-28 15:49:59","post_content":"","post_title":"PPC altres","post_excerpt":"","post_status":"publish","comment_status":"closed","ping_status":"closed","post_password":"","post_name":"ppc-altres","to_ping":"","pinged":"","post_modified":"2022-07-28 17:49:59","post_modified_gmt":"2022-07-28 15:49:59","post_content_filtered":"","post_parent":0,"guid":"http:\/\/dev.claret.cat\/editorial\/ppc-altres\/","menu_order":0,"post_type":"editorial","post_mime_type":"","comment_count":"0","filter":"raw"}],"autores-libros":[{"ID":413486,"post_author":"3","post_date":"2023-03-20 14:45:16","post_date_gmt":"2023-03-20 13:45:16","post_content":"","post_title":"FRANCISCO JAVIER S\u00c1NCHEZ GONZ\u00c1LEZ","post_excerpt":"","post_status":"publish","comment_status":"closed","ping_status":"closed","post_password":"","post_name":"francisco-javier-sanchez-gonzalez","to_ping":"","pinged":"","post_modified":"2023-03-20 14:45:16","post_modified_gmt":"2023-03-20 13:45:16","post_content_filtered":"","post_parent":0,"guid":"https:\/\/www.claret.cat\/autor\/francisco-javier-sanchez-gonzalez\/","menu_order":0,"post_type":"autor","post_mime_type":"","comment_count":"0","filter":"raw"}]},"aioseo_notices":[],"_links":{"self":[{"href":"https:\/\/www.claret.cat\/es\/wp-json\/wp\/v2\/product\/413487","targetHints":{"allow":["GET"]}}],"collection":[{"href":"https:\/\/www.claret.cat\/es\/wp-json\/wp\/v2\/product"}],"about":[{"href":"https:\/\/www.claret.cat\/es\/wp-json\/wp\/v2\/types\/product"}],"wp:featuredmedia":[{"embeddable":true,"href":"https:\/\/www.claret.cat\/es\/wp-json\/wp\/v2\/media\/413488"}],"wp:attachment":[{"href":"https:\/\/www.claret.cat\/es\/wp-json\/wp\/v2\/media?parent=413487"}],"wp:term":[{"taxonomy":"product_brand","embeddable":true,"href":"https:\/\/www.claret.cat\/es\/wp-json\/wp\/v2\/product_brand?post=413487"},{"taxonomy":"product_cat","embeddable":true,"href":"https:\/\/www.claret.cat\/es\/wp-json\/wp\/v2\/product_cat?post=413487"},{"taxonomy":"product_tag","embeddable":true,"href":"https:\/\/www.claret.cat\/es\/wp-json\/wp\/v2\/product_tag?post=413487"}],"curies":[{"name":"wp","href":"https:\/\/api.w.org\/{rel}","templated":true}]}}