{"id":413589,"date":"2023-03-21T15:50:02","date_gmt":"2023-03-21T14:50:02","guid":{"rendered":"https:\/\/www.claret.cat\/llibre\/el-proceso-de-convertirse-en-persona-9788449340635\/"},"modified":"2025-07-16T13:40:06","modified_gmt":"2025-07-16T11:40:06","slug":"el-proceso-de-convertirse-en-persona-9788449340635","status":"publish","type":"product","link":"https:\/\/www.claret.cat\/es\/libro\/el-proceso-de-convertirse-en-persona-9788449340635\/","title":{"rendered":"EL PROCESO DE CONVERTIRSE EN PERSONA"},"content":{"rendered":"<p>El encuadre psicoterap\u00e9utico de El proceso de convertirse en persona excede las categor\u00edas de conocimiento tradicionales y altera el rol del terapeuta: le asigna la tarea de comprender al otro, de ser el espejo de la vida del paciente, convirti\u00e9ndolo en su asesor y a la relaci\u00f3n terap\u00e9utica en un asesoramiento.<br \/> Carl Rogers revolucion\u00f3 la psicoterapia con su concepto de \u00abterapia centrada en el cliente\u00bb, en la que se elimina toda actitud directiva por parte del terapeuta y se evita fragmentar la personalidad del asesorado en \u00abpartes enfermas\u00bb y \u00abpartes sanas\u00bb. As\u00ed, asesor y asesorado entran en una relaci\u00f3n simbi\u00f3tica en la que desarrollan un di\u00e1logo \u2014comprometido, emocionalmente intenso y de curso impredecible\u2014 que permite la maduraci\u00f3n afectiva del asesorado a trav\u00e9s del desarrollo de las percepciones que rescatan e integran la totalidad de su experiencia vivida.<br \/> El proceso de convertirse en persona es un referente que ofrece la perspectiva de un terapeuta sobre la psicoterapia. Una lectura imprescindible para cualquier persona interesada en la psicolog\u00eda cl\u00ednica o en el crecimiento personal.<\/p>\n","protected":false},"excerpt":{"rendered":"<p>ROGERS, CARL R.<\/p>\n","protected":false},"featured_media":413590,"template":"","meta":{"_acf_changed":false,"om_disable_all_campaigns":false,"rs_blank_template":"","rs_page_bg_color":"","slide_template_v7":"","inline_featured_image":false,"_monsterinsights_skip_tracking":false,"_monsterinsights_sitenote_active":false,"_monsterinsights_sitenote_note":"","_monsterinsights_sitenote_category":0},"product_brand":[],"product_cat":[376,178],"product_tag":[],"class_list":{"0":"post-413589","1":"product","2":"type-product","3":"status-publish","4":"has-post-thumbnail","6":"product_cat-autores-psicologia-2_humanidades","7":"product_cat-autors-psicologia","9":"first","10":"instock","11":"taxable","12":"shipping-taxable","13":"purchasable","14":"product-type-simple"},"acf":{"autor":"ROGERS, CARL R.","codart":"844934063","libros-coleccion":"FORA DE COL.LECCI\u00d3","ediciones":"1","encuadernacion":"R\u00fastica","fecha_de_publicacion":"01\/03\/2023","novedad":"1","paginas":"441","subtitulo":"MI T\u00c9CNICA TERAP\u00c9UTICA","orden":"0","portada":"0","idioma":"spa","editorial":[{"ID":6206,"post_author":"3","post_date":"2022-07-28 17:47:08","post_date_gmt":"2022-07-28 15:47:08","post_content":"","post_title":"Ediciones Paid\u00f3s","post_excerpt":"","post_status":"publish","comment_status":"closed","ping_status":"closed","post_password":"","post_name":"ediciones-paidos","to_ping":"","pinged":"","post_modified":"2022-07-28 17:47:08","post_modified_gmt":"2022-07-28 15:47:08","post_content_filtered":"","post_parent":0,"guid":"http:\/\/dev.claret.cat\/editorial\/ediciones-paidos\/","menu_order":0,"post_type":"editorial","post_mime_type":"","comment_count":"0","filter":"raw"}],"autores-libros":[{"ID":152094,"post_author":"3","post_date":"2022-10-14 14:46:03","post_date_gmt":"2022-10-14 12:46:03","post_content":"","post_title":"CARL R. ROGERS","post_excerpt":"","post_status":"publish","comment_status":"closed","ping_status":"closed","post_password":"","post_name":"carl-r-rogers","to_ping":"","pinged":"","post_modified":"2022-10-14 14:46:03","post_modified_gmt":"2022-10-14 12:46:03","post_content_filtered":"","post_parent":0,"guid":"http:\/\/dev.claret.cat\/autor\/carl-r-rogers\/","menu_order":0,"post_type":"autor","post_mime_type":"","comment_count":"0","filter":"raw"}],"booktrailer":"","resenas":""},"aioseo_notices":[],"_links":{"self":[{"href":"https:\/\/www.claret.cat\/es\/wp-json\/wp\/v2\/product\/413589","targetHints":{"allow":["GET"]}}],"collection":[{"href":"https:\/\/www.claret.cat\/es\/wp-json\/wp\/v2\/product"}],"about":[{"href":"https:\/\/www.claret.cat\/es\/wp-json\/wp\/v2\/types\/product"}],"wp:featuredmedia":[{"embeddable":true,"href":"https:\/\/www.claret.cat\/es\/wp-json\/wp\/v2\/media\/413590"}],"wp:attachment":[{"href":"https:\/\/www.claret.cat\/es\/wp-json\/wp\/v2\/media?parent=413589"}],"wp:term":[{"taxonomy":"product_brand","embeddable":true,"href":"https:\/\/www.claret.cat\/es\/wp-json\/wp\/v2\/product_brand?post=413589"},{"taxonomy":"product_cat","embeddable":true,"href":"https:\/\/www.claret.cat\/es\/wp-json\/wp\/v2\/product_cat?post=413589"},{"taxonomy":"product_tag","embeddable":true,"href":"https:\/\/www.claret.cat\/es\/wp-json\/wp\/v2\/product_tag?post=413589"}],"curies":[{"name":"wp","href":"https:\/\/api.w.org\/{rel}","templated":true}]}}