{"id":413600,"date":"2023-03-21T16:05:03","date_gmt":"2023-03-21T15:05:03","guid":{"rendered":"https:\/\/www.claret.cat\/llibre\/la-inmensidad-del-mundo-9788492917099\/"},"modified":"2023-10-11T03:33:18","modified_gmt":"2023-10-11T01:33:18","slug":"la-inmensidad-del-mundo-9788492917099","status":"publish","type":"product","link":"https:\/\/www.claret.cat\/es\/libro\/la-inmensidad-del-mundo-9788492917099\/","title":{"rendered":"LA INMENSIDAD DEL MUNDO"},"content":{"rendered":"<p>La Tierra est\u00e1 repleta de im\u00e1genes y texturas, sonidos y vibraciones, olores y\u00a0sabores, campos el\u00e9ctricos y magn\u00e9ticos. Pero cada individuo est\u00e1 encerrado\u00a0dentro de su burbuja sensorial, propia y \u00fanica, y solo percibe una peque\u00f1a\u00a0porci\u00f3n de la inmensidad de nuestro planeta. Este libro nos abre las puertas a\u00a0dimensiones hasta ahora insondables: el mundo tal como lo perciben otros\u00a0animales.Encontraremos escarabajos que se sienten atra\u00eddos por el fuego; tortugas que\u00a0pueden rastrear los campos magn\u00e9ticos de la Tierra; peces que llenan los r\u00edos\u00a0con mensajes el\u00e9ctricos; humanos que tienen sonares al igual que los\u00a0murci\u00e9lagos; y plantas que vibran con las canciones inaudibles de cortejo de\u00a0los insectos. Aprenderemos qu\u00e9 ven las abejas en las flores, qu\u00e9 escuchan los\u00a0p\u00e1jaros en sus melod\u00edas y qu\u00e9 huelen los perros en la calle. Leeremos las\u00a0historias de los descubrimientos fundamentales del \u00e1rea y anticiparemos qu\u00e9\u00a0misterios quedan a\u00fan sin resolver.En La inmensidad del mundo, el aclamado periodista cient\u00edfico Ed Yong nos\u00a0lleva m\u00e1s all\u00e1 de los confines de nuestros sentidos, d\u00e1ndonos la posibilidad de\u00a0percibir los olores, las ondas electromagn\u00e9ticas y los pulsos de presi\u00f3n que\u00a0nos rodean. Porque para entender nuestro mundo no necesitamos viajar a\u00a0otros lugares, sino ver a trav\u00e9s de otros ojos.\u00abUna cornucopia de maravillas&#8230; Un recordatorio fascinante\u00a0de que gran parte de lo que sucede entre las formas de vida en la Tierra\u00a0est\u00e1 m\u00e1s all\u00e1 de nuestro conocimiento\u00bb.DAVID QUAMMEN<\/p>\n","protected":false},"excerpt":{"rendered":"<p>YONG, ED<\/p>\n","protected":false},"featured_media":413601,"template":"","meta":{"_acf_changed":false,"om_disable_all_campaigns":false,"rs_blank_template":"","rs_page_bg_color":"","slide_template_v7":"","inline_featured_image":false,"_monsterinsights_skip_tracking":false,"_monsterinsights_sitenote_active":false,"_monsterinsights_sitenote_note":"","_monsterinsights_sitenote_category":0},"product_brand":[],"product_cat":[90,104,554,540],"product_tag":[],"class_list":{"0":"post-413600","1":"product","2":"type-product","3":"status-publish","4":"has-post-thumbnail","6":"product_cat-altres","7":"product_cat-ciencia","8":"product_cat-ciencia-5_otras-spa","9":"product_cat-otros","11":"first","12":"instock","13":"taxable","14":"shipping-taxable","15":"purchasable","16":"product-type-simple"},"acf":{"autor":"YONG, ED","codart":"849291709","libros-coleccion":"Tendencias","ediciones":"1","encuadernacion":"R\u00fastica","fecha_de_publicacion":"01\/03\/2023","novedad":"1","paginas":"477","subtitulo":"","orden":"0","portada":"0","idioma":"spa","editorial":[{"ID":413607,"post_author":"3","post_date":"2023-03-21 16:21:03","post_date_gmt":"2023-03-21 15:21:03","post_content":"","post_title":"Tendencias","post_excerpt":"","post_status":"publish","comment_status":"closed","ping_status":"closed","post_password":"","post_name":"tendencias-5","to_ping":"","pinged":"","post_modified":"2023-03-21 16:21:03","post_modified_gmt":"2023-03-21 15:21:03","post_content_filtered":"","post_parent":0,"guid":"https:\/\/www.claret.cat\/editorial\/tendencias-5\/","menu_order":0,"post_type":"editorial","post_mime_type":"","comment_count":"0","filter":"raw"}],"autores-libros":[{"ID":413608,"post_author":"3","post_date":"2023-03-21 16:21:04","post_date_gmt":"2023-03-21 15:21:04","post_content":"","post_title":"ED YONG","post_excerpt":"","post_status":"publish","comment_status":"closed","ping_status":"closed","post_password":"","post_name":"ed-yong","to_ping":"","pinged":"","post_modified":"2023-03-21 16:21:04","post_modified_gmt":"2023-03-21 15:21:04","post_content_filtered":"","post_parent":0,"guid":"https:\/\/www.claret.cat\/autor\/ed-yong\/","menu_order":0,"post_type":"autor","post_mime_type":"","comment_count":"0","filter":"raw"}]},"aioseo_notices":[],"_links":{"self":[{"href":"https:\/\/www.claret.cat\/es\/wp-json\/wp\/v2\/product\/413600","targetHints":{"allow":["GET"]}}],"collection":[{"href":"https:\/\/www.claret.cat\/es\/wp-json\/wp\/v2\/product"}],"about":[{"href":"https:\/\/www.claret.cat\/es\/wp-json\/wp\/v2\/types\/product"}],"wp:featuredmedia":[{"embeddable":true,"href":"https:\/\/www.claret.cat\/es\/wp-json\/wp\/v2\/media\/413601"}],"wp:attachment":[{"href":"https:\/\/www.claret.cat\/es\/wp-json\/wp\/v2\/media?parent=413600"}],"wp:term":[{"taxonomy":"product_brand","embeddable":true,"href":"https:\/\/www.claret.cat\/es\/wp-json\/wp\/v2\/product_brand?post=413600"},{"taxonomy":"product_cat","embeddable":true,"href":"https:\/\/www.claret.cat\/es\/wp-json\/wp\/v2\/product_cat?post=413600"},{"taxonomy":"product_tag","embeddable":true,"href":"https:\/\/www.claret.cat\/es\/wp-json\/wp\/v2\/product_tag?post=413600"}],"curies":[{"name":"wp","href":"https:\/\/api.w.org\/{rel}","templated":true}]}}