{"id":413796,"date":"2023-03-23T12:40:02","date_gmt":"2023-03-23T11:40:02","guid":{"rendered":"https:\/\/www.claret.cat\/llibre\/el-libro-de-los-baltimore-edicion-limitada-a-un-precio-especial-9788466367288\/"},"modified":"2025-02-24T10:40:41","modified_gmt":"2025-02-24T09:40:41","slug":"el-libro-de-los-baltimore-edicion-limitada-a-un-precio-especial-9788466367288","status":"publish","type":"product","link":"https:\/\/www.claret.cat\/es\/libro\/el-libro-de-los-baltimore-edicion-limitada-a-un-precio-especial-9788466367288\/","title":{"rendered":"EL LIBRO DE LOS BALTIMORE (EDICI\u00d3N LIMITADA A UN PRECIO ESPECIAL)"},"content":{"rendered":"<p>Jo\u00ebl Dicker rescata en El libro de los Baltimore a Marcus Goldman, protagonista de su gran novela La verdad sobre el caso Harry Quebert.   M\u00e1s de 15.000.000 de lectores  Por el ganador del Premio Goncourt des Lyc\u00e9ens, del Gran Premio de Novela de la Academia Francesa, del Premio Lire, del Premio Qu\u00e9 Leer y del Premio San Clemente.  #AdictosaDicker \u00abEl Librode los Baltimore es una novela tit\u00e1nica, nabokoviana, altamente recomendable\u00bb.<br \/>Laura Fern\u00e1ndez, El Cultural \u00abSi encontr\u00e1is este libro, por favor, leedlo. Querr\u00eda que alguien supiera la historia de los Goldman-de-Baltimore\u00bb. Hasta que tuvo lugar el Drama exist\u00edan dos ramas de la familia Goldman: los Goldman de Baltimore y los Goldman de Montclair. Los Montclair, de los que forma parte Marcus Goldman, autor de La verdad sobre el caso Harry Quebert, es una familia de clase media que vive en una peque\u00f1a casa en el estado de Nueva Jersey. Los Baltimore, pr\u00f3speros y a los que la suerte siempre ha sonre\u00eddo, habitan una lujosa mansi\u00f3n en un barrio de la alta sociedad de Baltimore. Ocho a\u00f1os despu\u00e9s del Drama, Marcus Goldman pone el pasado bajo la lupa en busca de la verdad sobre el ocaso de la familia. Entre los recuerdos de su juventud revive la fascinaci\u00f3n que sinti\u00f3 desde ni\u00f1o por los Baltimore, que encarnaban la Am\u00e9rica patricia con sus vacaciones en Miami y en los Hamptons y sus colegios elitistas. Con el paso de los a\u00f1os la brillante p\u00e1tina de los Baltimore se desvanece al tiempo que el Drama se va perfilando. Hasta el d\u00eda en el que todo cambia para siempre.La opini\u00f3n de la cr\u00edtica:<br \/>\u00abLes sorprender\u00e1. Deber\u00edamos leer El libro de los Baltimore como quien contempla un \u00f3leo de Edward Hopper y su trazo elegante\u00bb.<br \/>Ram\u00f3n Ventura, El Peri\u00f3dico de Catalunya \u00abEn apenas unas semanas El Libro de los Baltimore ha alcanzado los primeros puestos en las listas de m\u00e1s vendidos y nosotros sabemos por qu\u00e9. Buscamos cada minutolibre en nuestro d\u00eda a d\u00eda -en el metro, en el autob\u00fas, en una cola- para sumergirnos en su lectura\u00bb.<br \/>Toutelaculture.com \u00abCon La verdad sobre el caso Harry Quebert obtuvo dos de los principales galardones galos, el Grand Prix du Roman de l&#8221;Acad\u00e9mie Fran\u00e7aise y el Goncourt des Lyc\u00e9ens, y se convirti\u00f3 en uno de los principales fen\u00f3menosde ventas europeos de la d\u00e9cada. Ahora, con El Libro de los Baltimore, ha logrado recuperar todos y cada uno de los ingredientes de la obra anterior (comenzando por su narrador, el escritor Marcus Goldman)\u00bb.<br \/>Milo J. Krmpotic, Libr\u00fajula (\u00abJo\u00ebl Dicker: prodigioso y melanc\u00f3lico\u00bb, portada)<\/p>\n","protected":false},"excerpt":{"rendered":"<p>DICKER, JO\u00cbL<\/p>\n","protected":false},"featured_media":1007329,"template":"","meta":{"_acf_changed":false,"om_disable_all_campaigns":false,"rs_blank_template":"","rs_page_bg_color":"","slide_template_v7":"","inline_featured_image":false,"_monsterinsights_skip_tracking":false,"_monsterinsights_sitenote_active":false,"_monsterinsights_sitenote_note":"","_monsterinsights_sitenote_category":0},"product_brand":[],"product_cat":[127,357],"product_tag":[],"class_list":{"0":"post-413796","1":"product","2":"type-product","3":"status-publish","4":"has-post-thumbnail","6":"product_cat-novella-contemporania","7":"product_cat-novela-contemporanea","9":"first","10":"outofstock","11":"taxable","12":"shipping-taxable","13":"purchasable","14":"product-type-simple"},"acf":{"autor":"DICKER, JO\u00cbL","codart":"846636728","libros-coleccion":"CAMPA\u00d1AS","ediciones":"1","encuadernacion":"R\u00fastica","fecha_de_publicacion":"01\/01\/2023","novedad":"0","paginas":"475","subtitulo":"","orden":"0","portada":"0","idioma":"spa","editorial":[{"ID":6178,"post_author":"3","post_date":"2022-07-28 17:46:34","post_date_gmt":"2022-07-28 15:46:34","post_content":"","post_title":"DEBOLSILLO","post_excerpt":"","post_status":"publish","comment_status":"closed","ping_status":"closed","post_password":"","post_name":"debolsillo","to_ping":"","pinged":"","post_modified":"2022-07-28 17:46:34","post_modified_gmt":"2022-07-28 15:46:34","post_content_filtered":"","post_parent":0,"guid":"http:\/\/dev.claret.cat\/editorial\/debolsillo\/","menu_order":0,"post_type":"editorial","post_mime_type":"","comment_count":"0","filter":"raw"}],"autores-libros":[{"ID":5606,"post_author":"3","post_date":"2022-07-28 17:27:36","post_date_gmt":"2022-07-28 15:27:36","post_content":"","post_title":"JO\u00cbL DICKER","post_excerpt":"","post_status":"publish","comment_status":"closed","ping_status":"closed","post_password":"","post_name":"joel-dicker","to_ping":"","pinged":"","post_modified":"2022-07-28 17:27:36","post_modified_gmt":"2022-07-28 15:27:36","post_content_filtered":"","post_parent":0,"guid":"http:\/\/dev.claret.cat\/autor\/joel-dicker\/","menu_order":0,"post_type":"autor","post_mime_type":"","comment_count":"0","filter":"raw"}]},"aioseo_notices":[],"_links":{"self":[{"href":"https:\/\/www.claret.cat\/es\/wp-json\/wp\/v2\/product\/413796","targetHints":{"allow":["GET"]}}],"collection":[{"href":"https:\/\/www.claret.cat\/es\/wp-json\/wp\/v2\/product"}],"about":[{"href":"https:\/\/www.claret.cat\/es\/wp-json\/wp\/v2\/types\/product"}],"wp:featuredmedia":[{"embeddable":true,"href":"https:\/\/www.claret.cat\/es\/wp-json\/wp\/v2\/media\/1007329"}],"wp:attachment":[{"href":"https:\/\/www.claret.cat\/es\/wp-json\/wp\/v2\/media?parent=413796"}],"wp:term":[{"taxonomy":"product_brand","embeddable":true,"href":"https:\/\/www.claret.cat\/es\/wp-json\/wp\/v2\/product_brand?post=413796"},{"taxonomy":"product_cat","embeddable":true,"href":"https:\/\/www.claret.cat\/es\/wp-json\/wp\/v2\/product_cat?post=413796"},{"taxonomy":"product_tag","embeddable":true,"href":"https:\/\/www.claret.cat\/es\/wp-json\/wp\/v2\/product_tag?post=413796"}],"curies":[{"name":"wp","href":"https:\/\/api.w.org\/{rel}","templated":true}]}}