{"id":413911,"date":"2023-03-23T14:28:08","date_gmt":"2023-03-23T13:28:08","guid":{"rendered":"https:\/\/www.claret.cat\/llibre\/jedwabne-una-historia-universal-9788419007469\/"},"modified":"2025-01-31T14:33:22","modified_gmt":"2025-01-31T13:33:22","slug":"jedwabne-una-historia-universal-9788419007469","status":"publish","type":"product","link":"https:\/\/www.claret.cat\/es\/libro\/jedwabne-una-historia-universal-9788419007469\/","title":{"rendered":"JEDWABNE. UNA HIST\u00d2RIA UNIVERSAL"},"content":{"rendered":"<p>La matinada xafogosa del 10 de juliol de 1941 el poble polon\u00e8s de Jedwabne es desperta amb l&#8221;inquietant so de carruatges, crits de genets i ve\u00efns armats amb bastons. \u00c9s el dia acordat per humiliar i assassinar els ve\u00efns jueus. <br \/> Un m\u00f3n ple de llums i moltes ombres, amb gent solid\u00e0ria que es juga la vida pels altres i gent que assassina per quedar-se amb la millor casa del poble. Amb supervivents jueus que mercadegen amb b\u00e9ns de jueus assassinats i dones cat\u00f2liques que homenatgen en solitari els ve\u00efns assassinats entre amenaces de mort que encara continuen.<\/p>\n","protected":false},"excerpt":{"rendered":"<p>SERRANO BLANQUER, DAVID<\/p>\n","protected":false},"featured_media":413912,"template":"","meta":{"_acf_changed":false,"om_disable_all_campaigns":false,"rs_blank_template":"","rs_page_bg_color":"","slide_template_v7":"","inline_featured_image":false,"_monsterinsights_skip_tracking":false,"_monsterinsights_sitenote_active":false,"_monsterinsights_sitenote_note":"","_monsterinsights_sitenote_category":0},"product_brand":[],"product_cat":[368,151],"product_tag":[],"class_list":{"0":"post-413911","1":"product","2":"type-product","3":"status-publish","4":"has-post-thumbnail","6":"product_cat-contemporanea","7":"product_cat-contemporania","9":"first","10":"instock","11":"taxable","12":"shipping-taxable","13":"purchasable","14":"product-type-simple"},"acf":{"autor":"SERRANO BLANQUER, DAVID","codart":"841900746","libros-coleccion":"Base hist\u00f3rica","ediciones":"1","encuadernacion":"R\u00fastica","fecha_de_publicacion":"01\/11\/2022","novedad":"1","paginas":"347","subtitulo":"","orden":"0","portada":"0","idioma":"cat","editorial":[{"ID":147931,"post_author":"3","post_date":"2022-10-14 11:54:20","post_date_gmt":"2022-10-14 09:54:20","post_content":"","post_title":"EDITORIAL BASE (CAT)","post_excerpt":"","post_status":"publish","comment_status":"closed","ping_status":"closed","post_password":"","post_name":"editorial-base-cat","to_ping":"","pinged":"","post_modified":"2022-10-14 11:54:20","post_modified_gmt":"2022-10-14 09:54:20","post_content_filtered":"","post_parent":0,"guid":"http:\/\/dev.claret.cat\/editorial\/editorial-base-cat\/","menu_order":0,"post_type":"editorial","post_mime_type":"","comment_count":"0","filter":"raw"}],"autores-libros":[{"ID":413910,"post_author":"3","post_date":"2023-03-23 14:28:06","post_date_gmt":"2023-03-23 13:28:06","post_content":"","post_title":"DAVID SERRANO BLANQUER","post_excerpt":"","post_status":"publish","comment_status":"closed","ping_status":"closed","post_password":"","post_name":"david-serrano-blanquer","to_ping":"","pinged":"","post_modified":"2023-03-23 14:28:06","post_modified_gmt":"2023-03-23 13:28:06","post_content_filtered":"","post_parent":0,"guid":"https:\/\/www.claret.cat\/autor\/david-serrano-blanquer\/","menu_order":0,"post_type":"autor","post_mime_type":"","comment_count":"0","filter":"raw"}]},"aioseo_notices":[],"_links":{"self":[{"href":"https:\/\/www.claret.cat\/es\/wp-json\/wp\/v2\/product\/413911","targetHints":{"allow":["GET"]}}],"collection":[{"href":"https:\/\/www.claret.cat\/es\/wp-json\/wp\/v2\/product"}],"about":[{"href":"https:\/\/www.claret.cat\/es\/wp-json\/wp\/v2\/types\/product"}],"wp:featuredmedia":[{"embeddable":true,"href":"https:\/\/www.claret.cat\/es\/wp-json\/wp\/v2\/media\/413912"}],"wp:attachment":[{"href":"https:\/\/www.claret.cat\/es\/wp-json\/wp\/v2\/media?parent=413911"}],"wp:term":[{"taxonomy":"product_brand","embeddable":true,"href":"https:\/\/www.claret.cat\/es\/wp-json\/wp\/v2\/product_brand?post=413911"},{"taxonomy":"product_cat","embeddable":true,"href":"https:\/\/www.claret.cat\/es\/wp-json\/wp\/v2\/product_cat?post=413911"},{"taxonomy":"product_tag","embeddable":true,"href":"https:\/\/www.claret.cat\/es\/wp-json\/wp\/v2\/product_tag?post=413911"}],"curies":[{"name":"wp","href":"https:\/\/api.w.org\/{rel}","templated":true}]}}