{"id":413920,"date":"2023-03-23T14:35:02","date_gmt":"2023-03-23T13:35:02","guid":{"rendered":"https:\/\/www.claret.cat\/llibre\/el-cielo-prometido-9788434436084\/"},"modified":"2023-10-11T03:30:27","modified_gmt":"2023-10-11T01:30:27","slug":"el-cielo-prometido-9788434436084","status":"publish","type":"product","link":"https:\/\/www.claret.cat\/es\/libro\/el-cielo-prometido-9788434436084\/","title":{"rendered":"EL CIELO PROMETIDO"},"content":{"rendered":"<p>Un piolet y un grito desgarrador son los elementos que cargan<br \/>de dramatismo el instante en el que Ram\u00f3n Mercader<br \/>acab\u00f3 con la vida de Trotsky, una historia que se ha convertido<br \/>en uno de los mitos de nuestro tiempo. Este es s\u00f3lo un<br \/>episodio m\u00e1s del incre\u00edble devenir de la familia Mercader,<br \/>narrado aqu\u00ed como si de una novela se tratara, y en el que<br \/>no es Ram\u00f3n, sino su madre Caridad, quien emerge como la<br \/>figura principal de esta convulsa cr\u00f3nica del siglo xx.<br \/> Caridad fue una mujer deslumbrante y seductora, una Lady<br \/>Macbeth capaz de mover los hilos de la historia y una agente<br \/>al servicio del espionaje sovi\u00e9tico. Su misi\u00f3n m\u00e1s importante:<br \/>lograr que su hijo se fugara de la prisi\u00f3n en la que hab\u00eda<br \/>sido recluido por su crimen.<br \/> Compleja y fascinante, Caridad Mercader es el hilo conductor<br \/>de este libro por el que se cruzan algunos de los<br \/>personajes y sucesos m\u00e1s relevantes del siglo pasado y<br \/>que nos permite reflexionar sobre las paradojas de la condici\u00f3n<br \/>humana.<\/p>\n","protected":false},"excerpt":{"rendered":"<p>LURI, GREGORIO<\/p>\n","protected":false},"featured_media":413921,"template":"","meta":{"_acf_changed":false,"om_disable_all_campaigns":false,"rs_blank_template":"","rs_page_bg_color":"","slide_template_v7":"","inline_featured_image":false,"_monsterinsights_skip_tracking":false,"_monsterinsights_sitenote_active":false,"_monsterinsights_sitenote_note":"","_monsterinsights_sitenote_category":0},"product_brand":[],"product_cat":[368,151],"product_tag":[],"class_list":{"0":"post-413920","1":"product","2":"type-product","3":"status-publish","4":"has-post-thumbnail","6":"product_cat-contemporanea","7":"product_cat-contemporania","9":"first","10":"instock","11":"taxable","12":"shipping-taxable","13":"purchasable","14":"product-type-simple"},"acf":{"autor":"LURI, GREGORIO","codart":"843443608","libros-coleccion":"Ariel","ediciones":"1","encuadernacion":"R\u00fastica","fecha_de_publicacion":"01\/03\/2023","novedad":"1","paginas":"543","subtitulo":"UNA MUJER AL SERVICIO DE STALIN","orden":"0","portada":"0","idioma":"spa","editorial":[{"ID":6220,"post_author":"3","post_date":"2022-07-28 17:47:28","post_date_gmt":"2022-07-28 15:47:28","post_content":"","post_title":"Editorial Ariel","post_excerpt":"","post_status":"publish","comment_status":"closed","ping_status":"closed","post_password":"","post_name":"editorial-ariel","to_ping":"","pinged":"","post_modified":"2022-07-28 17:47:28","post_modified_gmt":"2022-07-28 15:47:28","post_content_filtered":"","post_parent":0,"guid":"http:\/\/dev.claret.cat\/editorial\/editorial-ariel\/","menu_order":0,"post_type":"editorial","post_mime_type":"","comment_count":"0","filter":"raw"}],"autores-libros":[{"ID":157131,"post_author":"3","post_date":"2022-10-14 15:26:22","post_date_gmt":"2022-10-14 13:26:22","post_content":"","post_title":"GREGORIO LURI","post_excerpt":"","post_status":"publish","comment_status":"closed","ping_status":"closed","post_password":"","post_name":"gregorio-luri","to_ping":"","pinged":"","post_modified":"2022-10-14 15:26:22","post_modified_gmt":"2022-10-14 13:26:22","post_content_filtered":"","post_parent":0,"guid":"http:\/\/dev.claret.cat\/autor\/gregorio-luri\/","menu_order":0,"post_type":"autor","post_mime_type":"","comment_count":"0","filter":"raw"}]},"aioseo_notices":[],"_links":{"self":[{"href":"https:\/\/www.claret.cat\/es\/wp-json\/wp\/v2\/product\/413920","targetHints":{"allow":["GET"]}}],"collection":[{"href":"https:\/\/www.claret.cat\/es\/wp-json\/wp\/v2\/product"}],"about":[{"href":"https:\/\/www.claret.cat\/es\/wp-json\/wp\/v2\/types\/product"}],"wp:featuredmedia":[{"embeddable":true,"href":"https:\/\/www.claret.cat\/es\/wp-json\/wp\/v2\/media\/413921"}],"wp:attachment":[{"href":"https:\/\/www.claret.cat\/es\/wp-json\/wp\/v2\/media?parent=413920"}],"wp:term":[{"taxonomy":"product_brand","embeddable":true,"href":"https:\/\/www.claret.cat\/es\/wp-json\/wp\/v2\/product_brand?post=413920"},{"taxonomy":"product_cat","embeddable":true,"href":"https:\/\/www.claret.cat\/es\/wp-json\/wp\/v2\/product_cat?post=413920"},{"taxonomy":"product_tag","embeddable":true,"href":"https:\/\/www.claret.cat\/es\/wp-json\/wp\/v2\/product_tag?post=413920"}],"curies":[{"name":"wp","href":"https:\/\/api.w.org\/{rel}","templated":true}]}}