{"id":413957,"date":"2023-03-23T16:35:35","date_gmt":"2023-03-23T15:35:35","guid":{"rendered":"https:\/\/www.claret.cat\/llibre\/que-sera-eso-del-amor-minimoni-9788491426332\/"},"modified":"2024-10-31T19:55:24","modified_gmt":"2024-10-31T18:55:24","slug":"que-sera-eso-del-amor-minimoni-9788491426332","status":"publish","type":"product","link":"https:\/\/www.claret.cat\/es\/libro\/que-sera-eso-del-amor-minimoni-9788491426332\/","title":{"rendered":"\u00bfQU\u00c9 SER\u00c1 ESO DEL AMOR, MINIMONI?"},"content":{"rendered":"<p>Vuelve Minimoni, el personaje m\u00e1s tierno de Rocio Bonilla, con una pregunta: \u00abSi el amor no se puede ver, ni oler, ni tocar&#8230; \u00bfC\u00f3mo podemos saber qu\u00e9 \u00e9s?\u00bb<\/p>\n","protected":false},"excerpt":{"rendered":"<p>BONILLA, ROCIO<\/p>\n","protected":false},"featured_media":413958,"template":"","meta":{"_acf_changed":false,"om_disable_all_campaigns":false,"rs_blank_template":"","rs_page_bg_color":"","slide_template_v7":"","inline_featured_image":false,"_monsterinsights_skip_tracking":false,"_monsterinsights_sitenote_active":false,"_monsterinsights_sitenote_note":"","_monsterinsights_sitenote_category":0},"product_brand":[],"product_cat":[131,132,361,362],"product_tag":[],"class_list":{"0":"post-413957","1":"product","2":"type-product","3":"status-publish","4":"has-post-thumbnail","6":"product_cat-contes-per-infants-0-6-anys","7":"product_cat-lectures-per-preadolescents-6-12-anys","8":"product_cat-cuentos-para-ninos-0-6-anos","9":"product_cat-libros-preadolescentes-6-12-anos","11":"first","12":"instock","13":"taxable","14":"shipping-taxable","15":"purchasable","16":"product-type-simple"},"acf":{"autor":"BONILLA, ROCIO","codart":"849142633","libros-coleccion":"FORA DE COL.LECCI\u00d3","ediciones":"1","encuadernacion":"Carton\u00e9","fecha_de_publicacion":"01\/03\/2023","novedad":"1","paginas":"32","subtitulo":"","orden":"0","portada":"0","idioma":"spa","editorial":[{"ID":147395,"post_author":"3","post_date":"2022-10-14 11:50:15","post_date_gmt":"2022-10-14 09:50:15","post_content":"","post_title":"ALGAR EDITORIAL","post_excerpt":"","post_status":"publish","comment_status":"closed","ping_status":"closed","post_password":"","post_name":"algar-editorial","to_ping":"","pinged":"","post_modified":"2022-10-14 11:50:15","post_modified_gmt":"2022-10-14 09:50:15","post_content_filtered":"","post_parent":0,"guid":"http:\/\/dev.claret.cat\/editorial\/algar-editorial\/","menu_order":0,"post_type":"editorial","post_mime_type":"","comment_count":"0","filter":"raw"}],"autores-libros":[{"ID":168315,"post_author":"3","post_date":"2022-10-14 18:18:14","post_date_gmt":"2022-10-14 16:18:14","post_content":"","post_title":"ROCIO BONILLA","post_excerpt":"","post_status":"publish","comment_status":"closed","ping_status":"closed","post_password":"","post_name":"rocio-bonilla","to_ping":"","pinged":"","post_modified":"2022-10-14 18:18:14","post_modified_gmt":"2022-10-14 16:18:14","post_content_filtered":"","post_parent":0,"guid":"http:\/\/dev.claret.cat\/autor\/rocio-bonilla\/","menu_order":0,"post_type":"autor","post_mime_type":"","comment_count":"0","filter":"raw"}]},"aioseo_notices":[],"_links":{"self":[{"href":"https:\/\/www.claret.cat\/es\/wp-json\/wp\/v2\/product\/413957","targetHints":{"allow":["GET"]}}],"collection":[{"href":"https:\/\/www.claret.cat\/es\/wp-json\/wp\/v2\/product"}],"about":[{"href":"https:\/\/www.claret.cat\/es\/wp-json\/wp\/v2\/types\/product"}],"wp:featuredmedia":[{"embeddable":true,"href":"https:\/\/www.claret.cat\/es\/wp-json\/wp\/v2\/media\/413958"}],"wp:attachment":[{"href":"https:\/\/www.claret.cat\/es\/wp-json\/wp\/v2\/media?parent=413957"}],"wp:term":[{"taxonomy":"product_brand","embeddable":true,"href":"https:\/\/www.claret.cat\/es\/wp-json\/wp\/v2\/product_brand?post=413957"},{"taxonomy":"product_cat","embeddable":true,"href":"https:\/\/www.claret.cat\/es\/wp-json\/wp\/v2\/product_cat?post=413957"},{"taxonomy":"product_tag","embeddable":true,"href":"https:\/\/www.claret.cat\/es\/wp-json\/wp\/v2\/product_tag?post=413957"}],"curies":[{"name":"wp","href":"https:\/\/api.w.org\/{rel}","templated":true}]}}