{"id":413982,"date":"2023-03-23T16:55:33","date_gmt":"2023-03-23T15:55:33","guid":{"rendered":"https:\/\/www.claret.cat\/llibre\/el-jorobado-de-notre-dame-9788435055758\/"},"modified":"2023-10-11T03:29:46","modified_gmt":"2023-10-11T01:29:46","slug":"el-jorobado-de-notre-dame-9788435055758","status":"publish","type":"product","link":"https:\/\/www.claret.cat\/es\/libro\/el-jorobado-de-notre-dame-9788435055758\/","title":{"rendered":"EL JOROBADO DE NOTRE DAME"},"content":{"rendered":"<p>En el Par\u00eds del siglo XV, con sus sombr\u00edas callejuelas pobladas por desheredados de la fortuna y esp\u00edritus atormentados, la gitana Esmeralda, que predice el porvenir y atrae fatalmente a los hombres, es acusada injustamente de la muerte de su amado y condenada al pat\u00edbulo. Pero Quasimodo, campanero de Notre Dame, hombre de fuerza herc\u00falea y horrible fealdad, esconde un coraz\u00f3n sensible y la salva resguard\u00e1ndola en la catedral.<\/p>\n<p> Publicada originalmente como Nuestra Se\u00f1ora de Par\u00eds, es \u00e9sta una historia que, a trav\u00e9s de la lectura, pero tambi\u00e9n del cine e incluso de los dibujos animados, ha llegado al coraz\u00f3n de muchas generaciones. De marcado car\u00e1cter rom\u00e1ntico, a caballo entre la novela hist\u00f3rica y la ficci\u00f3n literaria, V\u00edctor Hugo nos regala a tres personajes de leyenda: Esmeralda, mujer fatal; Frollo, archidi\u00e1cono maldito, y Quasimodo, jorobado y tuerto, de gran coraz\u00f3n. Y, como tel\u00f3n de fondo, una imponente catedral. Sin duda, una joya insoslayable de la literatura de todos los tiempos.<\/p>\n<p> En esta nueva traducci\u00f3n, Andr\u00e9s Ruiz Merino se ajusta al estilo de V\u00edctor Hugo d\u00e1ndole, al tiempo, una nueva vitalidad y dinamismo, propio de nuestros tiempos.<\/p>\n<p> \u00abEn El jorobado de Notre Dame aparecen por primera [\u2026] la arquitectura enigm\u00e1tica, los personajes perversos, el pasado magn\u00edfico de una ciudad con memoria y monumentos hermosos que se derrumban \u2013o incendian\u2013 bajo la desmemoria y el vendaval de los nuevos tiempos. Y, por supuesto, el amor desesperanzado, tr\u00e1gico, magn\u00edfico, entre la Bella y la Bestia\u00bb.<br \/> ARTURO P\u00c9REZ-REVERTE<\/p>\n","protected":false},"excerpt":{"rendered":"<p>HUGO, V\u00cdCTOR \/ P\u00c9REZ-REVERTE, ARTURO<\/p>\n","protected":false},"featured_media":413983,"template":"","meta":{"_acf_changed":false,"om_disable_all_campaigns":false,"rs_blank_template":"","rs_page_bg_color":"","slide_template_v7":"","inline_featured_image":false,"_monsterinsights_skip_tracking":false,"_monsterinsights_sitenote_active":false,"_monsterinsights_sitenote_note":"","_monsterinsights_sitenote_category":0},"product_brand":[],"product_cat":[354,123],"product_tag":[],"class_list":{"0":"post-413982","1":"product","2":"type-product","3":"status-publish","4":"has-post-thumbnail","6":"product_cat-clasica","7":"product_cat-classica","9":"first","10":"instock","11":"taxable","12":"shipping-taxable","13":"purchasable","14":"product-type-simple"},"acf":{"autor":"HUGO, V\u00cdCTOR \/ P\u00c9REZ-REVERTE, ARTURO","codart":"843505575","libros-coleccion":"FORA DE COL.LECCI\u00d3","ediciones":"1","encuadernacion":"R\u00fastica","fecha_de_publicacion":"01\/02\/2023","novedad":"1","paginas":"672","subtitulo":"","orden":"0","portada":"0","idioma":"spa","editorial":[{"ID":147773,"post_author":"3","post_date":"2022-10-14 11:53:07","post_date_gmt":"2022-10-14 09:53:07","post_content":"","post_title":"EDHASA","post_excerpt":"","post_status":"publish","comment_status":"closed","ping_status":"closed","post_password":"","post_name":"edhasa","to_ping":"","pinged":"","post_modified":"2022-10-14 11:53:07","post_modified_gmt":"2022-10-14 09:53:07","post_content_filtered":"","post_parent":0,"guid":"http:\/\/dev.claret.cat\/editorial\/edhasa\/","menu_order":0,"post_type":"editorial","post_mime_type":"","comment_count":"0","filter":"raw"}],"autores-libros":[{"ID":171016,"post_author":"3","post_date":"2022-10-14 22:40:00","post_date_gmt":"2022-10-14 20:40:00","post_content":"","post_title":"VICTOR HUGO","post_excerpt":"","post_status":"publish","comment_status":"closed","ping_status":"closed","post_password":"","post_name":"victor-hugo-2","to_ping":"","pinged":"","post_modified":"2022-10-14 22:40:00","post_modified_gmt":"2022-10-14 20:40:00","post_content_filtered":"","post_parent":0,"guid":"http:\/\/dev.claret.cat\/autor\/victor-hugo-2\/","menu_order":0,"post_type":"autor","post_mime_type":"","comment_count":"0","filter":"raw"},{"ID":151165,"post_author":"3","post_date":"2022-10-14 14:38:43","post_date_gmt":"2022-10-14 12:38:43","post_content":"","post_title":"ARTURO PEREZ-REVERTE","post_excerpt":"","post_status":"publish","comment_status":"closed","ping_status":"closed","post_password":"","post_name":"arturo-perez-reverte-2","to_ping":"","pinged":"","post_modified":"2022-10-14 14:38:43","post_modified_gmt":"2022-10-14 12:38:43","post_content_filtered":"","post_parent":0,"guid":"http:\/\/dev.claret.cat\/autor\/arturo-perez-reverte-2\/","menu_order":0,"post_type":"autor","post_mime_type":"","comment_count":"0","filter":"raw"}]},"aioseo_notices":[],"_links":{"self":[{"href":"https:\/\/www.claret.cat\/es\/wp-json\/wp\/v2\/product\/413982","targetHints":{"allow":["GET"]}}],"collection":[{"href":"https:\/\/www.claret.cat\/es\/wp-json\/wp\/v2\/product"}],"about":[{"href":"https:\/\/www.claret.cat\/es\/wp-json\/wp\/v2\/types\/product"}],"wp:featuredmedia":[{"embeddable":true,"href":"https:\/\/www.claret.cat\/es\/wp-json\/wp\/v2\/media\/413983"}],"wp:attachment":[{"href":"https:\/\/www.claret.cat\/es\/wp-json\/wp\/v2\/media?parent=413982"}],"wp:term":[{"taxonomy":"product_brand","embeddable":true,"href":"https:\/\/www.claret.cat\/es\/wp-json\/wp\/v2\/product_brand?post=413982"},{"taxonomy":"product_cat","embeddable":true,"href":"https:\/\/www.claret.cat\/es\/wp-json\/wp\/v2\/product_cat?post=413982"},{"taxonomy":"product_tag","embeddable":true,"href":"https:\/\/www.claret.cat\/es\/wp-json\/wp\/v2\/product_tag?post=413982"}],"curies":[{"name":"wp","href":"https:\/\/api.w.org\/{rel}","templated":true}]}}