{"id":414056,"date":"2023-03-24T13:30:55","date_gmt":"2023-03-24T12:30:55","guid":{"rendered":"https:\/\/www.claret.cat\/llibre\/abans-de-desembre-mesos-amb-tu-1-9788419169747\/"},"modified":"2026-01-28T17:41:00","modified_gmt":"2026-01-28T16:41:00","slug":"abans-de-desembre-mesos-amb-tu-1-9788419169747","status":"publish","type":"product","link":"https:\/\/www.claret.cat\/es\/libro\/abans-de-desembre-mesos-amb-tu-1-9788419169747\/","title":{"rendered":"ABANS DE DESEMBRE (MESOS AMB TU 1)"},"content":{"rendered":"<p>Una hist\u00f2ria d&#8221;amor i passi\u00f3 amb un compte enrere. Tot acabar\u00e0 Abans de desembre.   Una de les hist\u00f2ries d&#8221;amor m\u00e9s adictives de Wattpad. Per a la Jenna Brown, el seu primer any a la Universitat suposava allunyar-se de la seva fam\u00edlia i els seus amics i enfrontar-se al m\u00f3n per primera vegada.El seu xicot li havia deixat clares les seves intencions: a partir d&#8221;aquell moment, tenien una relaci\u00f3 a dist\u00e0ncia i oberta. Els dos podien fer el que volguessin, perqu\u00e8 sabien que s&#8221;estimaven l&#8221;un a l&#8221;altre. Aix\u00ed que no passava res si no deixava d&#8221;acostar-se al millor amic del xicot de la seva companya d&#8221;habitaci\u00f3, oi? De totes maneres, quina import\u00e0ncia tenia que estigu\u00e9s amb ell mentre no hi era el seu xicot? Tot tornaria a la normalitat al mes de desembre. Canviaria alguna cosa? Tenia fins llavors per descobrir-ho.<\/p>\n","protected":false},"excerpt":{"rendered":"<p>MARC\u00daS, JOANA<\/p>\n","protected":false},"featured_media":1079486,"template":"","meta":{"_acf_changed":false,"om_disable_all_campaigns":false,"rs_blank_template":"","rs_page_bg_color":"","slide_template_v7":"","inline_featured_image":false,"_monsterinsights_skip_tracking":false,"_monsterinsights_sitenote_active":false,"_monsterinsights_sitenote_note":"","_monsterinsights_sitenote_category":0},"product_brand":[],"product_cat":[133,566,117,363],"product_tag":[],"class_list":{"0":"post-414056","1":"product","2":"type-product","3":"status-publish","4":"has-post-thumbnail","6":"product_cat-lectures-per-adolescents-12-18-anys","7":"product_cat-juvenil-3_infantil-juvenil-spa-spa","8":"product_cat-juvenil","9":"product_cat-lecturas-por-adolescentes-12-18-anos","11":"first","12":"instock","13":"taxable","14":"shipping-taxable","15":"purchasable","16":"product-type-simple"},"acf":{"autor":"MARC\u00daS, JOANA","codart":"841916974","libros-coleccion":"","ediciones":"1","encuadernacion":"R\u00fastica","fecha_de_publicacion":"01\/04\/2022","novedad":"0","paginas":"0","subtitulo":"","orden":"0","portada":"0","idioma":"cat","editorial":[{"ID":6310,"post_author":"3","post_date":"2022-07-28 17:49:26","post_date_gmt":"2022-07-28 15:49:26","post_content":"","post_title":"MONTENA","post_excerpt":"","post_status":"publish","comment_status":"closed","ping_status":"closed","post_password":"","post_name":"montena","to_ping":"","pinged":"","post_modified":"2022-07-28 17:49:26","post_modified_gmt":"2022-07-28 15:49:26","post_content_filtered":"","post_parent":0,"guid":"http:\/\/dev.claret.cat\/editorial\/montena\/","menu_order":0,"post_type":"editorial","post_mime_type":"","comment_count":"0","filter":"raw"}],"autores-libros":[{"ID":5604,"post_author":"3","post_date":"2022-07-28 17:27:33","post_date_gmt":"2022-07-28 15:27:33","post_content":"","post_title":"JOANA MARC\u00daS","post_excerpt":"","post_status":"publish","comment_status":"closed","ping_status":"closed","post_password":"","post_name":"joana-marcus","to_ping":"","pinged":"","post_modified":"2022-07-28 17:27:33","post_modified_gmt":"2022-07-28 15:27:33","post_content_filtered":"","post_parent":0,"guid":"http:\/\/dev.claret.cat\/autor\/joana-marcus\/","menu_order":0,"post_type":"autor","post_mime_type":"","comment_count":"0","filter":"raw"}],"booktrailer":"","resenas":""},"aioseo_notices":[],"_links":{"self":[{"href":"https:\/\/www.claret.cat\/es\/wp-json\/wp\/v2\/product\/414056","targetHints":{"allow":["GET"]}}],"collection":[{"href":"https:\/\/www.claret.cat\/es\/wp-json\/wp\/v2\/product"}],"about":[{"href":"https:\/\/www.claret.cat\/es\/wp-json\/wp\/v2\/types\/product"}],"wp:featuredmedia":[{"embeddable":true,"href":"https:\/\/www.claret.cat\/es\/wp-json\/wp\/v2\/media\/1079486"}],"wp:attachment":[{"href":"https:\/\/www.claret.cat\/es\/wp-json\/wp\/v2\/media?parent=414056"}],"wp:term":[{"taxonomy":"product_brand","embeddable":true,"href":"https:\/\/www.claret.cat\/es\/wp-json\/wp\/v2\/product_brand?post=414056"},{"taxonomy":"product_cat","embeddable":true,"href":"https:\/\/www.claret.cat\/es\/wp-json\/wp\/v2\/product_cat?post=414056"},{"taxonomy":"product_tag","embeddable":true,"href":"https:\/\/www.claret.cat\/es\/wp-json\/wp\/v2\/product_tag?post=414056"}],"curies":[{"name":"wp","href":"https:\/\/api.w.org\/{rel}","templated":true}]}}