{"id":414059,"date":"2023-03-24T13:31:29","date_gmt":"2023-03-24T12:31:29","guid":{"rendered":"https:\/\/www.claret.cat\/llibre\/mortadello-i-filemo-mundial-2022-mestres-de-lhumor-60-9788402426963\/"},"modified":"2026-01-05T16:30:05","modified_gmt":"2026-01-05T15:30:05","slug":"mortadello-i-filemo-mundial-2022-mestres-de-lhumor-60-9788402426963","status":"publish","type":"product","link":"https:\/\/www.claret.cat\/es\/libro\/mortadello-i-filemo-mundial-2022-mestres-de-lhumor-60-9788402426963\/","title":{"rendered":"MORTADEL\u00b7LO I FILEM\u00d3. MUNDIAL 2022 (MESTRES DE L&#8217;HUMOR 60)"},"content":{"rendered":"<p>Mortadel\u00b7lo i Filem\u00f3 salten de nou al terreny de joc amb motiu dels mundials de futbol de 2022. Cada quatre anys, amb motiu de la celebraci\u00f3 dels mundials de futbol, Mortadel\u00b7lo i Filem\u00f3 viuen les seves aventures al pa\u00eds amfitri\u00f3. En aquesta ocasi\u00f3, els famosos agents de la T.I.A. viatjaran a Qatar, on tindr\u00e0 lloc el Mundial de Futbol 2022. I, com sempre, aconseguiran que el campionat sigui s\u00faper divertit!El S\u00faper truca a Mortadel\u00b7lo i Filem\u00f3 per encarregar-los una nova missi\u00f3: hauran d&#8217;anar al mundial de futbol de Qatar per desarticular un grup de revolucionaris que pretenen enderrocar a l&#8217;Emir i fer-se amb el poder. Per aconseguir-ho, compten amb mosquits salvatges que alliberaran als estadis, de tal manera que picaran als futbolistes per deixar-los fora de combat.<\/p>\n","protected":false},"excerpt":{"rendered":"<p>IB\u00c1\u00d1EZ, FRANCISCO<\/p>\n","protected":false},"featured_media":1072284,"template":"","meta":{"_acf_changed":false,"om_disable_all_campaigns":false,"rs_blank_template":"","rs_page_bg_color":"","slide_template_v7":"","inline_featured_image":false,"_monsterinsights_skip_tracking":false,"_monsterinsights_sitenote_active":false,"_monsterinsights_sitenote_note":"","_monsterinsights_sitenote_category":0},"product_brand":[],"product_cat":[108,558],"product_tag":[],"class_list":{"0":"post-414059","1":"product","2":"type-product","3":"status-publish","4":"has-post-thumbnail","6":"product_cat-comic","7":"product_cat-comic-3_infantil-juvenil-spa-spa","9":"first","10":"instock","11":"taxable","12":"shipping-taxable","13":"purchasable","14":"product-type-simple"},"acf":{"autor":"IB\u00c1\u00d1EZ, FRANCISCO","codart":"840242696","libros-coleccion":"","ediciones":"1","encuadernacion":"Carton\u00e9","fecha_de_publicacion":"01\/11\/2022","novedad":"1","paginas":"48","subtitulo":"","orden":"0","portada":"0","idioma":"cat","editorial":[{"ID":147572,"post_author":"3","post_date":"2022-10-14 11:51:36","post_date_gmt":"2022-10-14 09:51:36","post_content":"","post_title":"BRUGUERA, EDITORIAL","post_excerpt":"","post_status":"publish","comment_status":"closed","ping_status":"closed","post_password":"","post_name":"bruguera-editorial","to_ping":"","pinged":"","post_modified":"2022-10-14 11:51:36","post_modified_gmt":"2022-10-14 09:51:36","post_content_filtered":"","post_parent":0,"guid":"http:\/\/dev.claret.cat\/editorial\/bruguera-editorial\/","menu_order":0,"post_type":"editorial","post_mime_type":"","comment_count":"0","filter":"raw"}],"autores-libros":[{"ID":156255,"post_author":"3","post_date":"2022-10-14 15:19:21","post_date_gmt":"2022-10-14 13:19:21","post_content":"","post_title":"FRANCISCO IBA\u00d1EZ","post_excerpt":"","post_status":"publish","comment_status":"closed","ping_status":"closed","post_password":"","post_name":"francisco-ibanez","to_ping":"","pinged":"","post_modified":"2022-10-14 15:19:21","post_modified_gmt":"2022-10-14 13:19:21","post_content_filtered":"","post_parent":0,"guid":"http:\/\/dev.claret.cat\/autor\/francisco-ibanez\/","menu_order":0,"post_type":"autor","post_mime_type":"","comment_count":"0","filter":"raw"}],"booktrailer":"","resenas":""},"aioseo_notices":[],"_links":{"self":[{"href":"https:\/\/www.claret.cat\/es\/wp-json\/wp\/v2\/product\/414059","targetHints":{"allow":["GET"]}}],"collection":[{"href":"https:\/\/www.claret.cat\/es\/wp-json\/wp\/v2\/product"}],"about":[{"href":"https:\/\/www.claret.cat\/es\/wp-json\/wp\/v2\/types\/product"}],"wp:featuredmedia":[{"embeddable":true,"href":"https:\/\/www.claret.cat\/es\/wp-json\/wp\/v2\/media\/1072284"}],"wp:attachment":[{"href":"https:\/\/www.claret.cat\/es\/wp-json\/wp\/v2\/media?parent=414059"}],"wp:term":[{"taxonomy":"product_brand","embeddable":true,"href":"https:\/\/www.claret.cat\/es\/wp-json\/wp\/v2\/product_brand?post=414059"},{"taxonomy":"product_cat","embeddable":true,"href":"https:\/\/www.claret.cat\/es\/wp-json\/wp\/v2\/product_cat?post=414059"},{"taxonomy":"product_tag","embeddable":true,"href":"https:\/\/www.claret.cat\/es\/wp-json\/wp\/v2\/product_tag?post=414059"}],"curies":[{"name":"wp","href":"https:\/\/api.w.org\/{rel}","templated":true}]}}