{"id":414063,"date":"2023-03-24T13:35:02","date_gmt":"2023-03-24T12:35:02","guid":{"rendered":"https:\/\/www.claret.cat\/llibre\/africanus-novela-grafica-9788466669863\/"},"modified":"2023-10-11T03:29:00","modified_gmt":"2023-10-11T01:29:00","slug":"africanus-novela-grafica-9788466669863","status":"publish","type":"product","link":"https:\/\/www.claret.cat\/es\/libro\/africanus-novela-grafica-9788466669863\/","title":{"rendered":"AFRICANUS. NOVELA GR\u00c1FICA"},"content":{"rendered":"<p>La obra maestra de la novela hist\u00f3rica A finales del siglo III a. C., Roma se encontraba al borde de la destrucci\u00f3n total, a punto de ser aniquilada por los ej\u00e9rcitos cartagineses al mando de uno de los mejores estrategas militares de todos los tiempos: An\u00edbal. Su alianza con Filipo V de Macedonia, que pretend\u00eda la aniquilaci\u00f3n de Roma como Estado y el reparto del mundo conocido entre las potencias de Cartago y Macedonia, constitu\u00eda una fuerza imparable que, de haber conseguido sus objetivos, habr\u00eda determinado para siempre el devenir de Occidente. Pero el azar y la fortuna intervinieron para que las cosas fueran de otro modo. Pocos a\u00f1os antes del estallido del m\u00e1s cruento conflicto b\u00e9lico que se hubiera vivido en Roma, naci\u00f3 un ni\u00f1o que estaba destinado a cambiar el curso de la Historia: Publio Cornelio Escipi\u00f3n, a quien se conocer\u00e1 como Africanus.Basada en la novela hom\u00f3nima de Santiago Posteguillo, Iv\u00e1n Garc\u00eda y Daniel Dom\u00ednguez -a cargo de la ilustraci\u00f3n y de la adaptaci\u00f3n del guion, respectivamente- reelaboran en estas p\u00e1ginas la aventura de infancia y juventud de uno de los personajes m\u00e1s influyentes de la Historia.<\/p>\n","protected":false},"excerpt":{"rendered":"<p>POSTEGUILLO, SANTIAGO \/ GARC\u00cdA POZO, IV\u00c1N \/ DOM\u00cdNGUEZ, DAVID<\/p>\n","protected":false},"featured_media":414064,"template":"","meta":{"_acf_changed":false,"om_disable_all_campaigns":false,"rs_blank_template":"","rs_page_bg_color":"","slide_template_v7":"","inline_featured_image":false,"_monsterinsights_skip_tracking":false,"_monsterinsights_sitenote_active":false,"_monsterinsights_sitenote_note":"","_monsterinsights_sitenote_category":0},"product_brand":[],"product_cat":[108,558],"product_tag":[],"class_list":{"0":"post-414063","1":"product","2":"type-product","3":"status-publish","4":"has-post-thumbnail","6":"product_cat-comic","7":"product_cat-comic-3_infantil-juvenil-spa-spa","9":"first","10":"instock","11":"taxable","12":"shipping-taxable","13":"purchasable","14":"product-type-simple"},"acf":{"autor":"POSTEGUILLO, SANTIAGO \/ GARC\u00cdA POZO, IV\u00c1N \/ DOM\u00cdNGUEZ, DAVID","codart":"846666986","libros-coleccion":"HIST\u00d3RICA","ediciones":"1","encuadernacion":"Carton\u00e9","fecha_de_publicacion":"01\/02\/2023","novedad":"1","paginas":"0","subtitulo":"","orden":"0","portada":"0","idioma":"spa","editorial":[{"ID":6200,"post_author":"3","post_date":"2022-07-28 17:47:00","post_date_gmt":"2022-07-28 15:47:00","post_content":"","post_title":"EDICIONES B","post_excerpt":"","post_status":"publish","comment_status":"closed","ping_status":"closed","post_password":"","post_name":"ediciones-b","to_ping":"","pinged":"","post_modified":"2022-07-28 17:47:00","post_modified_gmt":"2022-07-28 15:47:00","post_content_filtered":"","post_parent":0,"guid":"http:\/\/dev.claret.cat\/editorial\/ediciones-b\/","menu_order":0,"post_type":"editorial","post_mime_type":"","comment_count":"0","filter":"raw"}],"autores-libros":[{"ID":6019,"post_author":"3","post_date":"2022-07-28 17:36:26","post_date_gmt":"2022-07-28 15:36:26","post_content":"","post_title":"SANTIAGO POSTEGUILLO","post_excerpt":"","post_status":"publish","comment_status":"closed","ping_status":"closed","post_password":"","post_name":"santiago-posteguillo","to_ping":"","pinged":"","post_modified":"2022-07-28 17:36:26","post_modified_gmt":"2022-07-28 15:36:26","post_content_filtered":"","post_parent":0,"guid":"http:\/\/dev.claret.cat\/autor\/santiago-posteguillo\/","menu_order":0,"post_type":"autor","post_mime_type":"","comment_count":"0","filter":"raw"},{"ID":153798,"post_author":"3","post_date":"2022-10-14 14:59:37","post_date_gmt":"2022-10-14 12:59:37","post_content":"","post_title":"DAVID DOM\u00cdNGUEZ","post_excerpt":"","post_status":"publish","comment_status":"closed","ping_status":"closed","post_password":"","post_name":"david-dominguez","to_ping":"","pinged":"","post_modified":"2022-10-14 14:59:37","post_modified_gmt":"2022-10-14 12:59:37","post_content_filtered":"","post_parent":0,"guid":"http:\/\/dev.claret.cat\/autor\/david-dominguez\/","menu_order":0,"post_type":"autor","post_mime_type":"","comment_count":"0","filter":"raw"},{"ID":414062,"post_author":"3","post_date":"2023-03-24 13:31:38","post_date_gmt":"2023-03-24 12:31:38","post_content":"","post_title":"IV\u00c1N GARC\u00cdA POZO","post_excerpt":"","post_status":"publish","comment_status":"closed","ping_status":"closed","post_password":"","post_name":"ivan-garcia-pozo","to_ping":"","pinged":"","post_modified":"2023-03-24 13:31:38","post_modified_gmt":"2023-03-24 12:31:38","post_content_filtered":"","post_parent":0,"guid":"https:\/\/www.claret.cat\/autor\/ivan-garcia-pozo\/","menu_order":0,"post_type":"autor","post_mime_type":"","comment_count":"0","filter":"raw"}]},"aioseo_notices":[],"_links":{"self":[{"href":"https:\/\/www.claret.cat\/es\/wp-json\/wp\/v2\/product\/414063","targetHints":{"allow":["GET"]}}],"collection":[{"href":"https:\/\/www.claret.cat\/es\/wp-json\/wp\/v2\/product"}],"about":[{"href":"https:\/\/www.claret.cat\/es\/wp-json\/wp\/v2\/types\/product"}],"wp:featuredmedia":[{"embeddable":true,"href":"https:\/\/www.claret.cat\/es\/wp-json\/wp\/v2\/media\/414064"}],"wp:attachment":[{"href":"https:\/\/www.claret.cat\/es\/wp-json\/wp\/v2\/media?parent=414063"}],"wp:term":[{"taxonomy":"product_brand","embeddable":true,"href":"https:\/\/www.claret.cat\/es\/wp-json\/wp\/v2\/product_brand?post=414063"},{"taxonomy":"product_cat","embeddable":true,"href":"https:\/\/www.claret.cat\/es\/wp-json\/wp\/v2\/product_cat?post=414063"},{"taxonomy":"product_tag","embeddable":true,"href":"https:\/\/www.claret.cat\/es\/wp-json\/wp\/v2\/product_tag?post=414063"}],"curies":[{"name":"wp","href":"https:\/\/api.w.org\/{rel}","templated":true}]}}