{"id":414075,"date":"2023-03-24T14:35:11","date_gmt":"2023-03-24T13:35:11","guid":{"rendered":"https:\/\/www.claret.cat\/llibre\/rima-que-rima-9788469891063\/"},"modified":"2024-06-03T11:41:56","modified_gmt":"2024-06-03T09:41:56","slug":"rima-que-rima-9788469891063","status":"publish","type":"product","link":"https:\/\/www.claret.cat\/es\/libro\/rima-que-rima-9788469891063\/","title":{"rendered":"RIMA QUE RIMA"},"content":{"rendered":"<p>Pareados con mucho ritmo para descubrir los animales de la granja, los juguetes, qu\u00e9 se esconde en los bosques, los secretos del cielo, los animales salvajes, los deportes y las profesiones. Los pareados son una fuente de aprendizaje muy \u00fatil: gracias a su ritmo y su brevedad, son f\u00e1ciles de memorizar y divertidos de leer en voz alta. En letra may\u00fascula y letra ligada para los que empiezan a leer.<\/p>\n","protected":false},"excerpt":{"rendered":"<p>MART\u00cd I BERTRAN, PERE<\/p>\n","protected":false},"featured_media":414076,"template":"","meta":{"_acf_changed":false,"om_disable_all_campaigns":false,"rs_blank_template":"","rs_page_bg_color":"","slide_template_v7":"","inline_featured_image":false,"_monsterinsights_skip_tracking":false,"_monsterinsights_sitenote_active":false,"_monsterinsights_sitenote_note":"","_monsterinsights_sitenote_category":0},"product_brand":[],"product_cat":[90,540],"product_tag":[],"class_list":{"0":"post-414075","1":"product","2":"type-product","3":"status-publish","4":"has-post-thumbnail","6":"product_cat-altres","7":"product_cat-otros","9":"first","10":"instock","11":"taxable","12":"shipping-taxable","13":"purchasable","14":"product-type-simple"},"acf":{"autor":"MART\u00cd I BERTRAN, PERE","codart":"846989106","libros-coleccion":"FORA DE COL.LECCI\u00d3","ediciones":"1","encuadernacion":"Carton\u00e9","fecha_de_publicacion":"01\/10\/2022","novedad":"1","paginas":"176","subtitulo":"VERSOS PARA EMPEZAR A LEER","orden":"0","portada":"0","idioma":"spa","editorial":[{"ID":147432,"post_author":"3","post_date":"2022-10-14 11:50:32","post_date_gmt":"2022-10-14 09:50:32","post_content":"","post_title":"ANAYA EDUCACI\u00d3N","post_excerpt":"","post_status":"publish","comment_status":"closed","ping_status":"closed","post_password":"","post_name":"anaya-educacion","to_ping":"","pinged":"","post_modified":"2022-10-14 11:50:32","post_modified_gmt":"2022-10-14 09:50:32","post_content_filtered":"","post_parent":0,"guid":"http:\/\/dev.claret.cat\/editorial\/anaya-educacion\/","menu_order":0,"post_type":"editorial","post_mime_type":"","comment_count":"0","filter":"raw"}],"autores-libros":[{"ID":167033,"post_author":"3","post_date":"2022-10-14 18:08:00","post_date_gmt":"2022-10-14 16:08:00","post_content":"","post_title":"PERE MARTI I BERTRAN","post_excerpt":"","post_status":"publish","comment_status":"closed","ping_status":"closed","post_password":"","post_name":"pere-marti-i-bertran","to_ping":"","pinged":"","post_modified":"2022-10-14 18:08:00","post_modified_gmt":"2022-10-14 16:08:00","post_content_filtered":"","post_parent":0,"guid":"http:\/\/dev.claret.cat\/autor\/pere-marti-i-bertran\/","menu_order":0,"post_type":"autor","post_mime_type":"","comment_count":"0","filter":"raw"}]},"aioseo_notices":[],"_links":{"self":[{"href":"https:\/\/www.claret.cat\/es\/wp-json\/wp\/v2\/product\/414075","targetHints":{"allow":["GET"]}}],"collection":[{"href":"https:\/\/www.claret.cat\/es\/wp-json\/wp\/v2\/product"}],"about":[{"href":"https:\/\/www.claret.cat\/es\/wp-json\/wp\/v2\/types\/product"}],"wp:featuredmedia":[{"embeddable":true,"href":"https:\/\/www.claret.cat\/es\/wp-json\/wp\/v2\/media\/414076"}],"wp:attachment":[{"href":"https:\/\/www.claret.cat\/es\/wp-json\/wp\/v2\/media?parent=414075"}],"wp:term":[{"taxonomy":"product_brand","embeddable":true,"href":"https:\/\/www.claret.cat\/es\/wp-json\/wp\/v2\/product_brand?post=414075"},{"taxonomy":"product_cat","embeddable":true,"href":"https:\/\/www.claret.cat\/es\/wp-json\/wp\/v2\/product_cat?post=414075"},{"taxonomy":"product_tag","embeddable":true,"href":"https:\/\/www.claret.cat\/es\/wp-json\/wp\/v2\/product_tag?post=414075"}],"curies":[{"name":"wp","href":"https:\/\/api.w.org\/{rel}","templated":true}]}}